{"id":366,"date":"2015-02-14T18:24:28","date_gmt":"2015-02-14T18:24:28","guid":{"rendered":"https:\/\/magoezequias.com.ar\/tienda\/?post_type=product&#038;p=366"},"modified":"2019-11-25T14:49:22","modified_gmt":"2019-11-25T14:49:22","slug":"panuelo-bombacha","status":"publish","type":"product","link":"https:\/\/magoezequias.com.ar\/tienda\/producto\/panuelo-bombacha","title":{"rendered":"Pa\u00f1uelo Bombacha"},"content":{"rendered":"<p><a href=\"https:\/\/magoezequias.com.ar\/tienda\/wp-content\/uploads\/2015\/02\/pa\u00f1uelo-bombacha-2.jpg\"><img fetchpriority=\"high\" decoding=\"async\" class=\"aligncenter size-full wp-image-1526\" src=\"https:\/\/magoezequias.com.ar\/tienda\/wp-content\/uploads\/2015\/02\/pa\u00f1uelo-bombacha-2.jpg\" alt=\"\" width=\"743\" height=\"675\" srcset=\"https:\/\/magoezequias.com.ar\/tienda\/wp-content\/uploads\/2015\/02\/pa\u00f1uelo-bombacha-2.jpg 743w, https:\/\/magoezequias.com.ar\/tienda\/wp-content\/uploads\/2015\/02\/pa\u00f1uelo-bombacha-2-300x273.jpg 300w\" sizes=\"(max-width: 743px) 100vw, 743px\" \/><\/a><\/p>\n<p>El mago muestra un pa\u00f1uelo de seda de de color rojo de unos 20 cm. de lado, se lo entrega a un espectador para que lo sujete fuertemente y le pide que piense en algo que \u00e9l desee.<\/p>\n<p>&nbsp;<\/p>\n<p>Luego de unos segundos el espectador abre la mano y al extender el pa\u00f1uelo, este se ha transformado en una bombacha roja.<\/p>\n<p>&nbsp;<\/p>\n<p>Muy f\u00e1cil de realizar. Incluye el pa\u00f1uelo de seda de unos 20 cm. de lado, una bombacha confeccionada con la misma seda y un gimmick (Falso pulgar peque\u00f1o) que le permitir\u00e1 realizar el efecto.<\/p>\n<p>&nbsp;<\/p>\n<p><iframe src=\"https:\/\/www.youtube.com\/embed\/PgPZg-VHO24\" width=\"560\" height=\"315\" frameborder=\"0\" allowfullscreen=\"allowfullscreen\"><\/iframe><\/p>\n","protected":false},"excerpt":{"rendered":"<p>Magia y comedia en un acto que puede llevar en su bolsillo.<\/p>\n","protected":false},"featured_media":1526,"comment_status":"open","ping_status":"closed","template":"","meta":[],"product_brand":[],"product_cat":[10,319,9],"product_tag":[182,52,183],"class_list":{"0":"post-366","1":"product","2":"type-product","3":"status-publish","4":"has-post-thumbnail","6":"product_cat-escena","7":"product_cat-principiantes","8":"product_cat-salon","9":"product_tag-bombacha","10":"product_tag-panuelo","11":"product_tag-seda","13":"first","14":"instock","15":"shipping-taxable","16":"purchasable","17":"product-type-simple"},"aioseo_notices":[],"_links":{"self":[{"href":"https:\/\/magoezequias.com.ar\/tienda\/wp-json\/wp\/v2\/product\/366","targetHints":{"allow":["GET"]}}],"collection":[{"href":"https:\/\/magoezequias.com.ar\/tienda\/wp-json\/wp\/v2\/product"}],"about":[{"href":"https:\/\/magoezequias.com.ar\/tienda\/wp-json\/wp\/v2\/types\/product"}],"replies":[{"embeddable":true,"href":"https:\/\/magoezequias.com.ar\/tienda\/wp-json\/wp\/v2\/comments?post=366"}],"version-history":[{"count":0,"href":"https:\/\/magoezequias.com.ar\/tienda\/wp-json\/wp\/v2\/product\/366\/revisions"}],"wp:featuredmedia":[{"embeddable":true,"href":"https:\/\/magoezequias.com.ar\/tienda\/wp-json\/wp\/v2\/media\/1526"}],"wp:attachment":[{"href":"https:\/\/magoezequias.com.ar\/tienda\/wp-json\/wp\/v2\/media?parent=366"}],"wp:term":[{"taxonomy":"product_brand","embeddable":true,"href":"https:\/\/magoezequias.com.ar\/tienda\/wp-json\/wp\/v2\/product_brand?post=366"},{"taxonomy":"product_cat","embeddable":true,"href":"https:\/\/magoezequias.com.ar\/tienda\/wp-json\/wp\/v2\/product_cat?post=366"},{"taxonomy":"product_tag","embeddable":true,"href":"https:\/\/magoezequias.com.ar\/tienda\/wp-json\/wp\/v2\/product_tag?post=366"}],"curies":[{"name":"wp","href":"https:\/\/api.w.org\/{rel}","templated":true}]}}