{"id":371,"date":"2015-02-14T18:42:10","date_gmt":"2015-02-14T18:42:10","guid":{"rendered":"https:\/\/magoezequias.com.ar\/tienda\/?post_type=product&#038;p=371"},"modified":"2019-11-20T02:40:05","modified_gmt":"2019-11-20T02:40:05","slug":"magnetion-con-dvd","status":"publish","type":"product","link":"https:\/\/magoezequias.com.ar\/tienda\/producto\/magnetion-con-dvd","title":{"rendered":"Magnetion con DVD"},"content":{"rendered":"<p><a href=\"https:\/\/magoezequias.com.ar\/tienda\/wp-content\/uploads\/2015\/02\/magnetion_marcius.jpg\"><img fetchpriority=\"high\" decoding=\"async\" class=\"alignnone size-full wp-image-372\" src=\"https:\/\/magoezequias.com.ar\/tienda\/wp-content\/uploads\/2015\/02\/magnetion_marcius.jpg\" alt=\"magnetion_marcius\" width=\"331\" height=\"448\" srcset=\"https:\/\/magoezequias.com.ar\/tienda\/wp-content\/uploads\/2015\/02\/magnetion_marcius.jpg 331w, https:\/\/magoezequias.com.ar\/tienda\/wp-content\/uploads\/2015\/02\/magnetion_marcius-221x300.jpg 221w, https:\/\/magoezequias.com.ar\/tienda\/wp-content\/uploads\/2015\/02\/magnetion_marcius-300x406.jpg 300w\" sizes=\"(max-width: 331px) 100vw, 331px\" \/><\/a><\/p>\n<p>&nbsp;<\/p>\n<p>Un gimmick fant\u00e1stico de la mano de Marcius. Magnetion te permite a\u00f1adir secretamente cartas a una baraja, cambiarlas, retirarlas.<\/p>\n<p>Es \u00fatil tambi\u00e9n para predicciones, forzajes y multitud de efectos. La sencillez del manejo unida a una cuidada construcci\u00f3n har\u00e1 que nunca dejes Magnetion en casa.<\/p>\n<p>Este gimmick permite predicciones, cambios de color de mazo, viajes de cartas. Ideal para ambiciosa, recomposici\u00f3n de naipe o cambios de carta y apariciones de ases.<\/p>\n<p>Una rutina posible es en la que el mago extiende la baraja en abanico, solicita a un espectador que toque cuatro naipes, separ\u00e1ndolos de la baraja y coloc\u00e1ndolos encima de la baraja. M\u00e1gicamente los cuatro naipes elegidos resultan ser los cuatro ases.<\/p>\n<p>Incluye DVD con varias rutinas.<\/p>\n<p><iframe src=\"https:\/\/www.youtube.com\/embed\/rcv_QnHZuDc\" width=\"420\" height=\"315\" frameborder=\"0\" allowfullscreen=\"allowfullscreen\"><\/iframe><\/p>\n<p>&nbsp;<\/p>\n<p>&nbsp;<\/p>\n","protected":false},"excerpt":{"rendered":"<p>Con este maravilloso gimmick usted podr\u00e1 realizar infinidad de efectos.<\/p>\n","protected":false},"featured_media":372,"comment_status":"open","ping_status":"closed","template":"","meta":[],"product_brand":[],"product_cat":[7,12,11],"product_tag":[],"class_list":{"0":"post-371","1":"product","2":"type-product","3":"status-publish","4":"has-post-thumbnail","6":"product_cat-accesorios","7":"product_cat-cartomagia","8":"product_cat-close-up","10":"first","11":"outofstock","12":"shipping-taxable","13":"purchasable","14":"product-type-simple"},"aioseo_notices":[],"_links":{"self":[{"href":"https:\/\/magoezequias.com.ar\/tienda\/wp-json\/wp\/v2\/product\/371","targetHints":{"allow":["GET"]}}],"collection":[{"href":"https:\/\/magoezequias.com.ar\/tienda\/wp-json\/wp\/v2\/product"}],"about":[{"href":"https:\/\/magoezequias.com.ar\/tienda\/wp-json\/wp\/v2\/types\/product"}],"replies":[{"embeddable":true,"href":"https:\/\/magoezequias.com.ar\/tienda\/wp-json\/wp\/v2\/comments?post=371"}],"version-history":[{"count":0,"href":"https:\/\/magoezequias.com.ar\/tienda\/wp-json\/wp\/v2\/product\/371\/revisions"}],"wp:featuredmedia":[{"embeddable":true,"href":"https:\/\/magoezequias.com.ar\/tienda\/wp-json\/wp\/v2\/media\/372"}],"wp:attachment":[{"href":"https:\/\/magoezequias.com.ar\/tienda\/wp-json\/wp\/v2\/media?parent=371"}],"wp:term":[{"taxonomy":"product_brand","embeddable":true,"href":"https:\/\/magoezequias.com.ar\/tienda\/wp-json\/wp\/v2\/product_brand?post=371"},{"taxonomy":"product_cat","embeddable":true,"href":"https:\/\/magoezequias.com.ar\/tienda\/wp-json\/wp\/v2\/product_cat?post=371"},{"taxonomy":"product_tag","embeddable":true,"href":"https:\/\/magoezequias.com.ar\/tienda\/wp-json\/wp\/v2\/product_tag?post=371"}],"curies":[{"name":"wp","href":"https:\/\/api.w.org\/{rel}","templated":true}]}}