{"id":374,"date":"2015-02-19T20:50:51","date_gmt":"2015-02-19T20:50:51","guid":{"rendered":"https:\/\/magoezequias.com.ar\/tienda\/?post_type=product&#038;p=374"},"modified":"2025-04-03T19:52:26","modified_gmt":"2025-04-03T22:52:26","slug":"conejo-a-payaso","status":"publish","type":"product","link":"https:\/\/magoezequias.com.ar\/tienda\/producto\/conejo-a-payaso","title":{"rendered":"Conejo a Payaso"},"content":{"rendered":"<p><a href=\"https:\/\/magoezequias.com.ar\/tienda\/wp-content\/uploads\/2015\/02\/conejo-a-payaso.jpg\"><img fetchpriority=\"high\" decoding=\"async\" class=\"alignnone size-full wp-image-375\" src=\"https:\/\/magoezequias.com.ar\/tienda\/wp-content\/uploads\/2015\/02\/conejo-a-payaso.jpg\" alt=\"conejo a payaso\" width=\"684\" height=\"391\" srcset=\"https:\/\/magoezequias.com.ar\/tienda\/wp-content\/uploads\/2015\/02\/conejo-a-payaso.jpg 684w, https:\/\/magoezequias.com.ar\/tienda\/wp-content\/uploads\/2015\/02\/conejo-a-payaso-300x171.jpg 300w\" sizes=\"(max-width: 684px) 100vw, 684px\" \/><\/a><\/p>\n<p>&nbsp;<\/p>\n<p>El mago presenta a su conejo de color blanco, el cual vive en una galera. Afirma que con la ayuda de un espectador lograr\u00e1 que se transforme en el primo del conejo, que es una liebre (o que al propio conejo lo cambiar\u00e1 de color).<\/p>\n<p>&nbsp;<\/p>\n<p>El mago pasa el conejo por detr\u00e1s suyo y cambia de color&#8230; repite las acciones y vuelve a cambiar de color.<\/p>\n<p>&nbsp;<\/p>\n<p>All\u00ed sus espectadores comenzar\u00e1n a decir que est\u00e1 haciendo trampa y pedir\u00e1n que no lo pase por detr\u00e1s suyo. Ante esto decide ejecutarlo sin pasarlo por atr\u00e1s&#8230; pero el p\u00edcaro mago lo cubre con un pa\u00f1uelo y vuelve a cambiar de color.<\/p>\n<p>&nbsp;<\/p>\n<p>Los ni\u00f1os ya sospechar\u00e1n del m\u00e9todo que usa el mago y estar\u00e1n a los gritos diciendo que todo es una trampa&#8230;. pero el mago continua y vuelve \u00a0a cambiarlo de color.<\/p>\n<p>&nbsp;<\/p>\n<p>Ante los reclamos decide sacar el conejo de la galera y mostrar que es todo blanco&#8230; los ni\u00f1os pedir\u00e1n que lo de vuelta y supondr\u00e1n que del otro lado es de un color diferente&#8230; pero grande ser\u00e1 la sorpresa de todos cuando del otro lado se ver\u00e1 un simp\u00e1tico y colorido payaso.<\/p>\n<p>&nbsp;<\/p>\n<p>Un cl\u00e1sico de la magia infantil, construido totalmente en madera, s\u00faper resistente para un uso intensivo y plano para que no nos ocupe lugar al trasportarlo. Un juego muy visual de 28 cm de alto por 19 de ancho.<\/p>\n<p>&nbsp;<\/p>\n<p>&nbsp;<\/p>\n<p>&nbsp;<\/p>\n","protected":false},"excerpt":{"rendered":"<p>Un juego ideal para magia infantil&#8230; Muy sencillo de ejecutar y con mucha comedia.<\/p>\n","protected":false},"featured_media":375,"comment_status":"open","ping_status":"closed","template":"","meta":[],"product_brand":[],"product_cat":[60,8],"product_tag":[186,17,188,15,187,14,185],"class_list":{"0":"post-374","1":"product","2":"type-product","3":"status-publish","4":"has-post-thumbnail","6":"product_cat-ezequias-2","7":"product_cat-infantil","8":"product_tag-conejo","9":"product_tag-ezequias","10":"product_tag-galera","11":"product_tag-infantil-2","12":"product_tag-liebre","13":"product_tag-magia","14":"product_tag-magic","16":"first","17":"instock","18":"shipping-taxable","19":"purchasable","20":"product-type-simple"},"aioseo_notices":[],"_links":{"self":[{"href":"https:\/\/magoezequias.com.ar\/tienda\/wp-json\/wp\/v2\/product\/374","targetHints":{"allow":["GET"]}}],"collection":[{"href":"https:\/\/magoezequias.com.ar\/tienda\/wp-json\/wp\/v2\/product"}],"about":[{"href":"https:\/\/magoezequias.com.ar\/tienda\/wp-json\/wp\/v2\/types\/product"}],"replies":[{"embeddable":true,"href":"https:\/\/magoezequias.com.ar\/tienda\/wp-json\/wp\/v2\/comments?post=374"}],"version-history":[{"count":0,"href":"https:\/\/magoezequias.com.ar\/tienda\/wp-json\/wp\/v2\/product\/374\/revisions"}],"wp:featuredmedia":[{"embeddable":true,"href":"https:\/\/magoezequias.com.ar\/tienda\/wp-json\/wp\/v2\/media\/375"}],"wp:attachment":[{"href":"https:\/\/magoezequias.com.ar\/tienda\/wp-json\/wp\/v2\/media?parent=374"}],"wp:term":[{"taxonomy":"product_brand","embeddable":true,"href":"https:\/\/magoezequias.com.ar\/tienda\/wp-json\/wp\/v2\/product_brand?post=374"},{"taxonomy":"product_cat","embeddable":true,"href":"https:\/\/magoezequias.com.ar\/tienda\/wp-json\/wp\/v2\/product_cat?post=374"},{"taxonomy":"product_tag","embeddable":true,"href":"https:\/\/magoezequias.com.ar\/tienda\/wp-json\/wp\/v2\/product_tag?post=374"}],"curies":[{"name":"wp","href":"https:\/\/api.w.org\/{rel}","templated":true}]}}