{"id":409,"date":"2015-04-19T17:33:50","date_gmt":"2015-04-19T17:33:50","guid":{"rendered":"https:\/\/magoezequias.com.ar\/tienda\/?post_type=product&#038;p=409"},"modified":"2019-11-20T02:37:12","modified_gmt":"2019-11-20T02:37:12","slug":"bolsa-luliput-doble-cambio-de-lujo","status":"publish","type":"product","link":"https:\/\/magoezequias.com.ar\/tienda\/producto\/bolsa-luliput-doble-cambio-de-lujo","title":{"rendered":"Bolsa luliput doble cambio de lujo"},"content":{"rendered":"<p><a href=\"https:\/\/magoezequias.com.ar\/tienda\/wp-content\/uploads\/2015\/04\/Bolsa-luliput-doble-cambio-de-lujos.jpg\"><img fetchpriority=\"high\" decoding=\"async\" class=\"alignnone size-full wp-image-408\" src=\"https:\/\/magoezequias.com.ar\/tienda\/wp-content\/uploads\/2015\/04\/Bolsa-luliput-doble-cambio-de-lujos.jpg\" alt=\"Bolsa luliput doble cambio de lujos\" width=\"336\" height=\"340\" srcset=\"https:\/\/magoezequias.com.ar\/tienda\/wp-content\/uploads\/2015\/04\/Bolsa-luliput-doble-cambio-de-lujos.jpg 336w, https:\/\/magoezequias.com.ar\/tienda\/wp-content\/uploads\/2015\/04\/Bolsa-luliput-doble-cambio-de-lujos-296x300.jpg 296w, https:\/\/magoezequias.com.ar\/tienda\/wp-content\/uploads\/2015\/04\/Bolsa-luliput-doble-cambio-de-lujos-300x304.jpg 300w, https:\/\/magoezequias.com.ar\/tienda\/wp-content\/uploads\/2015\/04\/Bolsa-luliput-doble-cambio-de-lujos-90x90.jpg 90w\" sizes=\"(max-width: 336px) 100vw, 336px\" \/><\/a><\/p>\n<p>Una bolsa de cambios de tama\u00f1o m\u00e1s peque\u00f1o que la cl\u00e1sica ya que puede ser llevada en su bolsillo. Est\u00e1 construida con mango de madera lustrada de color negro, tela muy vistosa con adornos brillantes. Ideal para quienes necesitan cambiar elementos peque\u00f1os como papeletas, billetes o pa\u00f1uelos, muy \u00fatil para quienes trabajan haciendo magia de cerca.<\/p>\n<p>Un elemento indispensable dentro del arsenal de un mago. Con esta bolsa usted podr\u00e1 hacer apariciones y desapariciones de cualquier objeto peque\u00f1o, tambi\u00e9n podr\u00e1 realizar transformaciones, introducir pa\u00f1uelos y al sacarlos tendr\u00e1n otro color.<\/p>\n<p>Tambi\u00e9n podr\u00e1 convertir un pa\u00f1uelo en caramelos, mostrar la bolsa vac\u00eda y que aparezca llena de billetes, colocar dos pa\u00f1uelos separados y que aparezcan anudados, cambiar de color cintas, apariciones, desapariciones, etc.<br \/>\nEstas son algunas ideas de las que usted podr\u00e1 realizar con esta maravillosa bolsa, pero su verdadera utilidad solamente est\u00e1 limitada por su imaginaci\u00f3n\u2026<\/p>\n<p>&nbsp;<\/p>\n<p>Consultar colores disponibles.<\/p>\n<p>&nbsp;<\/p>\n<p>&nbsp;<\/p>\n<p>&nbsp;<\/p>\n","protected":false},"excerpt":{"rendered":"<p>Infinidades de efectos podr\u00e1s realizar con \u00e9sta bolsa. Con nuevo dise\u00f1o colores muy llamativos y brillantes.<\/p>\n","protected":false},"featured_media":407,"comment_status":"open","ping_status":"closed","template":"","meta":[],"product_brand":[],"product_cat":[7,11,10,8,9],"product_tag":[192,193,112],"class_list":{"0":"post-409","1":"product","2":"type-product","3":"status-publish","4":"has-post-thumbnail","6":"product_cat-accesorios","7":"product_cat-close-up","8":"product_cat-escena","9":"product_cat-infantil","10":"product_cat-salon","11":"product_tag-bolsa","12":"product_tag-cambio","13":"product_tag-doble","15":"first","16":"outofstock","17":"shipping-taxable","18":"purchasable","19":"product-type-simple"},"aioseo_notices":[],"_links":{"self":[{"href":"https:\/\/magoezequias.com.ar\/tienda\/wp-json\/wp\/v2\/product\/409","targetHints":{"allow":["GET"]}}],"collection":[{"href":"https:\/\/magoezequias.com.ar\/tienda\/wp-json\/wp\/v2\/product"}],"about":[{"href":"https:\/\/magoezequias.com.ar\/tienda\/wp-json\/wp\/v2\/types\/product"}],"replies":[{"embeddable":true,"href":"https:\/\/magoezequias.com.ar\/tienda\/wp-json\/wp\/v2\/comments?post=409"}],"version-history":[{"count":0,"href":"https:\/\/magoezequias.com.ar\/tienda\/wp-json\/wp\/v2\/product\/409\/revisions"}],"wp:featuredmedia":[{"embeddable":true,"href":"https:\/\/magoezequias.com.ar\/tienda\/wp-json\/wp\/v2\/media\/407"}],"wp:attachment":[{"href":"https:\/\/magoezequias.com.ar\/tienda\/wp-json\/wp\/v2\/media?parent=409"}],"wp:term":[{"taxonomy":"product_brand","embeddable":true,"href":"https:\/\/magoezequias.com.ar\/tienda\/wp-json\/wp\/v2\/product_brand?post=409"},{"taxonomy":"product_cat","embeddable":true,"href":"https:\/\/magoezequias.com.ar\/tienda\/wp-json\/wp\/v2\/product_cat?post=409"},{"taxonomy":"product_tag","embeddable":true,"href":"https:\/\/magoezequias.com.ar\/tienda\/wp-json\/wp\/v2\/product_tag?post=409"}],"curies":[{"name":"wp","href":"https:\/\/api.w.org\/{rel}","templated":true}]}}