{"id":410,"date":"2015-04-19T17:39:11","date_gmt":"2015-04-19T17:39:11","guid":{"rendered":"https:\/\/magoezequias.com.ar\/tienda\/?post_type=product&#038;p=410"},"modified":"2019-11-20T02:37:06","modified_gmt":"2019-11-20T02:37:06","slug":"bolsa-triple-cambio","status":"publish","type":"product","link":"https:\/\/magoezequias.com.ar\/tienda\/producto\/bolsa-triple-cambio","title":{"rendered":"Bolsa triple cambio"},"content":{"rendered":"<p><a href=\"https:\/\/magoezequias.com.ar\/tienda\/wp-content\/uploads\/2015\/04\/Bolsa-triple-cambio-com\u00fan.jpg\"><img fetchpriority=\"high\" decoding=\"async\" class=\"alignnone size-full wp-image-403\" src=\"https:\/\/magoezequias.com.ar\/tienda\/wp-content\/uploads\/2015\/04\/Bolsa-triple-cambio-com\u00fan.jpg\" alt=\"Bolsa triple cambio com\u00fan\" width=\"336\" height=\"382\" srcset=\"https:\/\/magoezequias.com.ar\/tienda\/wp-content\/uploads\/2015\/04\/Bolsa-triple-cambio-com\u00fan.jpg 336w, https:\/\/magoezequias.com.ar\/tienda\/wp-content\/uploads\/2015\/04\/Bolsa-triple-cambio-com\u00fan-264x300.jpg 264w, https:\/\/magoezequias.com.ar\/tienda\/wp-content\/uploads\/2015\/04\/Bolsa-triple-cambio-com\u00fan-300x341.jpg 300w\" sizes=\"(max-width: 336px) 100vw, 336px\" \/><\/a><\/p>\n<p>Un elemento indispensable dentro del arsenal de un mago. Con esta bolsa usted podr\u00e1 hacer apariciones y desapariciones de cualquier objeto peque\u00f1o o hasta el tama\u00f1o de una paloma, tambi\u00e9n podr\u00e1 realizar transformaciones, introducir pa\u00f1uelos y al sacarlos tendr\u00e1n otro color.<\/p>\n<p>Tambi\u00e9n podr\u00e1 convertir un pa\u00f1uelo en caramelos, mostrar la bolsa vac\u00eda y que aparezca llena de billetes, colocar dos pa\u00f1uelos separados y que aparezcan anudados, cambiar de color cintas, apariciones, desapariciones, etc.<br \/>\nEstas son algunas ideas de las que usted podr\u00e1 realizar con esta maravillosa bolsa que contiene tres compartimentos diferentes, pero su verdadera utilidad solamente est\u00e1 limitada por su imaginaci\u00f3n\u2026<\/p>\n<p>Consultar colores disponibles.<\/p>\n<p>&nbsp;<\/p>\n","protected":false},"excerpt":{"rendered":"<p>Infinidades de efectos podr\u00e1s realizar con \u00e9sta bolsa de triple cambio. Con nuevo dise\u00f1o con colores muy brillantes.\u00a0Est\u00e1 construida con mango de madera lustrada de color negro, tela muy vistosa con adornos brillantes.<\/p>\n","protected":false},"featured_media":403,"comment_status":"open","ping_status":"closed","template":"","meta":[],"product_brand":[],"product_cat":[7,10,8,9],"product_tag":[192,193,194],"class_list":{"0":"post-410","1":"product","2":"type-product","3":"status-publish","4":"has-post-thumbnail","6":"product_cat-accesorios","7":"product_cat-escena","8":"product_cat-infantil","9":"product_cat-salon","10":"product_tag-bolsa","11":"product_tag-cambio","12":"product_tag-triple","14":"first","15":"outofstock","16":"shipping-taxable","17":"purchasable","18":"product-type-simple"},"aioseo_notices":[],"_links":{"self":[{"href":"https:\/\/magoezequias.com.ar\/tienda\/wp-json\/wp\/v2\/product\/410","targetHints":{"allow":["GET"]}}],"collection":[{"href":"https:\/\/magoezequias.com.ar\/tienda\/wp-json\/wp\/v2\/product"}],"about":[{"href":"https:\/\/magoezequias.com.ar\/tienda\/wp-json\/wp\/v2\/types\/product"}],"replies":[{"embeddable":true,"href":"https:\/\/magoezequias.com.ar\/tienda\/wp-json\/wp\/v2\/comments?post=410"}],"version-history":[{"count":0,"href":"https:\/\/magoezequias.com.ar\/tienda\/wp-json\/wp\/v2\/product\/410\/revisions"}],"wp:featuredmedia":[{"embeddable":true,"href":"https:\/\/magoezequias.com.ar\/tienda\/wp-json\/wp\/v2\/media\/403"}],"wp:attachment":[{"href":"https:\/\/magoezequias.com.ar\/tienda\/wp-json\/wp\/v2\/media?parent=410"}],"wp:term":[{"taxonomy":"product_brand","embeddable":true,"href":"https:\/\/magoezequias.com.ar\/tienda\/wp-json\/wp\/v2\/product_brand?post=410"},{"taxonomy":"product_cat","embeddable":true,"href":"https:\/\/magoezequias.com.ar\/tienda\/wp-json\/wp\/v2\/product_cat?post=410"},{"taxonomy":"product_tag","embeddable":true,"href":"https:\/\/magoezequias.com.ar\/tienda\/wp-json\/wp\/v2\/product_tag?post=410"}],"curies":[{"name":"wp","href":"https:\/\/api.w.org\/{rel}","templated":true}]}}