{"id":419,"date":"2015-05-07T13:28:08","date_gmt":"2015-05-07T13:28:08","guid":{"rendered":"https:\/\/magoezequias.com.ar\/tienda\/?post_type=product&#038;p=419"},"modified":"2019-11-20T02:35:29","modified_gmt":"2019-11-20T02:35:29","slug":"cuba-libre","status":"publish","type":"product","link":"https:\/\/magoezequias.com.ar\/tienda\/producto\/cuba-libre","title":{"rendered":"Cuba Libre"},"content":{"rendered":"<p><a href=\"https:\/\/magoezequias.com.ar\/tienda\/wp-content\/uploads\/2015\/05\/cuba-libre2.jpg\"><img fetchpriority=\"high\" decoding=\"async\" class=\"alignnone size-full wp-image-422\" src=\"https:\/\/magoezequias.com.ar\/tienda\/wp-content\/uploads\/2015\/05\/cuba-libre2.jpg\" alt=\"cuba libre2\" width=\"446\" height=\"336\" srcset=\"https:\/\/magoezequias.com.ar\/tienda\/wp-content\/uploads\/2015\/05\/cuba-libre2.jpg 446w, https:\/\/magoezequias.com.ar\/tienda\/wp-content\/uploads\/2015\/05\/cuba-libre2-300x226.jpg 300w\" sizes=\"(max-width: 446px) 100vw, 446px\" \/><\/a><\/p>\n<p>Usted podr\u00e1 crear la rutina que quiera, con distintas fases y lograr una puesta musical o hablada de por lo menos diez minutos. Un juego que asombra a magos y profanos.<\/p>\n<p>La premisa es tan sencilla que se puede realizar para ni\u00f1os, pero puede sofisticar la presentaci\u00f3n para impactar al p\u00fablico adulto.\u00a0No est\u00e1 obligado a tener voluntarios en el escenario, pero ellos pueden interactuar durante la rutina.<\/p>\n<p>El mago muestra dos pilas de seis cubos cada una los cuales est\u00e1n enumerados del 1 al 6.\u00a0El artista explica a la audiencia que una de las pilas puede estar dispuesta en cualquier orden y sin embargo por arte de magia al tapar con una torre la otra pila de dados autom\u00e1ticamente se ordena como la primera columna de cubos.<\/p>\n<p>Las acciones se llevan a cabo varias veces, incrementando la imposibilidad, en una secuencia f\u00e1cil de seguir, ya que siempre tenemos una pila de dados de registro para mostrar lo que va a ocurrir.\u00a0Toda la rutina es l\u00f3gica desde el principio hasta el final y usted tendr\u00e1 un aplauso garantizado.<\/p>\n<p>Una de las fases le permite que sean los propios espectadores los que seleccionen el orden de los cubos, los cuales finalmente aparecen ordenados del 1 al 6. Tambi\u00e9n pueden los espectadores seleccionar el orden final en que desean que los n\u00fameros y cubos queden ordenados.<\/p>\n<p>&nbsp;<\/p>\n<p>Mire el video y disfrute de la s\u00edntesis de una de las rutinas posibles.<\/p>\n<p>&nbsp;<\/p>\n<p>El juego est\u00e1 fabricado a mano, de manera artesanal y todo construido en madera para que sea eterno su uso. Usted recibir\u00e1 12 cubos con n\u00fameros permanentes, un tubo exterior y un video con una rutina de varias fases, con su explicaci\u00f3n y consejos del manejo para crear sus propios pases. Esta es una rutina para profesionales que requiere su pr\u00e1ctica para que pueda ejecutarse con fluidez.<\/p>\n<p>Video<br \/>\n<iframe src=\"https:\/\/www.youtube.com\/embed\/py1_Xi0u1w8\" width=\"560\" height=\"315\" frameborder=\"0\" allowfullscreen=\"allowfullscreen\"><\/iframe><\/p>\n<p>&nbsp;<\/p>\n<p>&nbsp;<\/p>\n","protected":false},"excerpt":{"rendered":"<p>Una versi\u00f3n construida totalmente en madera del excelente juego Cuba Libre. Consultar costo. Solo por pedido.<\/p>\n","protected":false},"featured_media":421,"comment_status":"open","ping_status":"closed","template":"","meta":[],"product_brand":[],"product_cat":[60,10,9],"product_tag":[140,200,138,17,141,14],"class_list":{"0":"post-419","1":"product","2":"type-product","3":"status-publish","4":"has-post-thumbnail","6":"product_cat-ezequias-2","7":"product_cat-escena","8":"product_cat-salon","9":"product_tag-cuba","10":"product_tag-cube","11":"product_tag-cubos","12":"product_tag-ezequias","13":"product_tag-libre","14":"product_tag-magia","16":"first","17":"instock","18":"shipping-taxable","19":"purchasable","20":"product-type-simple"},"aioseo_notices":[],"_links":{"self":[{"href":"https:\/\/magoezequias.com.ar\/tienda\/wp-json\/wp\/v2\/product\/419","targetHints":{"allow":["GET"]}}],"collection":[{"href":"https:\/\/magoezequias.com.ar\/tienda\/wp-json\/wp\/v2\/product"}],"about":[{"href":"https:\/\/magoezequias.com.ar\/tienda\/wp-json\/wp\/v2\/types\/product"}],"replies":[{"embeddable":true,"href":"https:\/\/magoezequias.com.ar\/tienda\/wp-json\/wp\/v2\/comments?post=419"}],"version-history":[{"count":0,"href":"https:\/\/magoezequias.com.ar\/tienda\/wp-json\/wp\/v2\/product\/419\/revisions"}],"wp:featuredmedia":[{"embeddable":true,"href":"https:\/\/magoezequias.com.ar\/tienda\/wp-json\/wp\/v2\/media\/421"}],"wp:attachment":[{"href":"https:\/\/magoezequias.com.ar\/tienda\/wp-json\/wp\/v2\/media?parent=419"}],"wp:term":[{"taxonomy":"product_brand","embeddable":true,"href":"https:\/\/magoezequias.com.ar\/tienda\/wp-json\/wp\/v2\/product_brand?post=419"},{"taxonomy":"product_cat","embeddable":true,"href":"https:\/\/magoezequias.com.ar\/tienda\/wp-json\/wp\/v2\/product_cat?post=419"},{"taxonomy":"product_tag","embeddable":true,"href":"https:\/\/magoezequias.com.ar\/tienda\/wp-json\/wp\/v2\/product_tag?post=419"}],"curies":[{"name":"wp","href":"https:\/\/api.w.org\/{rel}","templated":true}]}}