{"id":431,"date":"2015-05-16T01:59:01","date_gmt":"2015-05-16T01:59:01","guid":{"rendered":"https:\/\/magoezequias.com.ar\/tienda\/?post_type=product&#038;p=431"},"modified":"2019-11-20T02:34:56","modified_gmt":"2019-11-20T02:34:56","slug":"baraja-de-manipulacion-y-abanicos-vernet-magic","status":"publish","type":"product","link":"https:\/\/magoezequias.com.ar\/tienda\/producto\/baraja-de-manipulacion-y-abanicos-vernet-magic","title":{"rendered":"Baraja de Manipulaci\u00f3n y Abanicos &#8211; Vernet Magic"},"content":{"rendered":"<p><a href=\"https:\/\/magoezequias.com.ar\/tienda\/wp-content\/uploads\/2015\/05\/baraja_de_manipulaci_n_colores-1.jpg\"><img fetchpriority=\"high\" decoding=\"async\" class=\"alignnone size-full wp-image-432\" src=\"https:\/\/magoezequias.com.ar\/tienda\/wp-content\/uploads\/2015\/05\/baraja_de_manipulaci_n_colores-1.jpg\" alt=\"baraja_de_manipulaci_n_colores (1)\" width=\"200\" height=\"250\" \/><\/a><\/p>\n<p>Una nueva baraja de manipulaci\u00f3n extra fina para abanicos de colores, tama\u00f1o Bridge. La baraja contiene 54 naipes m\u00e1s un naipe de cara blanca.<\/p>\n<p>&nbsp;<\/p>\n<p>Con esta baraja podr\u00e1 hacer abanicos de distintos colores.<\/p>\n<p>&nbsp;<\/p>\n<p>Su dise\u00f1o es exclusivo de Vernet, ya sea por el dorso y por las caras de los naipes, adem\u00e1s posee cuatro \u00edndices para la apertura de abanicos con ambas manos.<\/p>\n","protected":false},"excerpt":{"rendered":"<p>Una nueva baraja de manipulaci\u00f3n extra fina para abanicos de colores, tama\u00f1o Bridge. La baraja contiene 54 naipes m\u00e1s un naipe de cara blanca. &nbsp; Con esta baraja podr\u00e1 hacer abanicos de distintos colores. &nbsp; Su dise\u00f1o es exclusivo de Vernet, ya sea por el dorso y por las caras de los naipes, adem\u00e1s posee [&hellip;]<\/p>\n","protected":false},"featured_media":432,"comment_status":"open","ping_status":"closed","template":"","meta":[],"product_brand":[],"product_cat":[12,10],"product_tag":[203,65,202],"class_list":{"0":"post-431","1":"product","2":"type-product","3":"status-publish","4":"has-post-thumbnail","6":"product_cat-cartomagia","7":"product_cat-escena","8":"product_tag-abanico","9":"product_tag-baraja","10":"product_tag-manipulacion","12":"first","13":"instock","14":"shipping-taxable","15":"purchasable","16":"product-type-simple"},"aioseo_notices":[],"_links":{"self":[{"href":"https:\/\/magoezequias.com.ar\/tienda\/wp-json\/wp\/v2\/product\/431","targetHints":{"allow":["GET"]}}],"collection":[{"href":"https:\/\/magoezequias.com.ar\/tienda\/wp-json\/wp\/v2\/product"}],"about":[{"href":"https:\/\/magoezequias.com.ar\/tienda\/wp-json\/wp\/v2\/types\/product"}],"replies":[{"embeddable":true,"href":"https:\/\/magoezequias.com.ar\/tienda\/wp-json\/wp\/v2\/comments?post=431"}],"version-history":[{"count":0,"href":"https:\/\/magoezequias.com.ar\/tienda\/wp-json\/wp\/v2\/product\/431\/revisions"}],"wp:featuredmedia":[{"embeddable":true,"href":"https:\/\/magoezequias.com.ar\/tienda\/wp-json\/wp\/v2\/media\/432"}],"wp:attachment":[{"href":"https:\/\/magoezequias.com.ar\/tienda\/wp-json\/wp\/v2\/media?parent=431"}],"wp:term":[{"taxonomy":"product_brand","embeddable":true,"href":"https:\/\/magoezequias.com.ar\/tienda\/wp-json\/wp\/v2\/product_brand?post=431"},{"taxonomy":"product_cat","embeddable":true,"href":"https:\/\/magoezequias.com.ar\/tienda\/wp-json\/wp\/v2\/product_cat?post=431"},{"taxonomy":"product_tag","embeddable":true,"href":"https:\/\/magoezequias.com.ar\/tienda\/wp-json\/wp\/v2\/product_tag?post=431"}],"curies":[{"name":"wp","href":"https:\/\/api.w.org\/{rel}","templated":true}]}}