{"id":438,"date":"2015-05-19T11:48:30","date_gmt":"2015-05-19T11:48:30","guid":{"rendered":"https:\/\/magoezequias.com.ar\/tienda\/?post_type=product&#038;p=438"},"modified":"2023-02-25T18:07:34","modified_gmt":"2023-02-25T18:07:34","slug":"absorbing-cover","status":"publish","type":"product","link":"https:\/\/magoezequias.com.ar\/tienda\/producto\/absorbing-cover","title":{"rendered":"Absorbing Cover &#8211; Bachi"},"content":{"rendered":"<p><a href=\"https:\/\/magoezequias.com.ar\/tienda\/wp-content\/uploads\/2015\/05\/absorbing_cover.jpg\"><img fetchpriority=\"high\" decoding=\"async\" class=\"alignnone size-full wp-image-440\" src=\"https:\/\/magoezequias.com.ar\/tienda\/wp-content\/uploads\/2015\/05\/absorbing_cover.jpg\" alt=\"absorbing_cover\" width=\"314\" height=\"448\" srcset=\"https:\/\/magoezequias.com.ar\/tienda\/wp-content\/uploads\/2015\/05\/absorbing_cover.jpg 314w, https:\/\/magoezequias.com.ar\/tienda\/wp-content\/uploads\/2015\/05\/absorbing_cover-210x300.jpg 210w, https:\/\/magoezequias.com.ar\/tienda\/wp-content\/uploads\/2015\/05\/absorbing_cover-300x428.jpg 300w\" sizes=\"(max-width: 314px) 100vw, 314px\" \/><\/a><\/p>\n<p>Un efecto ideal para magia callejera o de sal\u00f3n!!! El mago da a elegir dos cartas, las cuales pueden ser firmadas. Se pierden en el mazo y luego se guardan en el estuche. Para mayor seguridad y posibilidades de manipular son colocadas en una funda transparente.<\/p>\n<p>All\u00ed por un proceso de absorci\u00f3n m\u00e1gica las cartas elegidas que estaban dentro del estuche cerrado quedan a la vista del p\u00fablico.<\/p>\n<p>Un efecto que no tiene \u00e1ngulos, no necesita reseteo y es muy f\u00e1cil de ejecutar. Se puede revelar todas las cartas firmadas que quieras!!!!<\/p>\n<p><iframe src=\"https:\/\/www.youtube.com\/embed\/hgbmynhl6G0\" width=\"560\" height=\"315\" frameborder=\"0\" allowfullscreen=\"allowfullscreen\"><\/iframe><\/p>\n<p>&nbsp;<\/p>\n<p>&nbsp;<\/p>\n","protected":false},"excerpt":{"rendered":"<p>La forma m\u00e1s f\u00e1cil y visual de revelar dos naipes firmados.<\/p>\n","protected":false},"featured_media":440,"comment_status":"open","ping_status":"closed","template":"","meta":[],"product_brand":[],"product_cat":[12,9],"product_tag":[205,44,207,79,206,78],"class_list":{"0":"post-438","1":"product","2":"type-product","3":"status-publish","4":"has-post-thumbnail","6":"product_cat-cartomagia","7":"product_cat-salon","8":"product_tag-absorbing","9":"product_tag-bachi","10":"product_tag-caja","11":"product_tag-cartas","12":"product_tag-cover","13":"product_tag-naipes","15":"first","16":"outofstock","17":"shipping-taxable","18":"purchasable","19":"product-type-simple"},"aioseo_notices":[],"_links":{"self":[{"href":"https:\/\/magoezequias.com.ar\/tienda\/wp-json\/wp\/v2\/product\/438","targetHints":{"allow":["GET"]}}],"collection":[{"href":"https:\/\/magoezequias.com.ar\/tienda\/wp-json\/wp\/v2\/product"}],"about":[{"href":"https:\/\/magoezequias.com.ar\/tienda\/wp-json\/wp\/v2\/types\/product"}],"replies":[{"embeddable":true,"href":"https:\/\/magoezequias.com.ar\/tienda\/wp-json\/wp\/v2\/comments?post=438"}],"version-history":[{"count":0,"href":"https:\/\/magoezequias.com.ar\/tienda\/wp-json\/wp\/v2\/product\/438\/revisions"}],"wp:featuredmedia":[{"embeddable":true,"href":"https:\/\/magoezequias.com.ar\/tienda\/wp-json\/wp\/v2\/media\/440"}],"wp:attachment":[{"href":"https:\/\/magoezequias.com.ar\/tienda\/wp-json\/wp\/v2\/media?parent=438"}],"wp:term":[{"taxonomy":"product_brand","embeddable":true,"href":"https:\/\/magoezequias.com.ar\/tienda\/wp-json\/wp\/v2\/product_brand?post=438"},{"taxonomy":"product_cat","embeddable":true,"href":"https:\/\/magoezequias.com.ar\/tienda\/wp-json\/wp\/v2\/product_cat?post=438"},{"taxonomy":"product_tag","embeddable":true,"href":"https:\/\/magoezequias.com.ar\/tienda\/wp-json\/wp\/v2\/product_tag?post=438"}],"curies":[{"name":"wp","href":"https:\/\/api.w.org\/{rel}","templated":true}]}}