{"id":476,"date":"2015-06-16T13:35:27","date_gmt":"2015-06-16T13:35:27","guid":{"rendered":"https:\/\/magoezequias.com.ar\/tienda\/?post_type=product&#038;p=476"},"modified":"2019-11-20T02:31:51","modified_gmt":"2019-11-20T02:31:51","slug":"siempre-6-baraja-espanola","status":"publish","type":"product","link":"https:\/\/magoezequias.com.ar\/tienda\/producto\/siempre-6-baraja-espanola","title":{"rendered":"Siempre 6 &#8211; Baraja Espa\u00f1ola"},"content":{"rendered":"<p><a href=\"https:\/\/magoezequias.com.ar\/tienda\/wp-content\/uploads\/2015\/06\/siempre6espa\u00f1ol.jpg\"><img fetchpriority=\"high\" decoding=\"async\" class=\"alignnone size-full wp-image-477\" src=\"https:\/\/magoezequias.com.ar\/tienda\/wp-content\/uploads\/2015\/06\/siempre6espa\u00f1ol.jpg\" alt=\"siempre6espa\u00f1ol\" width=\"448\" height=\"310\" srcset=\"https:\/\/magoezequias.com.ar\/tienda\/wp-content\/uploads\/2015\/06\/siempre6espa\u00f1ol.jpg 448w, https:\/\/magoezequias.com.ar\/tienda\/wp-content\/uploads\/2015\/06\/siempre6espa\u00f1ol-300x208.jpg 300w\" sizes=\"(max-width: 448px) 100vw, 448px\" \/><\/a><\/p>\n<p>El mago toma baraja de naipes espa\u00f1oles\u00a0y retira 6 cartas, las cuenta una a una y retira 3 de ellas. Realiza un gesto m\u00e1gico y al contar tiene nuevamente 6 cartas.<\/p>\n<p>Repite la operaci\u00f3n dos veces m\u00e1s la operaci\u00f3n anterior contando siempre claramente una a una 6 cartas, arroja al aire 3\u2026 pero al contar siempre tendr\u00e1 6.<\/p>\n<p>&nbsp;<br \/>\nComo final abre un abanico pudi\u00e9ndose ver claramente que tiene 6 cartas, retira 3 y al contar, tiene 3 cartas. Pero al hacer el gesto m\u00e1gico nuevamente tendr\u00e1 6 cartas.<\/p>\n<p>&nbsp;<br \/>\nUna gran rutina que popularizo el gran Juan Tamariz, que tiene m\u00faltiples posibilidades de presentaci\u00f3n.<\/p>\n<p>&nbsp;<br \/>\nTodo se hace con total claridad, muy f\u00e1cil de realizar gracias a las cartas especiales creadas para este efecto.<\/p>\n<p>Incluye las cartas especiales e instrucciones en espa\u00f1ol.<\/p>\n","protected":false},"excerpt":{"rendered":"<p>Una cl\u00e1sica rutina de cartomagia para sal\u00f3n o escena.<\/p>\n","protected":false},"featured_media":477,"comment_status":"open","ping_status":"closed","template":"","meta":[],"product_brand":[],"product_cat":[12,10,9],"product_tag":[222,221,220],"class_list":{"0":"post-476","1":"product","2":"type-product","3":"status-publish","4":"has-post-thumbnail","6":"product_cat-cartomagia","7":"product_cat-escena","8":"product_cat-salon","9":"product_tag-espanol","10":"product_tag-seis","11":"product_tag-siempre","13":"first","14":"instock","15":"shipping-taxable","16":"purchasable","17":"product-type-simple"},"aioseo_notices":[],"_links":{"self":[{"href":"https:\/\/magoezequias.com.ar\/tienda\/wp-json\/wp\/v2\/product\/476","targetHints":{"allow":["GET"]}}],"collection":[{"href":"https:\/\/magoezequias.com.ar\/tienda\/wp-json\/wp\/v2\/product"}],"about":[{"href":"https:\/\/magoezequias.com.ar\/tienda\/wp-json\/wp\/v2\/types\/product"}],"replies":[{"embeddable":true,"href":"https:\/\/magoezequias.com.ar\/tienda\/wp-json\/wp\/v2\/comments?post=476"}],"version-history":[{"count":0,"href":"https:\/\/magoezequias.com.ar\/tienda\/wp-json\/wp\/v2\/product\/476\/revisions"}],"wp:featuredmedia":[{"embeddable":true,"href":"https:\/\/magoezequias.com.ar\/tienda\/wp-json\/wp\/v2\/media\/477"}],"wp:attachment":[{"href":"https:\/\/magoezequias.com.ar\/tienda\/wp-json\/wp\/v2\/media?parent=476"}],"wp:term":[{"taxonomy":"product_brand","embeddable":true,"href":"https:\/\/magoezequias.com.ar\/tienda\/wp-json\/wp\/v2\/product_brand?post=476"},{"taxonomy":"product_cat","embeddable":true,"href":"https:\/\/magoezequias.com.ar\/tienda\/wp-json\/wp\/v2\/product_cat?post=476"},{"taxonomy":"product_tag","embeddable":true,"href":"https:\/\/magoezequias.com.ar\/tienda\/wp-json\/wp\/v2\/product_tag?post=476"}],"curies":[{"name":"wp","href":"https:\/\/api.w.org\/{rel}","templated":true}]}}