{"id":480,"date":"2015-06-16T13:38:58","date_gmt":"2015-06-16T13:38:58","guid":{"rendered":"https:\/\/magoezequias.com.ar\/tienda\/?post_type=product&#038;p=480"},"modified":"2021-04-08T05:22:38","modified_gmt":"2021-04-08T05:22:38","slug":"varita-magica-que-cambia-de-color","status":"publish","type":"product","link":"https:\/\/magoezequias.com.ar\/tienda\/producto\/varita-magica-que-cambia-de-color","title":{"rendered":"Varita M\u00e1gica que cambia de Color"},"content":{"rendered":"<p><a href=\"https:\/\/magoezequias.com.ar\/tienda\/wp-content\/uploads\/2015\/06\/varita_color2.jpg\"><img fetchpriority=\"high\" decoding=\"async\" class=\"alignnone size-full wp-image-479\" src=\"https:\/\/magoezequias.com.ar\/tienda\/wp-content\/uploads\/2015\/06\/varita_color2.jpg\" alt=\"varita_color2\" width=\"448\" height=\"336\" srcset=\"https:\/\/magoezequias.com.ar\/tienda\/wp-content\/uploads\/2015\/06\/varita_color2.jpg 448w, https:\/\/magoezequias.com.ar\/tienda\/wp-content\/uploads\/2015\/06\/varita_color2-300x225.jpg 300w\" sizes=\"(max-width: 448px) 100vw, 448px\" \/><\/a><\/p>\n<p>&nbsp;<\/p>\n<p>Una varita m\u00e1gica que le servir\u00e1 en m\u00faltiples rutinas. Es ideal para rutinas en magia infantil cuando juega con colores o para combinar con el libro de colores.<\/p>\n<p>&nbsp;<\/p>\n<p>Una varita de madera, de 30 cm de largo la cual de un lado es una varita de mago color negra con puntas blancas y por el otro es una varita multicolor.<\/p>\n<p>&nbsp;<\/p>\n","protected":false},"excerpt":{"rendered":"<p>Un complemento ideal para sus presentaciones.<\/p>\n<p>&nbsp;<\/p>\n","protected":false},"featured_media":479,"comment_status":"open","ping_status":"closed","template":"","meta":[],"product_brand":[],"product_cat":[7,8],"product_tag":[193,223,27,86],"class_list":{"0":"post-480","1":"product","2":"type-product","3":"status-publish","4":"has-post-thumbnail","6":"product_cat-accesorios","7":"product_cat-infantil","8":"product_tag-cambio","9":"product_tag-color","10":"product_tag-magica","11":"product_tag-varita","13":"first","14":"instock","15":"shipping-taxable","16":"purchasable","17":"product-type-simple"},"aioseo_notices":[],"_links":{"self":[{"href":"https:\/\/magoezequias.com.ar\/tienda\/wp-json\/wp\/v2\/product\/480","targetHints":{"allow":["GET"]}}],"collection":[{"href":"https:\/\/magoezequias.com.ar\/tienda\/wp-json\/wp\/v2\/product"}],"about":[{"href":"https:\/\/magoezequias.com.ar\/tienda\/wp-json\/wp\/v2\/types\/product"}],"replies":[{"embeddable":true,"href":"https:\/\/magoezequias.com.ar\/tienda\/wp-json\/wp\/v2\/comments?post=480"}],"version-history":[{"count":0,"href":"https:\/\/magoezequias.com.ar\/tienda\/wp-json\/wp\/v2\/product\/480\/revisions"}],"wp:featuredmedia":[{"embeddable":true,"href":"https:\/\/magoezequias.com.ar\/tienda\/wp-json\/wp\/v2\/media\/479"}],"wp:attachment":[{"href":"https:\/\/magoezequias.com.ar\/tienda\/wp-json\/wp\/v2\/media?parent=480"}],"wp:term":[{"taxonomy":"product_brand","embeddable":true,"href":"https:\/\/magoezequias.com.ar\/tienda\/wp-json\/wp\/v2\/product_brand?post=480"},{"taxonomy":"product_cat","embeddable":true,"href":"https:\/\/magoezequias.com.ar\/tienda\/wp-json\/wp\/v2\/product_cat?post=480"},{"taxonomy":"product_tag","embeddable":true,"href":"https:\/\/magoezequias.com.ar\/tienda\/wp-json\/wp\/v2\/product_tag?post=480"}],"curies":[{"name":"wp","href":"https:\/\/api.w.org\/{rel}","templated":true}]}}