{"id":481,"date":"2015-06-19T19:43:20","date_gmt":"2015-06-19T19:43:20","guid":{"rendered":"https:\/\/magoezequias.com.ar\/tienda\/?post_type=product&#038;p=481"},"modified":"2025-10-07T00:36:13","modified_gmt":"2025-10-07T03:36:13","slug":"baraja-mene-tekel-espanol","status":"publish","type":"product","link":"https:\/\/magoezequias.com.ar\/tienda\/producto\/baraja-mene-tekel-espanol","title":{"rendered":"Baraja Mene tekel &#8211; Espa\u00f1ol"},"content":{"rendered":"<p><a href=\"https:\/\/magoezequias.com.ar\/tienda\/wp-content\/uploads\/2015\/06\/baraja-espa\u00f1ola.jpg\"><img fetchpriority=\"high\" decoding=\"async\" class=\"alignnone size-full wp-image-447\" src=\"https:\/\/magoezequias.com.ar\/tienda\/wp-content\/uploads\/2015\/06\/baraja-espa\u00f1ola.jpg\" alt=\"baraja espa\u00f1ola\" width=\"448\" height=\"273\" srcset=\"https:\/\/magoezequias.com.ar\/tienda\/wp-content\/uploads\/2015\/06\/baraja-espa\u00f1ola.jpg 448w, https:\/\/magoezequias.com.ar\/tienda\/wp-content\/uploads\/2015\/06\/baraja-espa\u00f1ola-300x183.jpg 300w\" sizes=\"(max-width: 448px) 100vw, 448px\" \/><\/a><\/p>\n<p>Una baraja Espa\u00f1ola especialmente trucada que le permitir\u00e1 realizar una gran cantidad y variedad de efectos.<\/p>\n<p>&nbsp;<\/p>\n<p>El mago mezcla el mazo, el espectador corta y elige una carta con toda libertad. El mago no ve ni el dorso del naipe; el espectador lo devuelve a la baraja, el mago no la toca nunca y sin embargo adivina inmediatamente y de forma segura la carta elegida.<\/p>\n<p>&nbsp;<\/p>\n<p>El espectador puede elegir un naipe y lo deposita en la baraja al mismo tiempo el mago retira el naipe elegido de su bolsillo. Repitiendo esto varias veces con naipes distintos.<\/p>\n<p>&nbsp;<\/p>\n<p>A lo largo de las rutinas puede mezclar claramente la baraja, cortar y sin embargo de manera autom\u00e1tica y sin ninguna manipulaci\u00f3n compleja podr\u00e1 tener el control de cualquier naipe elegido.<\/p>\n<p>&nbsp;<\/p>\n","protected":false},"excerpt":{"rendered":"<p>Un elemento con el cual podr\u00e1 realizar infinidad de rutinas.<\/p>\n","protected":false},"featured_media":447,"comment_status":"open","ping_status":"closed","template":"","meta":[],"product_brand":[],"product_cat":[12,11,9],"product_tag":[65,222,225,224,226],"class_list":{"0":"post-481","1":"product","2":"type-product","3":"status-publish","4":"has-post-thumbnail","6":"product_cat-cartomagia","7":"product_cat-close-up","8":"product_cat-salon","9":"product_tag-baraja","10":"product_tag-espanol","11":"product_tag-mene","12":"product_tag-menetekel","13":"product_tag-tekel","15":"first","16":"outofstock","17":"shipping-taxable","18":"purchasable","19":"product-type-simple"},"aioseo_notices":[],"_links":{"self":[{"href":"https:\/\/magoezequias.com.ar\/tienda\/wp-json\/wp\/v2\/product\/481","targetHints":{"allow":["GET"]}}],"collection":[{"href":"https:\/\/magoezequias.com.ar\/tienda\/wp-json\/wp\/v2\/product"}],"about":[{"href":"https:\/\/magoezequias.com.ar\/tienda\/wp-json\/wp\/v2\/types\/product"}],"replies":[{"embeddable":true,"href":"https:\/\/magoezequias.com.ar\/tienda\/wp-json\/wp\/v2\/comments?post=481"}],"version-history":[{"count":1,"href":"https:\/\/magoezequias.com.ar\/tienda\/wp-json\/wp\/v2\/product\/481\/revisions"}],"predecessor-version":[{"id":18304,"href":"https:\/\/magoezequias.com.ar\/tienda\/wp-json\/wp\/v2\/product\/481\/revisions\/18304"}],"wp:featuredmedia":[{"embeddable":true,"href":"https:\/\/magoezequias.com.ar\/tienda\/wp-json\/wp\/v2\/media\/447"}],"wp:attachment":[{"href":"https:\/\/magoezequias.com.ar\/tienda\/wp-json\/wp\/v2\/media?parent=481"}],"wp:term":[{"taxonomy":"product_brand","embeddable":true,"href":"https:\/\/magoezequias.com.ar\/tienda\/wp-json\/wp\/v2\/product_brand?post=481"},{"taxonomy":"product_cat","embeddable":true,"href":"https:\/\/magoezequias.com.ar\/tienda\/wp-json\/wp\/v2\/product_cat?post=481"},{"taxonomy":"product_tag","embeddable":true,"href":"https:\/\/magoezequias.com.ar\/tienda\/wp-json\/wp\/v2\/product_tag?post=481"}],"curies":[{"name":"wp","href":"https:\/\/api.w.org\/{rel}","templated":true}]}}