{"id":489,"date":"2015-08-17T12:33:11","date_gmt":"2015-08-17T12:33:11","guid":{"rendered":"https:\/\/magoezequias.com.ar\/tienda\/?post_type=product&#038;p=489"},"modified":"2023-01-01T10:03:02","modified_gmt":"2023-01-01T10:03:02","slug":"minions-magic","status":"publish","type":"product","link":"https:\/\/magoezequias.com.ar\/tienda\/producto\/minions-magic","title":{"rendered":"MInions Magic"},"content":{"rendered":"<p><a href=\"https:\/\/magoezequias.com.ar\/tienda\/wp-content\/uploads\/2015\/08\/minions5.jpg\"><img fetchpriority=\"high\" decoding=\"async\" class=\"alignnone size-full wp-image-491\" src=\"https:\/\/magoezequias.com.ar\/tienda\/wp-content\/uploads\/2015\/08\/minions5.jpg\" alt=\"minions5\" width=\"640\" height=\"322\" srcset=\"https:\/\/magoezequias.com.ar\/tienda\/wp-content\/uploads\/2015\/08\/minions5.jpg 640w, https:\/\/magoezequias.com.ar\/tienda\/wp-content\/uploads\/2015\/08\/minions5-300x151.jpg 300w\" sizes=\"(max-width: 640px) 100vw, 640px\" \/><\/a><\/p>\n<p>El mago cuenta que tiene un amigo que tal vez conozcan y muestra a uno de los Minions,\u00a0el personaje de la pel\u00edcula y relata que le encanta hacer travesuras. Un d\u00eda salt\u00f3 tan alto y fuerte que al caer perdi\u00f3 su ojo (acci\u00f3n que se ejecuta).<\/p>\n<p>Ante esto va en busca de su amigo mago para solucionar el problema. All\u00ed el mago con la ayuda de los nenes va a solucionar el problema. Tapan al Minions con un pa\u00f1uelo, da el ojo perdido a un nene que con unos pases m\u00e1gicos lo hace desaparecer y al levantar el pa\u00f1uelo viaj\u00f3 m\u00e1gicamente a nuestro amigo, que ahora puede seguir haciendo travesuras.<\/p>\n<p>&nbsp;<\/p>\n<p>Una rutina con un personaje s\u00faper conocido por los chicos, muy visual para sal\u00f3n y escena ya que mide 30 por 20 cent\u00edmetros, de empaque muy peque\u00f1o ya que es s\u00faper fino y liviano, construido en simil plastico.<\/p>\n<p style=\"text-align: center\"><a href=\"https:\/\/magoezequias.com.ar\/tienda\/wp-content\/uploads\/2015\/08\/minions8.jpg\"><img decoding=\"async\" class=\"aligncenter size-full wp-image-497\" src=\"https:\/\/magoezequias.com.ar\/tienda\/wp-content\/uploads\/2015\/08\/minions8.jpg\" alt=\"minions8\" width=\"480\" height=\"496\" srcset=\"https:\/\/magoezequias.com.ar\/tienda\/wp-content\/uploads\/2015\/08\/minions8.jpg 480w, https:\/\/magoezequias.com.ar\/tienda\/wp-content\/uploads\/2015\/08\/minions8-290x300.jpg 290w, https:\/\/magoezequias.com.ar\/tienda\/wp-content\/uploads\/2015\/08\/minions8-300x310.jpg 300w\" sizes=\"(max-width: 480px) 100vw, 480px\" \/><\/a><\/p>\n<p>&nbsp;<\/p>\n<p>Viene con videos con la presentaci\u00f3n de la rutina y explicaciones, m\u00e1s consejos.<\/p>\n<p>&nbsp;<\/p>\n<p style=\"text-align: center\">\n","protected":false},"excerpt":{"rendered":"<p>Una rutina con un personaje s\u00faper conocido por los chicos, muy visual para sal\u00f3n y escena ya que mide 30 por 20 cent\u00edmetros, de empaque muy peque\u00f1o ya que es s\u00faper fino y liviano.<\/p>\n","protected":false},"featured_media":494,"comment_status":"open","ping_status":"closed","template":"","meta":[],"product_brand":[],"product_cat":[60,8],"product_tag":[17,15,14,185,227],"class_list":{"0":"post-489","1":"product","2":"type-product","3":"status-publish","4":"has-post-thumbnail","6":"product_cat-ezequias-2","7":"product_cat-infantil","8":"product_tag-ezequias","9":"product_tag-infantil-2","10":"product_tag-magia","11":"product_tag-magic","12":"product_tag-minions","14":"first","15":"instock","16":"shipping-taxable","17":"purchasable","18":"product-type-simple"},"aioseo_notices":[],"_links":{"self":[{"href":"https:\/\/magoezequias.com.ar\/tienda\/wp-json\/wp\/v2\/product\/489","targetHints":{"allow":["GET"]}}],"collection":[{"href":"https:\/\/magoezequias.com.ar\/tienda\/wp-json\/wp\/v2\/product"}],"about":[{"href":"https:\/\/magoezequias.com.ar\/tienda\/wp-json\/wp\/v2\/types\/product"}],"replies":[{"embeddable":true,"href":"https:\/\/magoezequias.com.ar\/tienda\/wp-json\/wp\/v2\/comments?post=489"}],"version-history":[{"count":0,"href":"https:\/\/magoezequias.com.ar\/tienda\/wp-json\/wp\/v2\/product\/489\/revisions"}],"wp:featuredmedia":[{"embeddable":true,"href":"https:\/\/magoezequias.com.ar\/tienda\/wp-json\/wp\/v2\/media\/494"}],"wp:attachment":[{"href":"https:\/\/magoezequias.com.ar\/tienda\/wp-json\/wp\/v2\/media?parent=489"}],"wp:term":[{"taxonomy":"product_brand","embeddable":true,"href":"https:\/\/magoezequias.com.ar\/tienda\/wp-json\/wp\/v2\/product_brand?post=489"},{"taxonomy":"product_cat","embeddable":true,"href":"https:\/\/magoezequias.com.ar\/tienda\/wp-json\/wp\/v2\/product_cat?post=489"},{"taxonomy":"product_tag","embeddable":true,"href":"https:\/\/magoezequias.com.ar\/tienda\/wp-json\/wp\/v2\/product_tag?post=489"}],"curies":[{"name":"wp","href":"https:\/\/api.w.org\/{rel}","templated":true}]}}