{"id":531,"date":"2015-10-07T00:33:30","date_gmt":"2015-10-07T00:33:30","guid":{"rendered":"https:\/\/magoezequias.com.ar\/tienda\/?post_type=product&#038;p=531"},"modified":"2019-11-25T14:49:02","modified_gmt":"2019-11-25T14:49:02","slug":"art-magic-gustavo-raley","status":"publish","type":"product","link":"https:\/\/magoezequias.com.ar\/tienda\/producto\/art-magic-gustavo-raley","title":{"rendered":"Art Magic &#8211; Gustavo Raley"},"content":{"rendered":"<p style=\"text-align: center;\" align=\"center\"><a href=\"https:\/\/magoezequias.com.ar\/tienda\/wp-content\/uploads\/2015\/10\/artmagic_02.jpg\"><img fetchpriority=\"high\" decoding=\"async\" class=\"size-full wp-image-533 aligncenter\" src=\"https:\/\/magoezequias.com.ar\/tienda\/wp-content\/uploads\/2015\/10\/artmagic_02.jpg\" alt=\"artmagic_02\" width=\"366\" height=\"268\" srcset=\"https:\/\/magoezequias.com.ar\/tienda\/wp-content\/uploads\/2015\/10\/artmagic_02.jpg 366w, https:\/\/magoezequias.com.ar\/tienda\/wp-content\/uploads\/2015\/10\/artmagic_02-300x220.jpg 300w\" sizes=\"(max-width: 366px) 100vw, 366px\" \/><\/a><\/p>\n<p align=\"center\"><em><strong>Si te gusta el arte no te pierdas este efecto &#8211;\u00a0<\/strong><\/em><strong><em>3\u00a0efectos en un mismo juego<\/em><\/strong><\/p>\n<p>&nbsp;<\/p>\n<p><strong>EFECTO 1:<\/strong><\/p>\n<p>Se entrega a mezclar 7 tarjetas en las cu\u00e1les hay pintadas una gran obra de arte en cada una, el espectador libremente elige una, la cual es mezclada con las dem\u00e1s.<\/p>\n<p class=\"contenido1\">Se le entrega un sobre el cual lleva 2 agujeros en sus lados, una vez examinado por el espectador muy claramente se meten dentro las 7 obras de arte, el sobre se atraviesa con un pincel de pintor y m\u00e1gica e incompresiblemente para el publico la obra de arte elegida libremente por el espectador empieza a subir m\u00e1gicamente del interior del sobre.<\/p>\n<p><span class=\"contenido1\"><strong>EFECTO 2:<\/strong><\/span><\/p>\n<p class=\"contenido1\">Las tarjetas llevan dos peque\u00f1os agujeros en sus lados cortos, un espectador elige una libremente, se mezcla con las dem\u00e1s, se atraviesan todas juntas con un pincel por uno de los agujeros y m\u00e1gica y visualmente adivinaras la obra de arte elegida.<\/p>\n<p><span class=\"contenido1\"><strong>EFECTO 3:<\/strong><\/span><\/p>\n<p class=\"contenido1\">Un espectador elige una libremente, se mezcla con las dem\u00e1s, se atraviesan todas juntas con un cord\u00f3n por uno de los agujeros, las tarjetas son colgadas en el cuello del espectador, quedando estas detr\u00e1s de su espalda, el mago sin soltar el cord\u00f3n, saca m\u00e1gicamente todas las tarjetas menos la elegida por el espectador que es la \u00fanica que se queda atravesada por el cord\u00f3n.<\/p>\n<p class=\"contenido1\">Todos los efectos son muy f\u00e1ciles de realizar, pero a la vez el impacto m\u00e1gico es muy fuerte.<\/p>\n<p class=\"contenido1\">Puedes realizar una rutina completa de los 3\u00a0efectos o presentarlos por separado.<\/p>\n<p class=\"contenido1\">Se incluye todo el material necesario + un DVD donde se explican los 3\u00a0efectos muy claramente.<\/p>\n<p class=\"contenido1\" style=\"text-align: center;\"><a href=\"https:\/\/magoezequias.com.ar\/tienda\/wp-content\/uploads\/2015\/10\/artmagic_02.jpg\"><img fetchpriority=\"high\" decoding=\"async\" class=\"size-full wp-image-533 aligncenter\" src=\"https:\/\/magoezequias.com.ar\/tienda\/wp-content\/uploads\/2015\/10\/artmagic_02.jpg\" alt=\"artmagic_02\" width=\"366\" height=\"268\" srcset=\"https:\/\/magoezequias.com.ar\/tienda\/wp-content\/uploads\/2015\/10\/artmagic_02.jpg 366w, https:\/\/magoezequias.com.ar\/tienda\/wp-content\/uploads\/2015\/10\/artmagic_02-300x220.jpg 300w\" sizes=\"(max-width: 366px) 100vw, 366px\" \/><\/a><\/p>\n","protected":false},"excerpt":{"rendered":"<p>Si te gusta el arte no te pierdas este efecto &#8211;\u00a03\u00a0efectos en un mismo juego<\/p>\n","protected":false},"featured_media":529,"comment_status":"open","ping_status":"closed","template":"","meta":[],"product_brand":[],"product_cat":[12,11],"product_tag":[245,84,185,85],"class_list":{"0":"post-531","1":"product","2":"type-product","3":"status-publish","4":"has-post-thumbnail","6":"product_cat-cartomagia","7":"product_cat-close-up","8":"product_tag-art","9":"product_tag-gustavo","10":"product_tag-magic","11":"product_tag-raley","13":"first","14":"outofstock","15":"shipping-taxable","16":"purchasable","17":"product-type-simple"},"aioseo_notices":[],"_links":{"self":[{"href":"https:\/\/magoezequias.com.ar\/tienda\/wp-json\/wp\/v2\/product\/531","targetHints":{"allow":["GET"]}}],"collection":[{"href":"https:\/\/magoezequias.com.ar\/tienda\/wp-json\/wp\/v2\/product"}],"about":[{"href":"https:\/\/magoezequias.com.ar\/tienda\/wp-json\/wp\/v2\/types\/product"}],"replies":[{"embeddable":true,"href":"https:\/\/magoezequias.com.ar\/tienda\/wp-json\/wp\/v2\/comments?post=531"}],"version-history":[{"count":0,"href":"https:\/\/magoezequias.com.ar\/tienda\/wp-json\/wp\/v2\/product\/531\/revisions"}],"wp:featuredmedia":[{"embeddable":true,"href":"https:\/\/magoezequias.com.ar\/tienda\/wp-json\/wp\/v2\/media\/529"}],"wp:attachment":[{"href":"https:\/\/magoezequias.com.ar\/tienda\/wp-json\/wp\/v2\/media?parent=531"}],"wp:term":[{"taxonomy":"product_brand","embeddable":true,"href":"https:\/\/magoezequias.com.ar\/tienda\/wp-json\/wp\/v2\/product_brand?post=531"},{"taxonomy":"product_cat","embeddable":true,"href":"https:\/\/magoezequias.com.ar\/tienda\/wp-json\/wp\/v2\/product_cat?post=531"},{"taxonomy":"product_tag","embeddable":true,"href":"https:\/\/magoezequias.com.ar\/tienda\/wp-json\/wp\/v2\/product_tag?post=531"}],"curies":[{"name":"wp","href":"https:\/\/api.w.org\/{rel}","templated":true}]}}