{"id":534,"date":"2015-10-07T23:22:05","date_gmt":"2015-10-07T23:22:05","guid":{"rendered":"https:\/\/magoezequias.com.ar\/tienda\/?post_type=product&#038;p=534"},"modified":"2021-06-10T15:17:27","modified_gmt":"2021-06-10T15:17:27","slug":"the-puzzles-paradox-reload","status":"publish","type":"product","link":"https:\/\/magoezequias.com.ar\/tienda\/producto\/the-puzzles-paradox-reload","title":{"rendered":"The Puzzles Paradox Reload"},"content":{"rendered":"<p><a href=\"https:\/\/magoezequias.com.ar\/tienda\/wp-content\/uploads\/2015\/10\/IMG_3214.jpg\"><img fetchpriority=\"high\" decoding=\"async\" class=\"alignleft size-full wp-image-536\" src=\"https:\/\/magoezequias.com.ar\/tienda\/wp-content\/uploads\/2015\/10\/IMG_3214.jpg\" alt=\"IMG_3214\" width=\"391\" height=\"336\" srcset=\"https:\/\/magoezequias.com.ar\/tienda\/wp-content\/uploads\/2015\/10\/IMG_3214.jpg 391w, https:\/\/magoezequias.com.ar\/tienda\/wp-content\/uploads\/2015\/10\/IMG_3214-300x258.jpg 300w\" sizes=\"(max-width: 391px) 100vw, 391px\" \/><\/a><\/p>\n<p>&nbsp;<\/p>\n<p>&nbsp;<\/p>\n<p>&nbsp;<\/p>\n<p>&nbsp;<\/p>\n<p>&nbsp;<\/p>\n<p>&nbsp;<\/p>\n<p>&nbsp;<\/p>\n<p>&nbsp;<\/p>\n<p>&nbsp;<\/p>\n<p>&nbsp;<\/p>\n<p>Este es un truco de magia llamada paradoja del rompecabezas o puzzle de bloques,\u00a0 una rutina donde se combina la magia y la est\u00e9tica en su m\u00e1xima expresi\u00f3n.<\/p>\n<p>&nbsp;<\/p>\n<p>Disfrute del v\u00eddeo y compruebe lo incre\u00edble.<\/p>\n<p>&nbsp;<\/p>\n<p>Usted recibe todas las piezas, un porta retrato, el pedestal y un dvd con claras explicaciones de la rutina.<\/p>\n<p>&nbsp;<\/p>\n<p>&nbsp;<\/p>\n<p>&nbsp;<\/p>\n<p><iframe src=\"https:\/\/www.youtube.com\/embed\/qYLlfhR4Pu0\" width=\"560\" height=\"315\" frameborder=\"0\" allowfullscreen=\"allowfullscreen\"><\/iframe><\/p>\n","protected":false},"excerpt":{"rendered":"<p>&nbsp; &nbsp; &nbsp; &nbsp; &nbsp; &nbsp; &nbsp; &nbsp; &nbsp; &nbsp; Este es un truco de magia llamada paradoja del rompecabezas o puzzle de bloques,\u00a0 una rutina donde se combina la magia y la est\u00e9tica en su m\u00e1xima expresi\u00f3n. &nbsp; Disfrute del v\u00eddeo y compruebe lo incre\u00edble. &nbsp; Usted recibe todas las piezas, un porta retrato, [&hellip;]<\/p>\n","protected":false},"featured_media":536,"comment_status":"open","ping_status":"closed","template":"","meta":[],"product_brand":[],"product_cat":[11,9],"product_tag":[247,246,248],"class_list":{"0":"post-534","1":"product","2":"type-product","3":"status-publish","4":"has-post-thumbnail","6":"product_cat-close-up","7":"product_cat-salon","8":"product_tag-paradox","9":"product_tag-puzzles","10":"product_tag-rompecabeza","12":"first","13":"outofstock","14":"shipping-taxable","15":"purchasable","16":"product-type-simple"},"aioseo_notices":[],"_links":{"self":[{"href":"https:\/\/magoezequias.com.ar\/tienda\/wp-json\/wp\/v2\/product\/534","targetHints":{"allow":["GET"]}}],"collection":[{"href":"https:\/\/magoezequias.com.ar\/tienda\/wp-json\/wp\/v2\/product"}],"about":[{"href":"https:\/\/magoezequias.com.ar\/tienda\/wp-json\/wp\/v2\/types\/product"}],"replies":[{"embeddable":true,"href":"https:\/\/magoezequias.com.ar\/tienda\/wp-json\/wp\/v2\/comments?post=534"}],"version-history":[{"count":0,"href":"https:\/\/magoezequias.com.ar\/tienda\/wp-json\/wp\/v2\/product\/534\/revisions"}],"wp:featuredmedia":[{"embeddable":true,"href":"https:\/\/magoezequias.com.ar\/tienda\/wp-json\/wp\/v2\/media\/536"}],"wp:attachment":[{"href":"https:\/\/magoezequias.com.ar\/tienda\/wp-json\/wp\/v2\/media?parent=534"}],"wp:term":[{"taxonomy":"product_brand","embeddable":true,"href":"https:\/\/magoezequias.com.ar\/tienda\/wp-json\/wp\/v2\/product_brand?post=534"},{"taxonomy":"product_cat","embeddable":true,"href":"https:\/\/magoezequias.com.ar\/tienda\/wp-json\/wp\/v2\/product_cat?post=534"},{"taxonomy":"product_tag","embeddable":true,"href":"https:\/\/magoezequias.com.ar\/tienda\/wp-json\/wp\/v2\/product_tag?post=534"}],"curies":[{"name":"wp","href":"https:\/\/api.w.org\/{rel}","templated":true}]}}