{"id":540,"date":"2015-10-12T00:02:04","date_gmt":"2015-10-12T00:02:04","guid":{"rendered":"https:\/\/magoezequias.com.ar\/tienda\/?post_type=product&#038;p=540"},"modified":"2023-10-24T23:10:32","modified_gmt":"2023-10-24T23:10:32","slug":"multiplicacion-de-12-botellas-tora-magic","status":"publish","type":"product","link":"https:\/\/magoezequias.com.ar\/tienda\/producto\/multiplicacion-de-12-botellas-tora-magic","title":{"rendered":"Multiplicaci\u00f3n de 12 Botellas &#8211; Tora Magic"},"content":{"rendered":"<p><a href=\"https:\/\/magoezequias.com.ar\/tienda\/wp-content\/uploads\/2015\/10\/toraMultiplyWine2.gif\"><img fetchpriority=\"high\" decoding=\"async\" class=\"alignleft size-full wp-image-542\" src=\"https:\/\/magoezequias.com.ar\/tienda\/wp-content\/uploads\/2015\/10\/toraMultiplyWine2.gif\" alt=\"toraMultiplyWine2\" width=\"443\" height=\"336\" \/><\/a><\/p>\n<p>&nbsp;<\/p>\n<p>&nbsp;<\/p>\n<p>&nbsp;<\/p>\n<p>&nbsp;<\/p>\n<p>&nbsp;<\/p>\n<p>&nbsp;<\/p>\n<p>&nbsp;<\/p>\n<p>&nbsp;<\/p>\n<p>&nbsp;<\/p>\n<p>&nbsp;<\/p>\n<p>Un cl\u00e1sico de la magia de escena o sal\u00f3n, la multiplicaci\u00f3n de botellas.<\/p>\n<p>&nbsp;<\/p>\n<p>Usted recibe un material de primera calidad de Tora Magic.<\/p>\n<p>&nbsp;<\/p>\n<p>Lograr\u00e1 hacer aparecer 12 botellas en su rutina musical o hablada.<\/p>\n<p>&nbsp;<\/p>\n<p>Usted recibe dos tubos de metal y 12 botellas de metal s\u00faper finas.<\/p>\n<p>&nbsp;<\/p>\n<p><strong>Costo 390 dolares<\/strong><br \/>\n<iframe src=\"https:\/\/www.youtube.com\/embed\/e2A1X8GOF7c\" width=\"420\" height=\"315\" frameborder=\"0\" allowfullscreen=\"allowfullscreen\"><\/iframe><\/p>\n<p>&nbsp;<\/p>\n","protected":false},"excerpt":{"rendered":"<p><strong>Costo 390 dolares<\/strong><\/p>\n","protected":false},"featured_media":542,"comment_status":"open","ping_status":"closed","template":"","meta":[],"product_brand":[],"product_cat":[10,9],"product_tag":[251,252,185,71,253],"class_list":{"0":"post-540","1":"product","2":"type-product","3":"status-publish","4":"has-post-thumbnail","6":"product_cat-escena","7":"product_cat-salon","8":"product_tag-botellas","9":"product_tag-botle","10":"product_tag-magic","11":"product_tag-multiplicacion","12":"product_tag-tora","14":"first","15":"instock","16":"shipping-taxable","17":"product-type-simple"},"aioseo_notices":[],"_links":{"self":[{"href":"https:\/\/magoezequias.com.ar\/tienda\/wp-json\/wp\/v2\/product\/540","targetHints":{"allow":["GET"]}}],"collection":[{"href":"https:\/\/magoezequias.com.ar\/tienda\/wp-json\/wp\/v2\/product"}],"about":[{"href":"https:\/\/magoezequias.com.ar\/tienda\/wp-json\/wp\/v2\/types\/product"}],"replies":[{"embeddable":true,"href":"https:\/\/magoezequias.com.ar\/tienda\/wp-json\/wp\/v2\/comments?post=540"}],"version-history":[{"count":0,"href":"https:\/\/magoezequias.com.ar\/tienda\/wp-json\/wp\/v2\/product\/540\/revisions"}],"wp:featuredmedia":[{"embeddable":true,"href":"https:\/\/magoezequias.com.ar\/tienda\/wp-json\/wp\/v2\/media\/542"}],"wp:attachment":[{"href":"https:\/\/magoezequias.com.ar\/tienda\/wp-json\/wp\/v2\/media?parent=540"}],"wp:term":[{"taxonomy":"product_brand","embeddable":true,"href":"https:\/\/magoezequias.com.ar\/tienda\/wp-json\/wp\/v2\/product_brand?post=540"},{"taxonomy":"product_cat","embeddable":true,"href":"https:\/\/magoezequias.com.ar\/tienda\/wp-json\/wp\/v2\/product_cat?post=540"},{"taxonomy":"product_tag","embeddable":true,"href":"https:\/\/magoezequias.com.ar\/tienda\/wp-json\/wp\/v2\/product_tag?post=540"}],"curies":[{"name":"wp","href":"https:\/\/api.w.org\/{rel}","templated":true}]}}