{"id":552,"date":"2015-10-20T00:33:59","date_gmt":"2015-10-20T00:33:59","guid":{"rendered":"https:\/\/magoezequias.com.ar\/tienda\/?post_type=product&#038;p=552"},"modified":"2023-10-04T00:31:46","modified_gmt":"2023-10-04T00:31:46","slug":"conejos-pasa-pasa-magneticos","status":"publish","type":"product","link":"https:\/\/magoezequias.com.ar\/tienda\/producto\/conejos-pasa-pasa-magneticos","title":{"rendered":"Conejos Pasa Pasa Magneticos"},"content":{"rendered":"<p><a href=\"https:\/\/magoezequias.com.ar\/tienda\/wp-content\/uploads\/2015\/10\/conejos-pasa-pasa-2.jpg\"><img fetchpriority=\"high\" decoding=\"async\" class=\"alignleft size-full wp-image-546\" src=\"https:\/\/magoezequias.com.ar\/tienda\/wp-content\/uploads\/2015\/10\/conejos-pasa-pasa-2.jpg\" alt=\"conejos pasa pasa 2\" width=\"800\" height=\"337\" srcset=\"https:\/\/magoezequias.com.ar\/tienda\/wp-content\/uploads\/2015\/10\/conejos-pasa-pasa-2.jpg 800w, https:\/\/magoezequias.com.ar\/tienda\/wp-content\/uploads\/2015\/10\/conejos-pasa-pasa-2-300x126.jpg 300w\" sizes=\"(max-width: 800px) 100vw, 800px\" \/><\/a><\/p>\n<p>&nbsp;<\/p>\n<p>&nbsp;<\/p>\n<p>&nbsp;<\/p>\n<p>&nbsp;<\/p>\n<p>&nbsp;<\/p>\n<p>El mago muestra la imagen de un conejo de color blanco, lo pone a la derecha del escenario sobre una mesa y dice que le encanta hacer travesuras. Coloca el mago de forma separada otro conejo de color negro.<\/p>\n<p>&nbsp;<\/p>\n<p>Cubre cada conejo con una torre que lleva en su frente im\u00e1genes de galeras con los colores de los conejos que tapa.<br \/>\nLuego los conejos de forma muy divertida y m\u00e1gica han intercambiado sus lugares, repitiendo el efecto varias veces, hasta que el p\u00fablico comienza a sospechar que el secreto est\u00e1 en que el mago est\u00e1 haciendo trampa y que solamente da vuelta cada torre.<\/p>\n<p>&nbsp;<br \/>\nLuego de un buen rato de comedia el mago acepta dar vuelta los conejos y all\u00ed aparecen conejos de color rojo y amarillo; y no como cre\u00eda la gente blanco y negro.<\/p>\n<p>&nbsp;<\/p>\n<p>Un juego ideal para shows de magia infantil, con un tama\u00f1o muy visual tanto para sal\u00f3n como escena, 23 por 15 cm. El mecanismo es magn\u00e9tico para trabajar con absoluta comodidad y seguridad.<\/p>\n<p>&nbsp;<\/p>\n<p>Viene con video\u00a0con actuaciones en vivo y explicaciones, m\u00e1s consejos.<\/p>\n","protected":false},"excerpt":{"rendered":"<p>El cl\u00e1sico juego de magia infantil con dos simp\u00e1ticos conejos, en un tama\u00f1o muy visual tanto para sal\u00f3n como escena, 23 por 15 cm. Con mecanismo magn\u00e9tico para trabajar con absoluta seguridad.<\/p>\n","protected":false},"featured_media":548,"comment_status":"open","ping_status":"closed","template":"","meta":[],"product_brand":[],"product_cat":[10,60,8,9],"product_tag":[186,38],"class_list":{"0":"post-552","1":"product","2":"type-product","3":"status-publish","4":"has-post-thumbnail","6":"product_cat-escena","7":"product_cat-ezequias-2","8":"product_cat-infantil","9":"product_cat-salon","10":"product_tag-conejo","11":"product_tag-pasa","13":"first","14":"instock","15":"shipping-taxable","16":"purchasable","17":"product-type-simple"},"aioseo_notices":[],"_links":{"self":[{"href":"https:\/\/magoezequias.com.ar\/tienda\/wp-json\/wp\/v2\/product\/552","targetHints":{"allow":["GET"]}}],"collection":[{"href":"https:\/\/magoezequias.com.ar\/tienda\/wp-json\/wp\/v2\/product"}],"about":[{"href":"https:\/\/magoezequias.com.ar\/tienda\/wp-json\/wp\/v2\/types\/product"}],"replies":[{"embeddable":true,"href":"https:\/\/magoezequias.com.ar\/tienda\/wp-json\/wp\/v2\/comments?post=552"}],"version-history":[{"count":0,"href":"https:\/\/magoezequias.com.ar\/tienda\/wp-json\/wp\/v2\/product\/552\/revisions"}],"wp:featuredmedia":[{"embeddable":true,"href":"https:\/\/magoezequias.com.ar\/tienda\/wp-json\/wp\/v2\/media\/548"}],"wp:attachment":[{"href":"https:\/\/magoezequias.com.ar\/tienda\/wp-json\/wp\/v2\/media?parent=552"}],"wp:term":[{"taxonomy":"product_brand","embeddable":true,"href":"https:\/\/magoezequias.com.ar\/tienda\/wp-json\/wp\/v2\/product_brand?post=552"},{"taxonomy":"product_cat","embeddable":true,"href":"https:\/\/magoezequias.com.ar\/tienda\/wp-json\/wp\/v2\/product_cat?post=552"},{"taxonomy":"product_tag","embeddable":true,"href":"https:\/\/magoezequias.com.ar\/tienda\/wp-json\/wp\/v2\/product_tag?post=552"}],"curies":[{"name":"wp","href":"https:\/\/api.w.org\/{rel}","templated":true}]}}