{"id":559,"date":"2015-12-01T12:38:32","date_gmt":"2015-12-01T12:38:32","guid":{"rendered":"https:\/\/magoezequias.com.ar\/tienda\/?post_type=product&#038;p=559"},"modified":"2019-11-20T02:25:28","modified_gmt":"2019-11-20T02:25:28","slug":"no-apuestes-con-un-mago","status":"publish","type":"product","link":"https:\/\/magoezequias.com.ar\/tienda\/producto\/no-apuestes-con-un-mago","title":{"rendered":"No apuestes con un mago"},"content":{"rendered":"<p><a href=\"https:\/\/magoezequias.com.ar\/tienda\/wp-content\/uploads\/2015\/12\/No-apuestes-con-un-mago.jpg\"><img fetchpriority=\"high\" decoding=\"async\" class=\"aligncenter size-full wp-image-560\" src=\"https:\/\/magoezequias.com.ar\/tienda\/wp-content\/uploads\/2015\/12\/No-apuestes-con-un-mago.jpg\" alt=\"No apuestes con un mago\" width=\"1290\" height=\"2048\" srcset=\"https:\/\/magoezequias.com.ar\/tienda\/wp-content\/uploads\/2015\/12\/No-apuestes-con-un-mago.jpg 1290w, https:\/\/magoezequias.com.ar\/tienda\/wp-content\/uploads\/2015\/12\/No-apuestes-con-un-mago-189x300.jpg 189w, https:\/\/magoezequias.com.ar\/tienda\/wp-content\/uploads\/2015\/12\/No-apuestes-con-un-mago-645x1024.jpg 645w, https:\/\/magoezequias.com.ar\/tienda\/wp-content\/uploads\/2015\/12\/No-apuestes-con-un-mago-300x476.jpg 300w\" sizes=\"(max-width: 1290px) 100vw, 1290px\" \/><\/a><\/p>\n<p>&nbsp;<\/p>\n<p>Construido en tama\u00f1o semi jumbo para ejecutar en escena o sal\u00f3n ya que el tama\u00f1o de las cartas es de 12,5 por 9 cent\u00edmetros.<\/p>\n<p>&nbsp;<\/p>\n<p>Las cartas tienen im\u00e1genes muy coloridas y divertidas y son de m\u00e1xima calidad y durabilidad, permitiendo cualquier tipo de t\u00e9cnica cartom\u00e1gica.<\/p>\n<p>&nbsp;<\/p>\n<p>Un juego que puede realizar parado, sin necesidad de mesa. Usted recibe los naipes trucados y un v\u00eddeo con la rutina explicada.<\/p>\n<p><iframe title=\"No apuestes con un mago\" src=\"https:\/\/player.vimeo.com\/video\/147068380?dnt=1&amp;app_id=122963\" width=\"800\" height=\"450\" frameborder=\"0\" allow=\"autoplay; fullscreen; picture-in-picture; clipboard-write; encrypted-media\"><\/iframe><\/p>\n<p>&nbsp;<\/p>\n<p>&nbsp;<\/p>\n<p>&nbsp;<\/p>\n","protected":false},"excerpt":{"rendered":"<p>Un juego muy visual, con una charla s\u00faper atrapante para que su p\u00fablico la pueda disfrutar<\/p>\n","protected":false},"featured_media":561,"comment_status":"open","ping_status":"closed","template":"","meta":[],"product_brand":[],"product_cat":[12,60,9],"product_tag":[255,232,254,17,161],"class_list":{"0":"post-559","1":"product","2":"type-product","3":"status-publish","4":"has-post-thumbnail","6":"product_cat-cartomagia","7":"product_cat-ezequias-2","8":"product_cat-salon","9":"product_tag-apuesta","10":"product_tag-cartomagia","11":"product_tag-dinero","12":"product_tag-ezequias","13":"product_tag-mosqueta","15":"first","16":"instock","17":"shipping-taxable","18":"purchasable","19":"product-type-simple"},"aioseo_notices":[],"_links":{"self":[{"href":"https:\/\/magoezequias.com.ar\/tienda\/wp-json\/wp\/v2\/product\/559","targetHints":{"allow":["GET"]}}],"collection":[{"href":"https:\/\/magoezequias.com.ar\/tienda\/wp-json\/wp\/v2\/product"}],"about":[{"href":"https:\/\/magoezequias.com.ar\/tienda\/wp-json\/wp\/v2\/types\/product"}],"replies":[{"embeddable":true,"href":"https:\/\/magoezequias.com.ar\/tienda\/wp-json\/wp\/v2\/comments?post=559"}],"version-history":[{"count":0,"href":"https:\/\/magoezequias.com.ar\/tienda\/wp-json\/wp\/v2\/product\/559\/revisions"}],"wp:featuredmedia":[{"embeddable":true,"href":"https:\/\/magoezequias.com.ar\/tienda\/wp-json\/wp\/v2\/media\/561"}],"wp:attachment":[{"href":"https:\/\/magoezequias.com.ar\/tienda\/wp-json\/wp\/v2\/media?parent=559"}],"wp:term":[{"taxonomy":"product_brand","embeddable":true,"href":"https:\/\/magoezequias.com.ar\/tienda\/wp-json\/wp\/v2\/product_brand?post=559"},{"taxonomy":"product_cat","embeddable":true,"href":"https:\/\/magoezequias.com.ar\/tienda\/wp-json\/wp\/v2\/product_cat?post=559"},{"taxonomy":"product_tag","embeddable":true,"href":"https:\/\/magoezequias.com.ar\/tienda\/wp-json\/wp\/v2\/product_tag?post=559"}],"curies":[{"name":"wp","href":"https:\/\/api.w.org\/{rel}","templated":true}]}}