{"id":573,"date":"2015-12-12T02:38:31","date_gmt":"2015-12-12T02:38:31","guid":{"rendered":"https:\/\/magoezequias.com.ar\/tienda\/?post_type=product&#038;p=573"},"modified":"2020-07-25T20:09:28","modified_gmt":"2020-07-25T20:09:28","slug":"siempre-6-version-caramelos-y-magos","status":"publish","type":"product","link":"https:\/\/magoezequias.com.ar\/tienda\/producto\/siempre-6-version-caramelos-y-magos","title":{"rendered":"Siempre 6 \u2013 Versi\u00f3n Caramelos y Magos"},"content":{"rendered":"<p><a href=\"https:\/\/magoezequias.com.ar\/tienda\/wp-content\/uploads\/2015\/12\/ezequias-siempre-6-original.jpg\"><img fetchpriority=\"high\" decoding=\"async\" class=\"aligncenter size-full wp-image-577\" src=\"https:\/\/magoezequias.com.ar\/tienda\/wp-content\/uploads\/2015\/12\/ezequias-siempre-6-original.jpg\" alt=\"ezequias - siempre 6 original\" width=\"1290\" height=\"2048\" srcset=\"https:\/\/magoezequias.com.ar\/tienda\/wp-content\/uploads\/2015\/12\/ezequias-siempre-6-original.jpg 1290w, https:\/\/magoezequias.com.ar\/tienda\/wp-content\/uploads\/2015\/12\/ezequias-siempre-6-original-189x300.jpg 189w, https:\/\/magoezequias.com.ar\/tienda\/wp-content\/uploads\/2015\/12\/ezequias-siempre-6-original-645x1024.jpg 645w, https:\/\/magoezequias.com.ar\/tienda\/wp-content\/uploads\/2015\/12\/ezequias-siempre-6-original-300x476.jpg 300w\" sizes=\"(max-width: 1290px) 100vw, 1290px\" \/><\/a><\/p>\n<p>&nbsp;<\/p>\n<p>&nbsp;<\/p>\n<p style=\"text-align: justify;\">El cl\u00e1sico juego de cartom\u00e1gia adaptado para fiestas infantiles, con im\u00e1genes s\u00faper coloridas y un tama\u00f1o semi jumbo el cual permite ser ejecutado en distintas situaciones de trabajo y para mucho p\u00fablico.<\/p>\n<p style=\"text-align: justify;\">Con el set de cartas trucadas que recibe usted podr\u00e1 realizar las cl\u00e1sicas rutinas pero con un final nuevo e impactante. Las cartas son de m\u00e1xima calidad y durabilidad, permitiendo cualquier tipo de t\u00e9cnica cartom\u00e1gica.<\/p>\n<p style=\"text-align: justify;\">Muy visual para escena y sal\u00f3n ya que el tama\u00f1o de las cartas es de 12,5 por 9 cent\u00edmetros. Un juego que puede realizar parado, sin necesidad de mesa. Video en castellano con claras explicaciones.<\/p>\n<p><iframe src=\"https:\/\/www.youtube.com\/embed\/QhKn7T9C5Cg\" width=\"560\" height=\"315\" frameborder=\"0\" allowfullscreen=\"allowfullscreen\"><\/iframe><\/p>\n","protected":false},"excerpt":{"rendered":"<p>El cl\u00e1sico juego de cartom\u00e1gia adaptado para fiestas infantiles, con un final sorprendente.<\/p>\n","protected":false},"featured_media":578,"comment_status":"open","ping_status":"closed","template":"","meta":[],"product_brand":[],"product_cat":[60,12,8,9],"product_tag":[262,17,185,221,220],"class_list":{"0":"post-573","1":"product","2":"type-product","3":"status-publish","4":"has-post-thumbnail","6":"product_cat-ezequias-2","7":"product_cat-cartomagia","8":"product_cat-infantil","9":"product_cat-salon","10":"product_tag-caramrlos","11":"product_tag-ezequias","12":"product_tag-magic","13":"product_tag-seis","14":"product_tag-siempre","16":"first","17":"instock","18":"shipping-taxable","19":"purchasable","20":"product-type-simple"},"aioseo_notices":[],"_links":{"self":[{"href":"https:\/\/magoezequias.com.ar\/tienda\/wp-json\/wp\/v2\/product\/573","targetHints":{"allow":["GET"]}}],"collection":[{"href":"https:\/\/magoezequias.com.ar\/tienda\/wp-json\/wp\/v2\/product"}],"about":[{"href":"https:\/\/magoezequias.com.ar\/tienda\/wp-json\/wp\/v2\/types\/product"}],"replies":[{"embeddable":true,"href":"https:\/\/magoezequias.com.ar\/tienda\/wp-json\/wp\/v2\/comments?post=573"}],"version-history":[{"count":0,"href":"https:\/\/magoezequias.com.ar\/tienda\/wp-json\/wp\/v2\/product\/573\/revisions"}],"wp:featuredmedia":[{"embeddable":true,"href":"https:\/\/magoezequias.com.ar\/tienda\/wp-json\/wp\/v2\/media\/578"}],"wp:attachment":[{"href":"https:\/\/magoezequias.com.ar\/tienda\/wp-json\/wp\/v2\/media?parent=573"}],"wp:term":[{"taxonomy":"product_brand","embeddable":true,"href":"https:\/\/magoezequias.com.ar\/tienda\/wp-json\/wp\/v2\/product_brand?post=573"},{"taxonomy":"product_cat","embeddable":true,"href":"https:\/\/magoezequias.com.ar\/tienda\/wp-json\/wp\/v2\/product_cat?post=573"},{"taxonomy":"product_tag","embeddable":true,"href":"https:\/\/magoezequias.com.ar\/tienda\/wp-json\/wp\/v2\/product_tag?post=573"}],"curies":[{"name":"wp","href":"https:\/\/api.w.org\/{rel}","templated":true}]}}