{"id":590,"date":"2016-02-22T12:37:48","date_gmt":"2016-02-22T12:37:48","guid":{"rendered":"https:\/\/magoezequias.com.ar\/tienda\/?post_type=product&#038;p=590"},"modified":"2022-06-06T14:32:56","modified_gmt":"2022-06-06T14:32:56","slug":"un-viaje-al-circo","status":"publish","type":"product","link":"https:\/\/magoezequias.com.ar\/tienda\/producto\/un-viaje-al-circo","title":{"rendered":"Un Viaje al Circo"},"content":{"rendered":"<p><a href=\"https:\/\/magoezequias.com.ar\/tienda\/wp-content\/uploads\/2016\/02\/circo_george.jpg\" rel=\"attachment wp-att-591\"><img fetchpriority=\"high\" decoding=\"async\" class=\"alignleft size-full wp-image-591\" src=\"https:\/\/magoezequias.com.ar\/tienda\/wp-content\/uploads\/2016\/02\/circo_george.jpg\" alt=\"circo_george\" width=\"336\" height=\"435\" srcset=\"https:\/\/magoezequias.com.ar\/tienda\/wp-content\/uploads\/2016\/02\/circo_george.jpg 336w, https:\/\/magoezequias.com.ar\/tienda\/wp-content\/uploads\/2016\/02\/circo_george-232x300.jpg 232w\" sizes=\"(max-width: 336px) 100vw, 336px\" \/><\/a><\/p>\n<p>Inspirado el efecto de Abbotts, el cual fue originalmente creado por Frederick Culpitt de Inglaterra, esta vez George Iglesias nos trae su versi\u00f3n renovada, con un m\u00e9todo mejorado y un efecto de gran alcance. Una rutina de comedia, ideal para cualquier ocasi\u00f3n!!<\/p>\n<p>Efecto: Un espectador elige una carta, luego la coloca en la baraja y de a mezclar. Ahora el mago anuncia que va a teletransportar el naipe del espectador en un lugar encantador, al M\u00e1gico Circo.<\/p>\n<p>&nbsp;<\/p>\n<p>El mago realiza un gesto m\u00e1gico y se desvanece la carta de la baraja. El espectador busca en la baraja dicho naipe y ya no se encuentra m\u00e1s en ella.<br \/>\nPara demostrarlo, se muestra ahora un cartel con un mago con galera y varita, que en una de sus manos se puede observar un naipe.<\/p>\n<p>&nbsp;<\/p>\n<p>&nbsp;<\/p>\n<p>El mago cierra dicho cartel, y al introducir la mano para sacar el naipe, lo que saca es la varita. Abre nuevamente y el mago se encuentra sin la misma. Vuelve a cerrar, para esta vez obtener el naipe, pero nuevamente lo que logra sacar en esta ocaci\u00f3n es la galera.<\/p>\n<p>&nbsp;<\/p>\n<p>Repite esta operaci\u00f3n un par de veces m\u00e1s, hasta que al final logra retirar el naipe con la \u00faltima prenda que le quedaba y al abrir dicho cartel se encuentra con un final sorpresivo.<\/p>\n<p>&nbsp;<\/p>\n<p>Incluye:<\/p>\n<p>Poster de excelente calidad y duraci\u00f3n.<br \/>\nVideo\u00a0explicativo.<br \/>\n2 Set de Cartas.<br \/>\nTodas las prendas (varita, galera y faja).<\/p>\n<p><iframe src=\"https:\/\/www.youtube.com\/embed\/JmWweeRVq2Q\" width=\"560\" height=\"315\" frameborder=\"0\" allowfullscreen=\"allowfullscreen\"><\/iframe><\/p>\n","protected":false},"excerpt":{"rendered":"<p>Una rutina muy sencilla, colorida y efectiva!!!<\/p>\n","protected":false},"featured_media":591,"comment_status":"open","ping_status":"closed","template":"","meta":[],"product_brand":[],"product_cat":[8,9],"product_tag":[263,266,264,265],"class_list":{"0":"post-590","1":"product","2":"type-product","3":"status-publish","4":"has-post-thumbnail","6":"product_cat-infantil","7":"product_cat-salon","8":"product_tag-circo","9":"product_tag-circus","10":"product_tag-geroge","11":"product_tag-iglesias","13":"first","14":"instock","15":"shipping-taxable","16":"purchasable","17":"product-type-simple"},"aioseo_notices":[],"_links":{"self":[{"href":"https:\/\/magoezequias.com.ar\/tienda\/wp-json\/wp\/v2\/product\/590","targetHints":{"allow":["GET"]}}],"collection":[{"href":"https:\/\/magoezequias.com.ar\/tienda\/wp-json\/wp\/v2\/product"}],"about":[{"href":"https:\/\/magoezequias.com.ar\/tienda\/wp-json\/wp\/v2\/types\/product"}],"replies":[{"embeddable":true,"href":"https:\/\/magoezequias.com.ar\/tienda\/wp-json\/wp\/v2\/comments?post=590"}],"version-history":[{"count":0,"href":"https:\/\/magoezequias.com.ar\/tienda\/wp-json\/wp\/v2\/product\/590\/revisions"}],"wp:featuredmedia":[{"embeddable":true,"href":"https:\/\/magoezequias.com.ar\/tienda\/wp-json\/wp\/v2\/media\/591"}],"wp:attachment":[{"href":"https:\/\/magoezequias.com.ar\/tienda\/wp-json\/wp\/v2\/media?parent=590"}],"wp:term":[{"taxonomy":"product_brand","embeddable":true,"href":"https:\/\/magoezequias.com.ar\/tienda\/wp-json\/wp\/v2\/product_brand?post=590"},{"taxonomy":"product_cat","embeddable":true,"href":"https:\/\/magoezequias.com.ar\/tienda\/wp-json\/wp\/v2\/product_cat?post=590"},{"taxonomy":"product_tag","embeddable":true,"href":"https:\/\/magoezequias.com.ar\/tienda\/wp-json\/wp\/v2\/product_tag?post=590"}],"curies":[{"name":"wp","href":"https:\/\/api.w.org\/{rel}","templated":true}]}}