{"id":599,"date":"2016-02-22T13:03:53","date_gmt":"2016-02-22T13:03:53","guid":{"rendered":"https:\/\/magoezequias.com.ar\/tienda\/?post_type=product&#038;p=599"},"modified":"2019-11-20T02:22:45","modified_gmt":"2019-11-20T02:22:45","slug":"lapices-viajeros-twister-magic","status":"publish","type":"product","link":"https:\/\/magoezequias.com.ar\/tienda\/producto\/lapices-viajeros-twister-magic","title":{"rendered":"Lapices Viajeros &#8211; Twister Magic"},"content":{"rendered":"<p><a href=\"https:\/\/magoezequias.com.ar\/tienda\/wp-content\/uploads\/2016\/02\/travelingpencils-full_2.png\" rel=\"attachment wp-att-600\"><img fetchpriority=\"high\" decoding=\"async\" class=\"alignleft size-full wp-image-600\" src=\"https:\/\/magoezequias.com.ar\/tienda\/wp-content\/uploads\/2016\/02\/travelingpencils-full_2.png\" alt=\"travelingpencils-full_2\" width=\"400\" height=\"400\" srcset=\"https:\/\/magoezequias.com.ar\/tienda\/wp-content\/uploads\/2016\/02\/travelingpencils-full_2.png 400w, https:\/\/magoezequias.com.ar\/tienda\/wp-content\/uploads\/2016\/02\/travelingpencils-full_2-300x300.png 300w, https:\/\/magoezequias.com.ar\/tienda\/wp-content\/uploads\/2016\/02\/travelingpencils-full_2-90x90.png 90w, https:\/\/magoezequias.com.ar\/tienda\/wp-content\/uploads\/2016\/02\/travelingpencils-full_2-150x150.png 150w\" sizes=\"(max-width: 400px) 100vw, 400px\" \/><\/a>3 Efectos en 1:<\/p>\n<p><strong>Tele transporta 12 l\u00e1pices de un lado a otro: <\/strong><br \/>\nMuestra un estuche para l\u00e1pices vac\u00edo y d\u00e9jalo a un lado, sobre tu mesa o d\u00e1selo a un ni\u00f1o para que lo tenga. Luego, ense\u00f1a otro estuche para l\u00e1pices, mostrando que contiene 12 l\u00e1pices de distintos colores. Extrae uno de ellos y d\u00e1selo a otro ni\u00f1o para que lo tenga. Anuncia que tele transportar\u00e1s todos los l\u00e1pices de un lado al otro, agita tu mano sobre los l\u00e1pices \u00a1y desaparecer\u00e1n en un abrir y cerrar de ojos! Entonces, abre el otro estuche revelando que todos los l\u00e1pices han viajado, pero no as\u00ed el que ten\u00eda el ni\u00f1o, rec\u00f3bralo y m\u00e9telo en el estuche para completar la docena.<br \/>\n<strong>Haz desaparecer 12 l\u00e1pices de la forma m\u00e1s visual:<\/strong><br \/>\nUtiliza uno de los estuches para realizar la desaparici\u00f3n m\u00e1s visual de 12 l\u00e1pices jam\u00e1s creada en el mercado de la magia.<\/p>\n<p><strong>Haz aparecer 12 l\u00e1pices en el estuche:<\/strong><\/p>\n<p>&nbsp;<\/p>\n<p>Un cl\u00e1sico de la magia ahora llevado a un truco para ni\u00f1os. Muestra un estuche para l\u00e1pices vac\u00edo, agita tu mano sobre \u00e9l y aparecer\u00e1n por arte de magia 12 l\u00e1pices s\u00f3lidos.<\/p>\n<p>Rutina ideal para shows con ni\u00f1os, magia de sal\u00f3n o de escenario. Genial para magos para ni\u00f1os, artistas, payasos, c\u00f3micos y maestros de ceremonias.<\/p>\n<p>\u00bfQu\u00e9 incluye?<\/p>\n<p>Incluye dos estuches especialmente trucados y l\u00e1pices.<\/p>\n","protected":false},"excerpt":{"rendered":"<p>Rutina ideal para shows con ni\u00f1os, magia de sal\u00f3n o de escenario.<\/p>\n","protected":false},"featured_media":600,"comment_status":"open","ping_status":"closed","template":"","meta":[],"product_brand":[],"product_cat":[8],"product_tag":[273],"class_list":{"0":"post-599","1":"product","2":"type-product","3":"status-publish","4":"has-post-thumbnail","6":"product_cat-infantil","7":"product_tag-lapiz","9":"first","10":"outofstock","11":"shipping-taxable","12":"purchasable","13":"product-type-simple"},"aioseo_notices":[],"_links":{"self":[{"href":"https:\/\/magoezequias.com.ar\/tienda\/wp-json\/wp\/v2\/product\/599","targetHints":{"allow":["GET"]}}],"collection":[{"href":"https:\/\/magoezequias.com.ar\/tienda\/wp-json\/wp\/v2\/product"}],"about":[{"href":"https:\/\/magoezequias.com.ar\/tienda\/wp-json\/wp\/v2\/types\/product"}],"replies":[{"embeddable":true,"href":"https:\/\/magoezequias.com.ar\/tienda\/wp-json\/wp\/v2\/comments?post=599"}],"version-history":[{"count":0,"href":"https:\/\/magoezequias.com.ar\/tienda\/wp-json\/wp\/v2\/product\/599\/revisions"}],"wp:featuredmedia":[{"embeddable":true,"href":"https:\/\/magoezequias.com.ar\/tienda\/wp-json\/wp\/v2\/media\/600"}],"wp:attachment":[{"href":"https:\/\/magoezequias.com.ar\/tienda\/wp-json\/wp\/v2\/media?parent=599"}],"wp:term":[{"taxonomy":"product_brand","embeddable":true,"href":"https:\/\/magoezequias.com.ar\/tienda\/wp-json\/wp\/v2\/product_brand?post=599"},{"taxonomy":"product_cat","embeddable":true,"href":"https:\/\/magoezequias.com.ar\/tienda\/wp-json\/wp\/v2\/product_cat?post=599"},{"taxonomy":"product_tag","embeddable":true,"href":"https:\/\/magoezequias.com.ar\/tienda\/wp-json\/wp\/v2\/product_tag?post=599"}],"curies":[{"name":"wp","href":"https:\/\/api.w.org\/{rel}","templated":true}]}}