{"id":614,"date":"2016-03-08T20:33:30","date_gmt":"2016-03-08T20:33:30","guid":{"rendered":"https:\/\/magoezequias.com.ar\/tienda\/?post_type=product&#038;p=614"},"modified":"2019-11-20T02:21:49","modified_gmt":"2019-11-20T02:21:49","slug":"film-prediction-3","status":"publish","type":"product","link":"https:\/\/magoezequias.com.ar\/tienda\/producto\/film-prediction-3","title":{"rendered":"Film Prediction 3"},"content":{"rendered":"<p><a href=\"https:\/\/magoezequias.com.ar\/tienda\/wp-content\/uploads\/2016\/03\/film-predictiom-3.jpg\" rel=\"attachment wp-att-615\"><img fetchpriority=\"high\" decoding=\"async\" class=\"alignleft size-full wp-image-615\" src=\"https:\/\/magoezequias.com.ar\/tienda\/wp-content\/uploads\/2016\/03\/film-predictiom-3.jpg\" alt=\"film predictiom 3\" width=\"768\" height=\"866\" srcset=\"https:\/\/magoezequias.com.ar\/tienda\/wp-content\/uploads\/2016\/03\/film-predictiom-3.jpg 768w, https:\/\/magoezequias.com.ar\/tienda\/wp-content\/uploads\/2016\/03\/film-predictiom-3-266x300.jpg 266w\" sizes=\"(max-width: 768px) 100vw, 768px\" \/><\/a><br \/>\nEl mago predice una pel\u00edcula la retira, la muestra al p\u00fablico y la deja a la vista.<\/p>\n<p>El espectador se encuentra detr\u00e1s del mago y ahora debe seleccionar una carta gigante con las im\u00e1genes de pel\u00edculas que dice son totalmente diferente, esperando que esta coincida con la carta de predicci\u00f3n.<\/p>\n<p>&nbsp;<\/p>\n<p>El p\u00fablico puede ver que el paquete de pel\u00edculas de donde el espectador debe seleccionar la suya son todas iguales a la predicci\u00f3n que hab\u00eda sido vista.<\/p>\n<p>&nbsp;<\/p>\n<p>Se pide al espectador diga alto mientras el mago pasa im\u00e1genes. A la voz de \u00abalto\u00bb la carta es dada al espectador. El p\u00fablico r\u00ede desde que ve la predicci\u00f3n repetida.<\/p>\n<p>&nbsp;<\/p>\n<p>El espectador nombra la pel\u00edcula seleccionada y el p\u00fablico se sorprende al escuchar que NO es la misma que la predicci\u00f3n, el mago se muestra sorprendido pero m\u00e1gicamente cuando ambas se voltean, son duplicados exactos\u00a1\u00a1.<\/p>\n<p>&nbsp;<\/p>\n<p>Un juego muy misterio y divertido. Est\u00e1 versi\u00f3n est\u00e1 realizada con la pel\u00edcula STAR WARS que se muestra al inicio y como final quedar\u00e1n los MINIONS.<\/p>\n<p>&nbsp;<\/p>\n<p>Construido en un excelente tama\u00f1o para sal\u00f3n o escena, usted recibe las im\u00e1genes trucadas para que el efecto sea totalmente autom\u00e1tico.<\/p>\n<p>&nbsp;<\/p>\n<p>El video est\u00e1 presentado con otras im\u00e1genes pero la rutina es similar.<\/p>\n<p>&nbsp;<\/p>\n<p><iframe src=\"https:\/\/www.youtube.com\/embed\/gdc1cmCwhBc\" width=\"560\" height=\"315\" frameborder=\"0\" allowfullscreen=\"allowfullscreen\"><\/iframe><\/p>\n","protected":false},"excerpt":{"rendered":"<p>Un juego de cadena de errores con final feliz, una rutina tremendamente divertida y adem\u00e1s muy f\u00e1cil de realizar.<\/p>\n","protected":false},"featured_media":615,"comment_status":"open","ping_status":"closed","template":"","meta":[],"product_brand":[],"product_cat":[10,8,9],"product_tag":[280,279,145],"class_list":{"0":"post-614","1":"product","2":"type-product","3":"status-publish","4":"has-post-thumbnail","6":"product_cat-escena","7":"product_cat-infantil","8":"product_cat-salon","9":"product_tag-film","10":"product_tag-peliculas","11":"product_tag-prediction","13":"first","14":"outofstock","15":"shipping-taxable","16":"purchasable","17":"product-type-simple"},"aioseo_notices":[],"_links":{"self":[{"href":"https:\/\/magoezequias.com.ar\/tienda\/wp-json\/wp\/v2\/product\/614","targetHints":{"allow":["GET"]}}],"collection":[{"href":"https:\/\/magoezequias.com.ar\/tienda\/wp-json\/wp\/v2\/product"}],"about":[{"href":"https:\/\/magoezequias.com.ar\/tienda\/wp-json\/wp\/v2\/types\/product"}],"replies":[{"embeddable":true,"href":"https:\/\/magoezequias.com.ar\/tienda\/wp-json\/wp\/v2\/comments?post=614"}],"version-history":[{"count":0,"href":"https:\/\/magoezequias.com.ar\/tienda\/wp-json\/wp\/v2\/product\/614\/revisions"}],"wp:featuredmedia":[{"embeddable":true,"href":"https:\/\/magoezequias.com.ar\/tienda\/wp-json\/wp\/v2\/media\/615"}],"wp:attachment":[{"href":"https:\/\/magoezequias.com.ar\/tienda\/wp-json\/wp\/v2\/media?parent=614"}],"wp:term":[{"taxonomy":"product_brand","embeddable":true,"href":"https:\/\/magoezequias.com.ar\/tienda\/wp-json\/wp\/v2\/product_brand?post=614"},{"taxonomy":"product_cat","embeddable":true,"href":"https:\/\/magoezequias.com.ar\/tienda\/wp-json\/wp\/v2\/product_cat?post=614"},{"taxonomy":"product_tag","embeddable":true,"href":"https:\/\/magoezequias.com.ar\/tienda\/wp-json\/wp\/v2\/product_tag?post=614"}],"curies":[{"name":"wp","href":"https:\/\/api.w.org\/{rel}","templated":true}]}}