{"id":631,"date":"2016-03-16T21:53:39","date_gmt":"2016-03-16T21:53:39","guid":{"rendered":"https:\/\/magoezequias.com.ar\/tienda\/?post_type=product&#038;p=631"},"modified":"2019-11-20T02:20:40","modified_gmt":"2019-11-20T02:20:40","slug":"polvo-congelante","status":"publish","type":"product","link":"https:\/\/magoezequias.com.ar\/tienda\/producto\/polvo-congelante","title":{"rendered":"Polvo Congelante"},"content":{"rendered":"<p><a href=\"https:\/\/magoezequias.com.ar\/tienda\/wp-content\/uploads\/2016\/03\/polvo-congelante.jpg\" rel=\"attachment wp-att-632\"><img fetchpriority=\"high\" decoding=\"async\" class=\"alignleft size-full wp-image-632\" src=\"https:\/\/magoezequias.com.ar\/tienda\/wp-content\/uploads\/2016\/03\/polvo-congelante.jpg\" alt=\"polvo congelante\" width=\"429\" height=\"336\" srcset=\"https:\/\/magoezequias.com.ar\/tienda\/wp-content\/uploads\/2016\/03\/polvo-congelante.jpg 429w, https:\/\/magoezequias.com.ar\/tienda\/wp-content\/uploads\/2016\/03\/polvo-congelante-300x235.jpg 300w\" sizes=\"(max-width: 429px) 100vw, 429px\" \/><\/a><\/p>\n<p>Utilizando tan solo una peque\u00f1a cantidad de este polvo incre\u00edble, solidificar\u00e1 cualquier tipo de l\u00edquido, fr\u00edo o caliente (excepto leche).<\/p>\n<p>Disponible en presentaci\u00f3n de un tubo de\u00a035 gramos, con capacidad para infinidad de actuaciones.<\/p>\n","protected":false},"excerpt":{"rendered":"<p>Elemento indispensable para todo mago.<\/p>\n","protected":false},"featured_media":632,"comment_status":"open","ping_status":"closed","template":"","meta":[],"product_brand":[],"product_cat":[7],"product_tag":[289,288],"class_list":{"0":"post-631","1":"product","2":"type-product","3":"status-publish","4":"has-post-thumbnail","6":"product_cat-accesorios","7":"product_tag-congelante","8":"product_tag-polvo","10":"first","11":"outofstock","12":"shipping-taxable","13":"purchasable","14":"product-type-simple"},"aioseo_notices":[],"_links":{"self":[{"href":"https:\/\/magoezequias.com.ar\/tienda\/wp-json\/wp\/v2\/product\/631","targetHints":{"allow":["GET"]}}],"collection":[{"href":"https:\/\/magoezequias.com.ar\/tienda\/wp-json\/wp\/v2\/product"}],"about":[{"href":"https:\/\/magoezequias.com.ar\/tienda\/wp-json\/wp\/v2\/types\/product"}],"replies":[{"embeddable":true,"href":"https:\/\/magoezequias.com.ar\/tienda\/wp-json\/wp\/v2\/comments?post=631"}],"version-history":[{"count":0,"href":"https:\/\/magoezequias.com.ar\/tienda\/wp-json\/wp\/v2\/product\/631\/revisions"}],"wp:featuredmedia":[{"embeddable":true,"href":"https:\/\/magoezequias.com.ar\/tienda\/wp-json\/wp\/v2\/media\/632"}],"wp:attachment":[{"href":"https:\/\/magoezequias.com.ar\/tienda\/wp-json\/wp\/v2\/media?parent=631"}],"wp:term":[{"taxonomy":"product_brand","embeddable":true,"href":"https:\/\/magoezequias.com.ar\/tienda\/wp-json\/wp\/v2\/product_brand?post=631"},{"taxonomy":"product_cat","embeddable":true,"href":"https:\/\/magoezequias.com.ar\/tienda\/wp-json\/wp\/v2\/product_cat?post=631"},{"taxonomy":"product_tag","embeddable":true,"href":"https:\/\/magoezequias.com.ar\/tienda\/wp-json\/wp\/v2\/product_tag?post=631"}],"curies":[{"name":"wp","href":"https:\/\/api.w.org\/{rel}","templated":true}]}}