{"id":635,"date":"2016-03-16T22:09:40","date_gmt":"2016-03-16T22:09:40","guid":{"rendered":"https:\/\/magoezequias.com.ar\/tienda\/?post_type=product&#038;p=635"},"modified":"2019-11-20T02:20:01","modified_gmt":"2019-11-20T02:20:01","slug":"asamblea-de-ases-azul","status":"publish","type":"product","link":"https:\/\/magoezequias.com.ar\/tienda\/producto\/asamblea-de-ases-azul","title":{"rendered":"Asamblea de Ases (Azul)"},"content":{"rendered":"<p><a href=\"https:\/\/magoezequias.com.ar\/tienda\/wp-content\/uploads\/2016\/03\/56682-full.png\" rel=\"attachment wp-att-636\"><img fetchpriority=\"high\" decoding=\"async\" class=\"alignleft size-full wp-image-636\" src=\"https:\/\/magoezequias.com.ar\/tienda\/wp-content\/uploads\/2016\/03\/56682-full.png\" alt=\"56682-full\" width=\"400\" height=\"400\" srcset=\"https:\/\/magoezequias.com.ar\/tienda\/wp-content\/uploads\/2016\/03\/56682-full.png 400w, https:\/\/magoezequias.com.ar\/tienda\/wp-content\/uploads\/2016\/03\/56682-full-300x300.png 300w, https:\/\/magoezequias.com.ar\/tienda\/wp-content\/uploads\/2016\/03\/56682-full-90x90.png 90w, https:\/\/magoezequias.com.ar\/tienda\/wp-content\/uploads\/2016\/03\/56682-full-150x150.png 150w\" sizes=\"(max-width: 400px) 100vw, 400px\" \/><\/a><\/p>\n<p>\u00a1Ser\u00e1 capaz de hacer unos de los legendarios cl\u00e1sicos de la cartomagia, ahora para magia de sal\u00f3n o escena y sorprender a p\u00fablicos desde 30 a 300 personas!<br \/>\n\u00a1Con Asamblea de Ases tu p\u00fablico vivir\u00e1 un momento extraordinario!<\/p>\n<p>Incluye gimmick, instrucciones y un video descargable.<\/p>\n<p>* Ultra visual.<br \/>\n* Ning\u00fan movimiento raro.<br \/>\n* No hay carta doble indice.<br \/>\n* Ideal para hacer en sal\u00f3n y escena.<br \/>\n* Viene en dos colores, azul y rojo.<\/p>\n<p><iframe src=\"https:\/\/www.youtube.com\/embed\/Y5yhEFE-csQ\" width=\"560\" height=\"315\" frameborder=\"0\" allowfullscreen=\"allowfullscreen\"><\/iframe><\/p>\n","protected":false},"excerpt":{"rendered":"<p>\u00a1Un gran cl\u00e1sico ahora para magia de sal\u00f3n!<\/p>\n","protected":false},"featured_media":636,"comment_status":"open","ping_status":"closed","template":"","meta":[],"product_brand":[],"product_cat":[12,9],"product_tag":[290,291],"class_list":{"0":"post-635","1":"product","2":"type-product","3":"status-publish","4":"has-post-thumbnail","6":"product_cat-cartomagia","7":"product_cat-salon","8":"product_tag-asamblea","9":"product_tag-ases","11":"first","12":"outofstock","13":"shipping-taxable","14":"purchasable","15":"product-type-simple"},"aioseo_notices":[],"_links":{"self":[{"href":"https:\/\/magoezequias.com.ar\/tienda\/wp-json\/wp\/v2\/product\/635","targetHints":{"allow":["GET"]}}],"collection":[{"href":"https:\/\/magoezequias.com.ar\/tienda\/wp-json\/wp\/v2\/product"}],"about":[{"href":"https:\/\/magoezequias.com.ar\/tienda\/wp-json\/wp\/v2\/types\/product"}],"replies":[{"embeddable":true,"href":"https:\/\/magoezequias.com.ar\/tienda\/wp-json\/wp\/v2\/comments?post=635"}],"version-history":[{"count":0,"href":"https:\/\/magoezequias.com.ar\/tienda\/wp-json\/wp\/v2\/product\/635\/revisions"}],"wp:featuredmedia":[{"embeddable":true,"href":"https:\/\/magoezequias.com.ar\/tienda\/wp-json\/wp\/v2\/media\/636"}],"wp:attachment":[{"href":"https:\/\/magoezequias.com.ar\/tienda\/wp-json\/wp\/v2\/media?parent=635"}],"wp:term":[{"taxonomy":"product_brand","embeddable":true,"href":"https:\/\/magoezequias.com.ar\/tienda\/wp-json\/wp\/v2\/product_brand?post=635"},{"taxonomy":"product_cat","embeddable":true,"href":"https:\/\/magoezequias.com.ar\/tienda\/wp-json\/wp\/v2\/product_cat?post=635"},{"taxonomy":"product_tag","embeddable":true,"href":"https:\/\/magoezequias.com.ar\/tienda\/wp-json\/wp\/v2\/product_tag?post=635"}],"curies":[{"name":"wp","href":"https:\/\/api.w.org\/{rel}","templated":true}]}}