{"id":654,"date":"2016-04-06T21:29:08","date_gmt":"2016-04-06T21:29:08","guid":{"rendered":"https:\/\/magoezequias.com.ar\/tienda\/?post_type=product&#038;p=654"},"modified":"2019-11-20T02:13:20","modified_gmt":"2019-11-20T02:13:20","slug":"botella-cerveza-verde-de-desaparicion-mitad","status":"publish","type":"product","link":"https:\/\/magoezequias.com.ar\/tienda\/producto\/botella-cerveza-verde-de-desaparicion-mitad","title":{"rendered":"Botella Cerveza Verde de Desaparici\u00f3n (Mitad)"},"content":{"rendered":"<p><a href=\"https:\/\/magoezequias.com.ar\/tienda\/wp-content\/uploads\/2016\/04\/superbeergreen_half-full_2.png\" rel=\"attachment wp-att-655\"><img fetchpriority=\"high\" decoding=\"async\" class=\"alignleft size-full wp-image-655\" src=\"https:\/\/magoezequias.com.ar\/tienda\/wp-content\/uploads\/2016\/04\/superbeergreen_half-full_2.png\" alt=\"superbeergreen_half-full_2\" width=\"400\" height=\"400\" srcset=\"https:\/\/magoezequias.com.ar\/tienda\/wp-content\/uploads\/2016\/04\/superbeergreen_half-full_2.png 400w, https:\/\/magoezequias.com.ar\/tienda\/wp-content\/uploads\/2016\/04\/superbeergreen_half-full_2-300x300.png 300w, https:\/\/magoezequias.com.ar\/tienda\/wp-content\/uploads\/2016\/04\/superbeergreen_half-full_2-90x90.png 90w, https:\/\/magoezequias.com.ar\/tienda\/wp-content\/uploads\/2016\/04\/superbeergreen_half-full_2-150x150.png 150w\" sizes=\"(max-width: 400px) 100vw, 400px\" \/><\/a>Una botella de cerveza transparente que parece 100% real, que se realizan con precisi\u00f3n a partir de dos piezas que encajan a la perfecci\u00f3n y que est\u00e1 totalmente sellado para l\u00edquido, un material ideal nuevo que le permitir\u00e1 realizar m\u00faltiples efectos.<\/p>\n<p>Cargar algo en el interior y en la parte inferior de la botella y hacer que aparezca en cualquier momento.<\/p>\n<p>Usted recibir\u00e1 la versi\u00f3n verde\u00a0y una hoja de instrucciones que le mostrar\u00e1 tres pasos sencillos sobre c\u00f3mo eliminar toda etiqueta de botella de cerveza real de su preferencia, y utilizarlo con su botella de cerveza S\u00faper l\u00e1tex.<\/p>\n<p><iframe src=\"https:\/\/www.youtube.com\/embed\/gUXsCqOO1Jo\" width=\"420\" height=\"315\" frameborder=\"0\" allowfullscreen=\"allowfullscreen\"><\/iframe><\/p>\n","protected":false},"excerpt":{"rendered":"<p>Este es el Rolls Royce de todas las botellas de cerveza de l\u00e1tex! Muy visual y sencillo.<\/p>\n","protected":false},"featured_media":655,"comment_status":"open","ping_status":"closed","template":"","meta":[],"product_brand":[],"product_cat":[10,9],"product_tag":[51,300,299,269],"class_list":{"0":"post-654","1":"product","2":"type-product","3":"status-publish","4":"has-post-thumbnail","6":"product_cat-escena","7":"product_cat-salon","8":"product_tag-botella","9":"product_tag-cerveza","10":"product_tag-desaparicion","11":"product_tag-latex","13":"first","14":"outofstock","15":"shipping-taxable","16":"purchasable","17":"product-type-simple"},"aioseo_notices":[],"_links":{"self":[{"href":"https:\/\/magoezequias.com.ar\/tienda\/wp-json\/wp\/v2\/product\/654","targetHints":{"allow":["GET"]}}],"collection":[{"href":"https:\/\/magoezequias.com.ar\/tienda\/wp-json\/wp\/v2\/product"}],"about":[{"href":"https:\/\/magoezequias.com.ar\/tienda\/wp-json\/wp\/v2\/types\/product"}],"replies":[{"embeddable":true,"href":"https:\/\/magoezequias.com.ar\/tienda\/wp-json\/wp\/v2\/comments?post=654"}],"version-history":[{"count":0,"href":"https:\/\/magoezequias.com.ar\/tienda\/wp-json\/wp\/v2\/product\/654\/revisions"}],"wp:featuredmedia":[{"embeddable":true,"href":"https:\/\/magoezequias.com.ar\/tienda\/wp-json\/wp\/v2\/media\/655"}],"wp:attachment":[{"href":"https:\/\/magoezequias.com.ar\/tienda\/wp-json\/wp\/v2\/media?parent=654"}],"wp:term":[{"taxonomy":"product_brand","embeddable":true,"href":"https:\/\/magoezequias.com.ar\/tienda\/wp-json\/wp\/v2\/product_brand?post=654"},{"taxonomy":"product_cat","embeddable":true,"href":"https:\/\/magoezequias.com.ar\/tienda\/wp-json\/wp\/v2\/product_cat?post=654"},{"taxonomy":"product_tag","embeddable":true,"href":"https:\/\/magoezequias.com.ar\/tienda\/wp-json\/wp\/v2\/product_tag?post=654"}],"curies":[{"name":"wp","href":"https:\/\/api.w.org\/{rel}","templated":true}]}}