{"id":660,"date":"2016-04-06T21:51:40","date_gmt":"2016-04-06T21:51:40","guid":{"rendered":"https:\/\/magoezequias.com.ar\/tienda\/?post_type=product&#038;p=660"},"modified":"2019-11-20T02:12:43","modified_gmt":"2019-11-20T02:12:43","slug":"dolar-a-tic-tac","status":"publish","type":"product","link":"https:\/\/magoezequias.com.ar\/tienda\/producto\/dolar-a-tic-tac","title":{"rendered":"D\u00f3lar a Tic Tac"},"content":{"rendered":"<p><a href=\"https:\/\/magoezequias.com.ar\/tienda\/wp-content\/uploads\/2016\/04\/d_lar_a_tic_tac_por_twister_magic.jpg\" rel=\"attachment wp-att-661\"><img fetchpriority=\"high\" decoding=\"async\" class=\"alignleft size-full wp-image-661\" src=\"https:\/\/magoezequias.com.ar\/tienda\/wp-content\/uploads\/2016\/04\/d_lar_a_tic_tac_por_twister_magic.jpg\" alt=\"d_lar_a_tic_tac_por_twister_magic\" width=\"400\" height=\"400\" srcset=\"https:\/\/magoezequias.com.ar\/tienda\/wp-content\/uploads\/2016\/04\/d_lar_a_tic_tac_por_twister_magic.jpg 400w, https:\/\/magoezequias.com.ar\/tienda\/wp-content\/uploads\/2016\/04\/d_lar_a_tic_tac_por_twister_magic-300x300.jpg 300w, https:\/\/magoezequias.com.ar\/tienda\/wp-content\/uploads\/2016\/04\/d_lar_a_tic_tac_por_twister_magic-90x90.jpg 90w, https:\/\/magoezequias.com.ar\/tienda\/wp-content\/uploads\/2016\/04\/d_lar_a_tic_tac_por_twister_magic-150x150.jpg 150w\" sizes=\"(max-width: 400px) 100vw, 400px\" \/><\/a>George Iglesias presenta su nueva creaci\u00f3n inspirada en el exitoso efecto d\u00f3lar a tarjeta de cr\u00e9dito y d\u00f3lar a goma de mascar.<br \/>\nAhora George nos trae este nuevo efecto basado en el mismo principio pero con un final diferente.<\/p>\n<p>Se muestra un billete de d\u00f3lar, y en un abrir y cerrar de ojos se transforma en una caja de Tic Tac que luego puede ser entregado a los espectadores para su examen.<\/p>\n<p>Incluye todo lo necesario para realizar el efecto, inclusive un billete de d\u00f3lar real y un acceso exclusivo para ver las instruciones online.<\/p>\n","protected":false},"excerpt":{"rendered":"<p>Impresiona a tus amigos! Los clientes de negocios! Amigas!<br \/>\nMuy f\u00e1cil de hacer!<\/p>\n","protected":false},"featured_media":661,"comment_status":"open","ping_status":"closed","template":"","meta":[],"product_brand":[],"product_cat":[10,8,9],"product_tag":[272,306,305,304],"class_list":{"0":"post-660","1":"product","2":"type-product","3":"status-publish","4":"has-post-thumbnail","6":"product_cat-escena","7":"product_cat-infantil","8":"product_cat-salon","9":"product_tag-dolar","10":"product_tag-tac","11":"product_tag-tic","12":"product_tag-tictac","14":"first","15":"outofstock","16":"shipping-taxable","17":"purchasable","18":"product-type-simple"},"aioseo_notices":[],"_links":{"self":[{"href":"https:\/\/magoezequias.com.ar\/tienda\/wp-json\/wp\/v2\/product\/660","targetHints":{"allow":["GET"]}}],"collection":[{"href":"https:\/\/magoezequias.com.ar\/tienda\/wp-json\/wp\/v2\/product"}],"about":[{"href":"https:\/\/magoezequias.com.ar\/tienda\/wp-json\/wp\/v2\/types\/product"}],"replies":[{"embeddable":true,"href":"https:\/\/magoezequias.com.ar\/tienda\/wp-json\/wp\/v2\/comments?post=660"}],"version-history":[{"count":0,"href":"https:\/\/magoezequias.com.ar\/tienda\/wp-json\/wp\/v2\/product\/660\/revisions"}],"wp:featuredmedia":[{"embeddable":true,"href":"https:\/\/magoezequias.com.ar\/tienda\/wp-json\/wp\/v2\/media\/661"}],"wp:attachment":[{"href":"https:\/\/magoezequias.com.ar\/tienda\/wp-json\/wp\/v2\/media?parent=660"}],"wp:term":[{"taxonomy":"product_brand","embeddable":true,"href":"https:\/\/magoezequias.com.ar\/tienda\/wp-json\/wp\/v2\/product_brand?post=660"},{"taxonomy":"product_cat","embeddable":true,"href":"https:\/\/magoezequias.com.ar\/tienda\/wp-json\/wp\/v2\/product_cat?post=660"},{"taxonomy":"product_tag","embeddable":true,"href":"https:\/\/magoezequias.com.ar\/tienda\/wp-json\/wp\/v2\/product_tag?post=660"}],"curies":[{"name":"wp","href":"https:\/\/api.w.org\/{rel}","templated":true}]}}