{"id":67,"date":"2014-11-02T23:23:04","date_gmt":"2014-11-02T23:23:04","guid":{"rendered":"https:\/\/magoezequias.com.ar\/tienda\/?post_type=product&#038;p=67"},"modified":"2024-10-13T18:02:35","modified_gmt":"2024-10-13T18:02:35","slug":"sonrisa-magica","status":"publish","type":"product","link":"https:\/\/magoezequias.com.ar\/tienda\/producto\/sonrisa-magica","title":{"rendered":"Sonrisa M\u00e1gica"},"content":{"rendered":"<p><a href=\"https:\/\/magoezequias.com.ar\/tienda\/wp-content\/uploads\/2014\/10\/1sonrisa-con-caja.jpg\"><img fetchpriority=\"high\" decoding=\"async\" class=\"alignnone size-full wp-image-36\" src=\"https:\/\/magoezequias.com.ar\/tienda\/wp-content\/uploads\/2014\/10\/1sonrisa-con-caja.jpg\" alt=\"Sonrisa M\u00e1gica\" width=\"333\" height=\"448\" srcset=\"https:\/\/magoezequias.com.ar\/tienda\/wp-content\/uploads\/2014\/10\/1sonrisa-con-caja.jpg 333w, https:\/\/magoezequias.com.ar\/tienda\/wp-content\/uploads\/2014\/10\/1sonrisa-con-caja-222x300.jpg 222w, https:\/\/magoezequias.com.ar\/tienda\/wp-content\/uploads\/2014\/10\/1sonrisa-con-caja-300x403.jpg 300w\" sizes=\"(max-width: 333px) 100vw, 333px\" \/><\/a><\/p>\n<p style=\"text-align: justify;\">El mago muestra la imagen de un ni\u00f1o con una gran sonrisa y comenta que le encantan las golosinas, en particular las chupaletas, y que se pasaba todo el d\u00eda comi\u00e9ndolas. Los pap\u00e1s ya le hab\u00edan dicho que no como tantas porque le har\u00edan muy mal. Mientras tanto el mago va acercando permanentemente a la boca del ni\u00f1o la chupaleta mostrando como la com\u00eda de un lado y del otro.<\/p>\n<p>&nbsp;<\/p>\n<p style=\"text-align: justify;\">De tanto comer en un determinado momento se observa que el ni\u00f1o perdi\u00f3 casi todos sus dientes. El mago se muestra sorprendido y dice que vamos a necesitar magia para poder ayudarlo y que regresen sus dientes y que sus papis no lo reten.<\/p>\n<p>&nbsp;<\/p>\n<p style=\"text-align: justify;\">El mago pregunta a los ni\u00f1os que se necesita para hacer magia y que aparezcan nuevamente los dientes. Los ni\u00f1os responder\u00e1n UNA VARITA MAGICA. El mago dice que NO y explica que lo m\u00e1gico para cuidar los dientes es el cepillo de dientes y la pasta dental, sacando dichos elementos de gran tama\u00f1o.<\/p>\n<p>&nbsp;<\/p>\n<p style=\"text-align: justify;\">El mago explica que hay que cepillarse los dientes luego de cada comida y realiza la m\u00edmica con el ni\u00f1o, apareciendo nuevamente y m\u00e1gicamente sus dientes brillantes.<\/p>\n<p>&nbsp;<\/p>\n<p style=\"text-align: justify;\">Ezequ\u00edas desarroll\u00f3 todo un acto de magia did\u00e1ctico donde permite concientizar a los nenes y brindarles informaci\u00f3n sobre la salud. Muy visual para sal\u00f3n y escena ya que mide 30 por 20 cent\u00edmetros y de empaque muy peque\u00f1o ya que es s\u00faper fino y liviano.<\/p>\n<p>&nbsp;<\/p>\n<p style=\"text-align: justify;\"><strong>NO SE DEJE ENGA\u00d1AR CON LAS COPIAS DE MALA CALIDAD QUE SE VENDEN POR EL MUNDO.<\/strong><\/p>\n<p style=\"text-align: justify;\"><iframe src=\"https:\/\/www.youtube.com\/embed\/76YZYLFpu1c\" width=\"560\" height=\"315\" frameborder=\"0\" allowfullscreen=\"allowfullscreen\"><\/iframe><\/p>\n","protected":false},"excerpt":{"rendered":"<p>Todo un acto de magia did\u00e1ctico donde permite concientizar a los nenes y brindarles informaci\u00f3n sobre la salud bucal. Muy visual para sal\u00f3n y escena ya que mide 30 por 20 cent\u00edmetros y de empaque muy peque\u00f1o ya que es s\u00faper fino y liviano. Viene con dvd con actuaciones en vivo y explicaciones, m\u00e1s consejos.<\/p>\n","protected":false},"featured_media":35,"comment_status":"open","ping_status":"closed","template":"","meta":[],"product_brand":[],"product_cat":[60,8],"product_tag":[28,17,15,14,27,29,26],"class_list":{"0":"post-67","1":"product","2":"type-product","3":"status-publish","4":"has-post-thumbnail","6":"product_cat-ezequias-2","7":"product_cat-infantil","8":"product_tag-didactica","9":"product_tag-ezequias","10":"product_tag-infantil-2","11":"product_tag-magia","12":"product_tag-magica","13":"product_tag-productos","14":"product_tag-sonrisa","16":"first","17":"instock","18":"shipping-taxable","19":"purchasable","20":"product-type-simple"},"aioseo_notices":[],"_links":{"self":[{"href":"https:\/\/magoezequias.com.ar\/tienda\/wp-json\/wp\/v2\/product\/67","targetHints":{"allow":["GET"]}}],"collection":[{"href":"https:\/\/magoezequias.com.ar\/tienda\/wp-json\/wp\/v2\/product"}],"about":[{"href":"https:\/\/magoezequias.com.ar\/tienda\/wp-json\/wp\/v2\/types\/product"}],"replies":[{"embeddable":true,"href":"https:\/\/magoezequias.com.ar\/tienda\/wp-json\/wp\/v2\/comments?post=67"}],"version-history":[{"count":0,"href":"https:\/\/magoezequias.com.ar\/tienda\/wp-json\/wp\/v2\/product\/67\/revisions"}],"wp:featuredmedia":[{"embeddable":true,"href":"https:\/\/magoezequias.com.ar\/tienda\/wp-json\/wp\/v2\/media\/35"}],"wp:attachment":[{"href":"https:\/\/magoezequias.com.ar\/tienda\/wp-json\/wp\/v2\/media?parent=67"}],"wp:term":[{"taxonomy":"product_brand","embeddable":true,"href":"https:\/\/magoezequias.com.ar\/tienda\/wp-json\/wp\/v2\/product_brand?post=67"},{"taxonomy":"product_cat","embeddable":true,"href":"https:\/\/magoezequias.com.ar\/tienda\/wp-json\/wp\/v2\/product_cat?post=67"},{"taxonomy":"product_tag","embeddable":true,"href":"https:\/\/magoezequias.com.ar\/tienda\/wp-json\/wp\/v2\/product_tag?post=67"}],"curies":[{"name":"wp","href":"https:\/\/api.w.org\/{rel}","templated":true}]}}