{"id":675,"date":"2016-05-23T13:02:40","date_gmt":"2016-05-23T13:02:40","guid":{"rendered":"https:\/\/magoezequias.com.ar\/tienda\/?post_type=product&#038;p=675"},"modified":"2019-11-26T22:59:35","modified_gmt":"2019-11-26T22:59:35","slug":"ladrillo-de-goma-espuma","status":"publish","type":"product","link":"https:\/\/magoezequias.com.ar\/tienda\/producto\/ladrillo-de-goma-espuma","title":{"rendered":"Ladrillo de goma espuma"},"content":{"rendered":"<p><a href=\"https:\/\/magoezequias.com.ar\/tienda\/wp-content\/uploads\/2016\/05\/ladrillo_de_goma_espuma_s_per_blando_.jpg\"><img fetchpriority=\"high\" decoding=\"async\" class=\"alignleft size-full wp-image-676\" src=\"https:\/\/magoezequias.com.ar\/tienda\/wp-content\/uploads\/2016\/05\/ladrillo_de_goma_espuma_s_per_blando_.jpg\" alt=\"ladrillo_de_goma_espuma_s_per_blando_\" width=\"500\" height=\"500\" srcset=\"https:\/\/magoezequias.com.ar\/tienda\/wp-content\/uploads\/2016\/05\/ladrillo_de_goma_espuma_s_per_blando_.jpg 500w, https:\/\/magoezequias.com.ar\/tienda\/wp-content\/uploads\/2016\/05\/ladrillo_de_goma_espuma_s_per_blando_-300x300.jpg 300w, https:\/\/magoezequias.com.ar\/tienda\/wp-content\/uploads\/2016\/05\/ladrillo_de_goma_espuma_s_per_blando_-90x90.jpg 90w, https:\/\/magoezequias.com.ar\/tienda\/wp-content\/uploads\/2016\/05\/ladrillo_de_goma_espuma_s_per_blando_-150x150.jpg 150w\" sizes=\"(max-width: 500px) 100vw, 500px\" \/><\/a><\/p>\n<p>Ladrillo de goma espuma absolutamente real.<\/p>\n<p>Ideal para producci\u00f3n, ya que se puede ocultar en un pu\u00f1o, para gags, para arrojar al p\u00fablico, sacarse del zapato, etc<\/p>\n","protected":false},"excerpt":{"rendered":"<p>Pr\u00e1ctico y visual!!!<\/p>\n","protected":false},"featured_media":676,"comment_status":"open","ping_status":"closed","template":"","meta":[],"product_brand":[],"product_cat":[7,10,9,307],"product_tag":[309],"class_list":{"0":"post-675","1":"product","2":"type-product","3":"status-publish","4":"has-post-thumbnail","6":"product_cat-accesorios","7":"product_cat-escena","8":"product_cat-salon","9":"product_cat-esponjas","10":"product_tag-ladrillo","12":"first","13":"instock","14":"shipping-taxable","15":"purchasable","16":"product-type-simple"},"aioseo_notices":[],"_links":{"self":[{"href":"https:\/\/magoezequias.com.ar\/tienda\/wp-json\/wp\/v2\/product\/675","targetHints":{"allow":["GET"]}}],"collection":[{"href":"https:\/\/magoezequias.com.ar\/tienda\/wp-json\/wp\/v2\/product"}],"about":[{"href":"https:\/\/magoezequias.com.ar\/tienda\/wp-json\/wp\/v2\/types\/product"}],"replies":[{"embeddable":true,"href":"https:\/\/magoezequias.com.ar\/tienda\/wp-json\/wp\/v2\/comments?post=675"}],"version-history":[{"count":0,"href":"https:\/\/magoezequias.com.ar\/tienda\/wp-json\/wp\/v2\/product\/675\/revisions"}],"wp:featuredmedia":[{"embeddable":true,"href":"https:\/\/magoezequias.com.ar\/tienda\/wp-json\/wp\/v2\/media\/676"}],"wp:attachment":[{"href":"https:\/\/magoezequias.com.ar\/tienda\/wp-json\/wp\/v2\/media?parent=675"}],"wp:term":[{"taxonomy":"product_brand","embeddable":true,"href":"https:\/\/magoezequias.com.ar\/tienda\/wp-json\/wp\/v2\/product_brand?post=675"},{"taxonomy":"product_cat","embeddable":true,"href":"https:\/\/magoezequias.com.ar\/tienda\/wp-json\/wp\/v2\/product_cat?post=675"},{"taxonomy":"product_tag","embeddable":true,"href":"https:\/\/magoezequias.com.ar\/tienda\/wp-json\/wp\/v2\/product_tag?post=675"}],"curies":[{"name":"wp","href":"https:\/\/api.w.org\/{rel}","templated":true}]}}