{"id":683,"date":"2016-05-23T14:44:10","date_gmt":"2016-05-23T14:44:10","guid":{"rendered":"https:\/\/magoezequias.com.ar\/tienda\/?post_type=product&#038;p=683"},"modified":"2024-06-22T17:48:15","modified_gmt":"2024-06-22T17:48:15","slug":"zanahorias-de-esponja-multiplicacion","status":"publish","type":"product","link":"https:\/\/magoezequias.com.ar\/tienda\/producto\/zanahorias-de-esponja-multiplicacion","title":{"rendered":"Zanahorias de Esponja (Multiplicaci\u00f3n)"},"content":{"rendered":"<p><a href=\"https:\/\/magoezequias.com.ar\/tienda\/wp-content\/uploads\/2016\/05\/zanahorias_de_esponja_multiplicaci_n_.jpg\"><img fetchpriority=\"high\" decoding=\"async\" class=\"alignleft size-full wp-image-684\" src=\"https:\/\/magoezequias.com.ar\/tienda\/wp-content\/uploads\/2016\/05\/zanahorias_de_esponja_multiplicaci_n_.jpg\" alt=\"zanahorias_de_esponja_multiplicaci_n_\" width=\"500\" height=\"500\" srcset=\"https:\/\/magoezequias.com.ar\/tienda\/wp-content\/uploads\/2016\/05\/zanahorias_de_esponja_multiplicaci_n_.jpg 500w, https:\/\/magoezequias.com.ar\/tienda\/wp-content\/uploads\/2016\/05\/zanahorias_de_esponja_multiplicaci_n_-300x300.jpg 300w, https:\/\/magoezequias.com.ar\/tienda\/wp-content\/uploads\/2016\/05\/zanahorias_de_esponja_multiplicaci_n_-90x90.jpg 90w, https:\/\/magoezequias.com.ar\/tienda\/wp-content\/uploads\/2016\/05\/zanahorias_de_esponja_multiplicaci_n_-150x150.jpg 150w\" sizes=\"(max-width: 500px) 100vw, 500px\" \/><\/a><\/p>\n<p>&nbsp;<\/p>\n<p>Zanahorias de Goma espuma ideal para producci\u00f3n, se puede ocultar en un pu\u00f1o muy f\u00e1cilmente.<\/p>\n<p>El set incluye dos zanahorias grandes y cuatro peque\u00f1as.<\/p>\n","protected":false},"excerpt":{"rendered":"<p>&nbsp; Zanahorias de Goma espuma ideal para producci\u00f3n, se puede ocultar en un pu\u00f1o muy f\u00e1cilmente. El set incluye dos zanahorias grandes y cuatro peque\u00f1as.<\/p>\n","protected":false},"featured_media":684,"comment_status":"open","ping_status":"closed","template":"","meta":[],"product_brand":[],"product_cat":[7,10,307,8,9],"product_tag":[311,314],"class_list":{"0":"post-683","1":"product","2":"type-product","3":"status-publish","4":"has-post-thumbnail","6":"product_cat-accesorios","7":"product_cat-escena","8":"product_cat-esponjas","9":"product_cat-infantil","10":"product_cat-salon","11":"product_tag-esponja","12":"product_tag-zanahoria","14":"first","15":"outofstock","16":"shipping-taxable","17":"purchasable","18":"product-type-simple"},"aioseo_notices":[],"_links":{"self":[{"href":"https:\/\/magoezequias.com.ar\/tienda\/wp-json\/wp\/v2\/product\/683","targetHints":{"allow":["GET"]}}],"collection":[{"href":"https:\/\/magoezequias.com.ar\/tienda\/wp-json\/wp\/v2\/product"}],"about":[{"href":"https:\/\/magoezequias.com.ar\/tienda\/wp-json\/wp\/v2\/types\/product"}],"replies":[{"embeddable":true,"href":"https:\/\/magoezequias.com.ar\/tienda\/wp-json\/wp\/v2\/comments?post=683"}],"version-history":[{"count":0,"href":"https:\/\/magoezequias.com.ar\/tienda\/wp-json\/wp\/v2\/product\/683\/revisions"}],"wp:featuredmedia":[{"embeddable":true,"href":"https:\/\/magoezequias.com.ar\/tienda\/wp-json\/wp\/v2\/media\/684"}],"wp:attachment":[{"href":"https:\/\/magoezequias.com.ar\/tienda\/wp-json\/wp\/v2\/media?parent=683"}],"wp:term":[{"taxonomy":"product_brand","embeddable":true,"href":"https:\/\/magoezequias.com.ar\/tienda\/wp-json\/wp\/v2\/product_brand?post=683"},{"taxonomy":"product_cat","embeddable":true,"href":"https:\/\/magoezequias.com.ar\/tienda\/wp-json\/wp\/v2\/product_cat?post=683"},{"taxonomy":"product_tag","embeddable":true,"href":"https:\/\/magoezequias.com.ar\/tienda\/wp-json\/wp\/v2\/product_tag?post=683"}],"curies":[{"name":"wp","href":"https:\/\/api.w.org\/{rel}","templated":true}]}}