{"id":69,"date":"2014-11-02T23:32:49","date_gmt":"2014-11-02T23:32:49","guid":{"rendered":"https:\/\/magoezequias.com.ar\/tienda\/?post_type=product&#038;p=69"},"modified":"2024-10-31T16:33:45","modified_gmt":"2024-10-31T16:33:45","slug":"corre-payaso-corre","status":"publish","type":"product","link":"https:\/\/magoezequias.com.ar\/tienda\/producto\/corre-payaso-corre","title":{"rendered":"Corre Payaso Corre"},"content":{"rendered":"<p><a href=\"https:\/\/magoezequias.com.ar\/tienda\/wp-content\/uploads\/2014\/10\/1corre-payaso-corre.jpg\"><img fetchpriority=\"high\" decoding=\"async\" class=\"alignnone size-full wp-image-28\" src=\"https:\/\/magoezequias.com.ar\/tienda\/wp-content\/uploads\/2014\/10\/1corre-payaso-corre.jpg\" alt=\"Corre payaso corre\" width=\"448\" height=\"233\" srcset=\"https:\/\/magoezequias.com.ar\/tienda\/wp-content\/uploads\/2014\/10\/1corre-payaso-corre.jpg 448w, https:\/\/magoezequias.com.ar\/tienda\/wp-content\/uploads\/2014\/10\/1corre-payaso-corre-300x156.jpg 300w\" sizes=\"(max-width: 448px) 100vw, 448px\" \/><\/a><\/p>\n<p style=\"text-align: justify;\">Una nueva versi\u00f3n de un cl\u00e1sico de la magia infantil: Corre Payaso corre&#8230;. El mago relata la historia de un payaso de circo que era muy travieso, aparec\u00eda y desaparec\u00eda solo del circo y le gustaba mucho irse a jugar a la casa lindera a la carpa donde jugaba con unos nenes.<\/p>\n<p style=\"text-align: justify;\">\n<p style=\"text-align: justify;\">El mago relata que se enoj\u00f3 tanto que decidi\u00f3 hacerlo desaparecer y ejecuta esa proeza. El mago muestra el circo vac\u00edo, ya sin el payaso, pero los chicos ven como en realidad el payaso se va corriendo a la casa de los vecinos.<\/p>\n<p style=\"text-align: justify;\">\n<p style=\"text-align: justify;\">All\u00ed comienza una secuencia de mucho humor donde el mago nunca ver\u00e1 donde est\u00e1 el payaso (va del circo a la casa, sube a los techos y se asoma por un lado y otro) pero si los chicos. Cuando el mago cree que finalmente desapareci\u00f3 y no est\u00e1 en ning\u00fan lado, guarda la carpa de circo\u2026. pero el travieso payaso vuelve a aparecer.<\/p>\n<p style=\"text-align: justify;\">\n<p style=\"text-align: justify;\">Muy visual para sal\u00f3n y escena ya que mide 40 cm de largo por 26 cent\u00edmetros de alta, su espesor no es mayor a 1 cm, de empaque muy peque\u00f1o, s\u00faper liviano y resistente. Se ejecuta en las manos, totalmente autom\u00e1tico y se puede mantener parado sobre la mesa de trabajo.<\/p>\n<p><iframe src=\"\/\/www.youtube.com\/embed\/h_2WMOQVBY8\" width=\"560\" height=\"315\" frameborder=\"0\" allowfullscreen=\"allowfullscreen\"><\/iframe><\/p>\n<p><iframe src=\"\/\/www.youtube.com\/embed\/YbXE2kJi5f8?list=UUPfFa6osMlHO4HA43bX-L8g\" width=\"560\" height=\"315\" frameborder=\"0\" allowfullscreen=\"allowfullscreen\"><\/iframe><\/p>\n","protected":false},"excerpt":{"rendered":"<p>Una nueva versi\u00f3n de un cl\u00e1sico de la magia infantil: Corre Payaso corre&#8230;.\u00a0Muy visual para sal\u00f3n y escena ya que mide 40 cm de largo por 26 cent\u00edmetros de alta, su espesor no es mayor a 1 cm, de empaque muy peque\u00f1o, s\u00faper liviano y resistente. Se ejecuta en las manos, totalmente autom\u00e1tico y se puede mantener parado sobre la mesa de trabajo.<\/p>\n<p>&nbsp;<\/p>\n","protected":false},"featured_media":28,"comment_status":"open","ping_status":"closed","template":"","meta":[],"product_brand":[],"product_cat":[60,8],"product_tag":[186,30,17,15,14,16,31,29],"class_list":{"0":"post-69","1":"product","2":"type-product","3":"status-publish","4":"has-post-thumbnail","6":"product_cat-ezequias-2","7":"product_cat-infantil","8":"product_tag-conejo","9":"product_tag-corre","10":"product_tag-ezequias","11":"product_tag-infantil-2","12":"product_tag-magia","13":"product_tag-mago","14":"product_tag-payaso","15":"product_tag-productos","17":"first","18":"instock","19":"shipping-taxable","20":"purchasable","21":"product-type-simple"},"aioseo_notices":[],"_links":{"self":[{"href":"https:\/\/magoezequias.com.ar\/tienda\/wp-json\/wp\/v2\/product\/69","targetHints":{"allow":["GET"]}}],"collection":[{"href":"https:\/\/magoezequias.com.ar\/tienda\/wp-json\/wp\/v2\/product"}],"about":[{"href":"https:\/\/magoezequias.com.ar\/tienda\/wp-json\/wp\/v2\/types\/product"}],"replies":[{"embeddable":true,"href":"https:\/\/magoezequias.com.ar\/tienda\/wp-json\/wp\/v2\/comments?post=69"}],"version-history":[{"count":1,"href":"https:\/\/magoezequias.com.ar\/tienda\/wp-json\/wp\/v2\/product\/69\/revisions"}],"predecessor-version":[{"id":2880,"href":"https:\/\/magoezequias.com.ar\/tienda\/wp-json\/wp\/v2\/product\/69\/revisions\/2880"}],"wp:featuredmedia":[{"embeddable":true,"href":"https:\/\/magoezequias.com.ar\/tienda\/wp-json\/wp\/v2\/media\/28"}],"wp:attachment":[{"href":"https:\/\/magoezequias.com.ar\/tienda\/wp-json\/wp\/v2\/media?parent=69"}],"wp:term":[{"taxonomy":"product_brand","embeddable":true,"href":"https:\/\/magoezequias.com.ar\/tienda\/wp-json\/wp\/v2\/product_brand?post=69"},{"taxonomy":"product_cat","embeddable":true,"href":"https:\/\/magoezequias.com.ar\/tienda\/wp-json\/wp\/v2\/product_cat?post=69"},{"taxonomy":"product_tag","embeddable":true,"href":"https:\/\/magoezequias.com.ar\/tienda\/wp-json\/wp\/v2\/product_tag?post=69"}],"curies":[{"name":"wp","href":"https:\/\/api.w.org\/{rel}","templated":true}]}}