{"id":708,"date":"2019-04-30T01:58:43","date_gmt":"2019-04-30T01:58:43","guid":{"rendered":"https:\/\/magoezequias.com.ar\/tienda\/?post_type=product&#038;p=708"},"modified":"2025-12-23T10:53:50","modified_gmt":"2025-12-23T13:53:50","slug":"gane-el-premio","status":"publish","type":"product","link":"https:\/\/magoezequias.com.ar\/tienda\/producto\/gane-el-premio","title":{"rendered":"Gane el Premio"},"content":{"rendered":"<p><a href=\"https:\/\/magoezequias.com.ar\/tienda\/wp-content\/uploads\/2016\/09\/gane-premio-numero-4.jpg\"><img fetchpriority=\"high\" decoding=\"async\" class=\"aligncenter size-full wp-image-1395\" src=\"https:\/\/magoezequias.com.ar\/tienda\/wp-content\/uploads\/2016\/09\/gane-premio-numero-4.jpg\" alt=\"\" width=\"1024\" height=\"743\" srcset=\"https:\/\/magoezequias.com.ar\/tienda\/wp-content\/uploads\/2016\/09\/gane-premio-numero-4.jpg 1024w, https:\/\/magoezequias.com.ar\/tienda\/wp-content\/uploads\/2016\/09\/gane-premio-numero-4-300x218.jpg 300w, https:\/\/magoezequias.com.ar\/tienda\/wp-content\/uploads\/2016\/09\/gane-premio-numero-4-768x557.jpg 768w\" sizes=\"(max-width: 1024px) 100vw, 1024px\" \/><\/a><a href=\"https:\/\/magoezequias.com.ar\/tienda\/wp-content\/uploads\/2016\/09\/gana-el-premio2.jpg\"><br \/>\n<\/a><\/p>\n<p style=\"text-align: justify;\">Se muestran cuatro bolsas de tela de colores diferentes y con n\u00fameros del 1 al 4, ocultando cuatro copas o vasos transparentes. Tres espectadores seleccionan con entera libertad tres de las copas, dejando la tercera para el Mago.<\/p>\n<p>No hay forzaje, la elecci\u00f3n de los colores o n\u00fameros es totalmente libre.<\/p>\n<p style=\"text-align: justify;\">Muy claramente se levantan las bolsas que los espectadores han elegido y en el vaso aparece un papel en blanco o tiene escrito \u201cGan\u00f3 un gran aplauso\u00a8, sin ning\u00fan movimiento extra\u00f1o se levanta la bolsa que cubre el vaso que han dejado para el mago y en su interior hay un billete de gran valor.<\/p>\n<p>Se entregan las cuatro bolsas especiales de tela en cuatro colores diferentes, adem\u00e1s de un lado est\u00e1n enumeradas del 1 ali 4, mientras que del otro lado tienen 4 figuras, c\u00edrculo, cruz, triangulo y cuadrado. Esto le permitir\u00e1 realizar la presentaci\u00f3n que usted desee.<\/p>\n<p style=\"text-align: justify;\">Podr\u00e1 realizar este juego con cualquier vaso o copa transparente que quepa en las bolsas.<\/p>\n<p>En una fiesta infantil podr\u00eda reemplazar el billete por una golosina como caramelos o chupetines.<\/p>\n<p>El juego se prepara en pocos segundos, es autom\u00e1tico. Usted deber\u00e1 utilizar sus propios vasos o copas.<\/p>\n","protected":false},"excerpt":{"rendered":"<p style=\"text-align: justify;\">Un juego muy sencillo, que se presta para una gran comedia, donde el mago otorga todas las chances pero siempre gana.<\/p>\n","protected":false},"featured_media":1395,"comment_status":"open","ping_status":"closed","template":"","meta":[],"product_brand":[],"product_cat":[60,8,9],"product_tag":[108,192,93,315,316,109],"class_list":{"0":"post-708","1":"product","2":"type-product","3":"status-publish","4":"has-post-thumbnail","6":"product_cat-ezequias-2","7":"product_cat-infantil","8":"product_cat-salon","9":"product_tag-billete","10":"product_tag-bolsa","11":"product_tag-copa","12":"product_tag-gane","13":"product_tag-premio","14":"product_tag-vaso","16":"first","17":"outofstock","18":"shipping-taxable","19":"purchasable","20":"product-type-simple"},"aioseo_notices":[],"_links":{"self":[{"href":"https:\/\/magoezequias.com.ar\/tienda\/wp-json\/wp\/v2\/product\/708","targetHints":{"allow":["GET"]}}],"collection":[{"href":"https:\/\/magoezequias.com.ar\/tienda\/wp-json\/wp\/v2\/product"}],"about":[{"href":"https:\/\/magoezequias.com.ar\/tienda\/wp-json\/wp\/v2\/types\/product"}],"replies":[{"embeddable":true,"href":"https:\/\/magoezequias.com.ar\/tienda\/wp-json\/wp\/v2\/comments?post=708"}],"version-history":[{"count":1,"href":"https:\/\/magoezequias.com.ar\/tienda\/wp-json\/wp\/v2\/product\/708\/revisions"}],"predecessor-version":[{"id":18391,"href":"https:\/\/magoezequias.com.ar\/tienda\/wp-json\/wp\/v2\/product\/708\/revisions\/18391"}],"wp:featuredmedia":[{"embeddable":true,"href":"https:\/\/magoezequias.com.ar\/tienda\/wp-json\/wp\/v2\/media\/1395"}],"wp:attachment":[{"href":"https:\/\/magoezequias.com.ar\/tienda\/wp-json\/wp\/v2\/media?parent=708"}],"wp:term":[{"taxonomy":"product_brand","embeddable":true,"href":"https:\/\/magoezequias.com.ar\/tienda\/wp-json\/wp\/v2\/product_brand?post=708"},{"taxonomy":"product_cat","embeddable":true,"href":"https:\/\/magoezequias.com.ar\/tienda\/wp-json\/wp\/v2\/product_cat?post=708"},{"taxonomy":"product_tag","embeddable":true,"href":"https:\/\/magoezequias.com.ar\/tienda\/wp-json\/wp\/v2\/product_tag?post=708"}],"curies":[{"name":"wp","href":"https:\/\/api.w.org\/{rel}","templated":true}]}}