{"id":71,"date":"2014-11-02T23:44:23","date_gmt":"2014-11-02T23:44:23","guid":{"rendered":"https:\/\/magoezequias.com.ar\/tienda\/?post_type=product&#038;p=71"},"modified":"2019-11-20T03:05:16","modified_gmt":"2019-11-20T03:05:16","slug":"mike-wazowski-en-patineta","status":"publish","type":"product","link":"https:\/\/magoezequias.com.ar\/tienda\/producto\/mike-wazowski-en-patineta","title":{"rendered":"Mike Wazowski en patineta"},"content":{"rendered":"<p><a href=\"https:\/\/magoezequias.com.ar\/tienda\/wp-content\/uploads\/2014\/10\/1mike-en-patineta.jpg\"><img fetchpriority=\"high\" decoding=\"async\" class=\"alignnone size-full wp-image-31\" src=\"https:\/\/magoezequias.com.ar\/tienda\/wp-content\/uploads\/2014\/10\/1mike-en-patineta.jpg\" alt=\"Mike en patineta\" width=\"448\" height=\"233\" srcset=\"https:\/\/magoezequias.com.ar\/tienda\/wp-content\/uploads\/2014\/10\/1mike-en-patineta.jpg 448w, https:\/\/magoezequias.com.ar\/tienda\/wp-content\/uploads\/2014\/10\/1mike-en-patineta-300x156.jpg 300w\" sizes=\"(max-width: 448px) 100vw, 448px\" \/><\/a><\/p>\n<p>El mago cuenta que tiene un amigo que tal vez conozcan y muestra a Mike <em>Wazowski<\/em>\u00a0el personaje de las pel\u00edculas de Disney Pixar, Monsters y relata que le encanta andar en patinetas. Mike andaba tan r\u00e1pido de un lugar para otro que se cay\u00f3 y perdi\u00f3 su ojo (acci\u00f3n que se ejecuta).<\/p>\n<p>Ante esto va en busca de su amigo mago para solucionar el problema. All\u00ed el mago con la ayuda de los nenes van a solucionar el problema. Tapan a Mike con un pa\u00f1uelo, ya que es un monstruo y ellos andan en la oscuridad.<\/p>\n<p>Con unos pases m\u00e1gicos, desaparece el ojo perdido y al levantar el pa\u00f1uelo viaj\u00f3 m\u00e1gicamente a nuestro amigo, que ahora puede seguir disfrutando de la patineta.<\/p>\n<p>&nbsp;<\/p>\n<p>Una rutina con un personaje s\u00faper conocido por los chicos, muy visual para sal\u00f3n y escena ya que mide30 por 20 cent\u00edmetros, de empaque muy peque\u00f1o ya que es s\u00faper fino y liviano.<\/p>\n<p>&nbsp;<\/p>\n<p>Viene con dvd con actuaciones en vivo y explicaciones, m\u00e1s consejos.<\/p>\n<p>&nbsp;<\/p>\n","protected":false},"excerpt":{"rendered":"<p>El mago cuenta que tiene un amigo que tal vez conozcan y muestra a Mike <em>Wazowski<\/em>\u00a0el personaje de las pel\u00edculas de Disney Pixar, Monsters.\u00a0Una rutina con un personaje s\u00faper conocido por los chicos, muy visual para sal\u00f3n y escena ya que mide 30 por 20 cent\u00edmetros, de empaque muy peque\u00f1o ya que es s\u00faper fino y liviano.<\/p>\n<p>&nbsp;<\/p>\n","protected":false},"featured_media":31,"comment_status":"open","ping_status":"closed","template":"","meta":[],"product_brand":[],"product_cat":[60,8],"product_tag":[17,15,14,32,33,29,34],"class_list":{"0":"post-71","1":"product","2":"type-product","3":"status-publish","4":"has-post-thumbnail","6":"product_cat-ezequias-2","7":"product_cat-infantil","8":"product_tag-ezequias","9":"product_tag-infantil-2","10":"product_tag-magia","11":"product_tag-mike","12":"product_tag-patineta","13":"product_tag-productos","14":"product_tag-wazowski","16":"first","17":"outofstock","18":"shipping-taxable","19":"purchasable","20":"product-type-simple"},"aioseo_notices":[],"_links":{"self":[{"href":"https:\/\/magoezequias.com.ar\/tienda\/wp-json\/wp\/v2\/product\/71","targetHints":{"allow":["GET"]}}],"collection":[{"href":"https:\/\/magoezequias.com.ar\/tienda\/wp-json\/wp\/v2\/product"}],"about":[{"href":"https:\/\/magoezequias.com.ar\/tienda\/wp-json\/wp\/v2\/types\/product"}],"replies":[{"embeddable":true,"href":"https:\/\/magoezequias.com.ar\/tienda\/wp-json\/wp\/v2\/comments?post=71"}],"version-history":[{"count":0,"href":"https:\/\/magoezequias.com.ar\/tienda\/wp-json\/wp\/v2\/product\/71\/revisions"}],"wp:featuredmedia":[{"embeddable":true,"href":"https:\/\/magoezequias.com.ar\/tienda\/wp-json\/wp\/v2\/media\/31"}],"wp:attachment":[{"href":"https:\/\/magoezequias.com.ar\/tienda\/wp-json\/wp\/v2\/media?parent=71"}],"wp:term":[{"taxonomy":"product_brand","embeddable":true,"href":"https:\/\/magoezequias.com.ar\/tienda\/wp-json\/wp\/v2\/product_brand?post=71"},{"taxonomy":"product_cat","embeddable":true,"href":"https:\/\/magoezequias.com.ar\/tienda\/wp-json\/wp\/v2\/product_cat?post=71"},{"taxonomy":"product_tag","embeddable":true,"href":"https:\/\/magoezequias.com.ar\/tienda\/wp-json\/wp\/v2\/product_tag?post=71"}],"curies":[{"name":"wp","href":"https:\/\/api.w.org\/{rel}","templated":true}]}}