{"id":715,"date":"2016-09-14T01:52:07","date_gmt":"2016-09-14T01:52:07","guid":{"rendered":"https:\/\/magoezequias.com.ar\/tienda\/?post_type=product&#038;p=715"},"modified":"2021-10-20T17:09:14","modified_gmt":"2021-10-20T17:09:14","slug":"caja-del-diablo-davenports-box","status":"publish","type":"product","link":"https:\/\/magoezequias.com.ar\/tienda\/producto\/caja-del-diablo-davenports-box","title":{"rendered":"Caja del Diablo &#8211; Davenports Box"},"content":{"rendered":"<p style=\"text-align: center;\"><a href=\"https:\/\/magoezequias.com.ar\/tienda\/wp-content\/uploads\/2016\/09\/box3.jpg\"><img fetchpriority=\"high\" decoding=\"async\" class=\"size-full wp-image-717 aligncenter\" src=\"https:\/\/magoezequias.com.ar\/tienda\/wp-content\/uploads\/2016\/09\/box3.jpg\" alt=\"box3\" width=\"448\" height=\"297\" srcset=\"https:\/\/magoezequias.com.ar\/tienda\/wp-content\/uploads\/2016\/09\/box3.jpg 448w, https:\/\/magoezequias.com.ar\/tienda\/wp-content\/uploads\/2016\/09\/box3-300x199.jpg 300w\" sizes=\"(max-width: 448px) 100vw, 448px\" \/><\/a><\/p>\n<p>&nbsp;<\/p>\n<p>Una caja con mil utilidades!!!! Conocida como caja del diablo y creada por Davenports esta peque\u00f1a caja le permitir\u00e1 realizar m\u00faltiples efectos.<\/p>\n<p>&nbsp;<\/p>\n<p>El mago puede mostrar la caja vac\u00eda y producir desde ella distintos objetos como pa\u00f1uelos, bolas, cintas, etc.<\/p>\n<p>Muy \u00fatil para desapariciones de los m\u00e1s variados objetos como pa\u00f1uelos, cintas, etc.<\/p>\n<p>Con esta peque\u00f1a caja podr\u00e1 cambiar un objeto por otro, pa\u00f1uelo carta, rutinas con productos de goma espuma, blendos, etc.<\/p>\n<p>&nbsp;<\/p>\n<p>Totalmente construida en madera, para que sea muy durable.<\/p>\n<p>&nbsp;<\/p>\n<p>Una caja ideal para rutinas musicales o de sal\u00f3n.<\/p>\n<p>&nbsp;<\/p>\n<p><strong>VIDEO:<\/strong><\/p>\n<p><iframe src=\"https:\/\/www.youtube.com\/embed\/sjco4LmZVZc\" width=\"560\" height=\"315\" frameborder=\"0\" allowfullscreen=\"allowfullscreen\"><\/iframe><\/p>\n","protected":false},"excerpt":{"rendered":"<p>Una caja ideal para rutinas musicales o de sal\u00f3n.<\/p>\n","protected":false},"featured_media":717,"comment_status":"open","ping_status":"closed","template":"","meta":[],"product_brand":[],"product_cat":[60,8,9],"product_tag":[318,207,317,172,17],"class_list":{"0":"post-715","1":"product","2":"type-product","3":"status-publish","4":"has-post-thumbnail","6":"product_cat-ezequias-2","7":"product_cat-infantil","8":"product_cat-salon","9":"product_tag-box","10":"product_tag-caja","11":"product_tag-davenports","12":"product_tag-diablo","13":"product_tag-ezequias","15":"first","16":"outofstock","17":"shipping-taxable","18":"purchasable","19":"product-type-simple"},"aioseo_notices":[],"_links":{"self":[{"href":"https:\/\/magoezequias.com.ar\/tienda\/wp-json\/wp\/v2\/product\/715","targetHints":{"allow":["GET"]}}],"collection":[{"href":"https:\/\/magoezequias.com.ar\/tienda\/wp-json\/wp\/v2\/product"}],"about":[{"href":"https:\/\/magoezequias.com.ar\/tienda\/wp-json\/wp\/v2\/types\/product"}],"replies":[{"embeddable":true,"href":"https:\/\/magoezequias.com.ar\/tienda\/wp-json\/wp\/v2\/comments?post=715"}],"version-history":[{"count":0,"href":"https:\/\/magoezequias.com.ar\/tienda\/wp-json\/wp\/v2\/product\/715\/revisions"}],"wp:featuredmedia":[{"embeddable":true,"href":"https:\/\/magoezequias.com.ar\/tienda\/wp-json\/wp\/v2\/media\/717"}],"wp:attachment":[{"href":"https:\/\/magoezequias.com.ar\/tienda\/wp-json\/wp\/v2\/media?parent=715"}],"wp:term":[{"taxonomy":"product_brand","embeddable":true,"href":"https:\/\/magoezequias.com.ar\/tienda\/wp-json\/wp\/v2\/product_brand?post=715"},{"taxonomy":"product_cat","embeddable":true,"href":"https:\/\/magoezequias.com.ar\/tienda\/wp-json\/wp\/v2\/product_cat?post=715"},{"taxonomy":"product_tag","embeddable":true,"href":"https:\/\/magoezequias.com.ar\/tienda\/wp-json\/wp\/v2\/product_tag?post=715"}],"curies":[{"name":"wp","href":"https:\/\/api.w.org\/{rel}","templated":true}]}}