{"id":727,"date":"2016-10-07T02:19:00","date_gmt":"2016-10-07T02:19:00","guid":{"rendered":"https:\/\/magoezequias.com.ar\/tienda\/?post_type=product&#038;p=727"},"modified":"2019-11-20T02:08:47","modified_gmt":"2019-11-20T02:08:47","slug":"bolsa-desaparicion-de-paloma","status":"publish","type":"product","link":"https:\/\/magoezequias.com.ar\/tienda\/producto\/bolsa-desaparicion-de-paloma","title":{"rendered":"Bolsa desaparici\u00f3n de paloma"},"content":{"rendered":"<p><a href=\"https:\/\/magoezequias.com.ar\/tienda\/wp-content\/uploads\/2016\/10\/bolsa-paloma.jpg\"><img fetchpriority=\"high\" decoding=\"async\" class=\"alignleft  wp-image-729\" src=\"https:\/\/magoezequias.com.ar\/tienda\/wp-content\/uploads\/2016\/10\/bolsa-paloma.jpg\" alt=\"bolsa-paloma\" width=\"327\" height=\"274\" srcset=\"https:\/\/magoezequias.com.ar\/tienda\/wp-content\/uploads\/2016\/10\/bolsa-paloma.jpg 414w, https:\/\/magoezequias.com.ar\/tienda\/wp-content\/uploads\/2016\/10\/bolsa-paloma-300x251.jpg 300w\" sizes=\"(max-width: 327px) 100vw, 327px\" \/><\/a><\/p>\n<p>&nbsp;<\/p>\n<p><a href=\"https:\/\/magoezequias.com.ar\/tienda\/wp-content\/uploads\/2016\/10\/DSCN0591.jpg\"><img decoding=\"async\" class=\"alignleft  wp-image-730\" src=\"https:\/\/magoezequias.com.ar\/tienda\/wp-content\/uploads\/2016\/10\/DSCN0591.jpg\" alt=\"dscn0591\" width=\"329\" height=\"247\" srcset=\"https:\/\/magoezequias.com.ar\/tienda\/wp-content\/uploads\/2016\/10\/DSCN0591.jpg 640w, https:\/\/magoezequias.com.ar\/tienda\/wp-content\/uploads\/2016\/10\/DSCN0591-300x225.jpg 300w\" sizes=\"(max-width: 329px) 100vw, 329px\" \/><\/a>El mago muestra una bolsa de tela completamente vac\u00eda, coloca una paloma dentro, dice las palabras m\u00e1gicas, y abre totalmente la bolsa ya que tiene abrojos y muestra que dentro de ella sale un pa\u00f1uelo blanco y la paloma desapareci\u00f3.<\/p>\n<p>&nbsp;<\/p>\n<p>&nbsp;<br \/>\nMuchas posibilidades de presentaci\u00f3n. Un accesorio muy \u00fatil y pr\u00e1ctico ya que podr\u00e1 utilizarlo para hacer desaparecer o transformar cualquier elemento.<\/p>\n","protected":false},"excerpt":{"rendered":"<p>&nbsp; El mago muestra una bolsa de tela completamente vac\u00eda, coloca una paloma dentro, dice las palabras m\u00e1gicas, y abre totalmente la bolsa ya que tiene abrojos y muestra que dentro de ella sale un pa\u00f1uelo blanco y la paloma desapareci\u00f3. &nbsp; &nbsp; Muchas posibilidades de presentaci\u00f3n. Un accesorio muy \u00fatil y pr\u00e1ctico ya que [&hellip;]<\/p>\n","protected":false},"featured_media":729,"comment_status":"open","ping_status":"closed","template":"","meta":[],"product_brand":[],"product_cat":[319,7,9],"product_tag":[192,299,323],"class_list":{"0":"post-727","1":"product","2":"type-product","3":"status-publish","4":"has-post-thumbnail","6":"product_cat-principiantes","7":"product_cat-accesorios","8":"product_cat-salon","9":"product_tag-bolsa","10":"product_tag-desaparicion","11":"product_tag-paloma","13":"first","14":"outofstock","15":"shipping-taxable","16":"purchasable","17":"product-type-simple"},"aioseo_notices":[],"_links":{"self":[{"href":"https:\/\/magoezequias.com.ar\/tienda\/wp-json\/wp\/v2\/product\/727","targetHints":{"allow":["GET"]}}],"collection":[{"href":"https:\/\/magoezequias.com.ar\/tienda\/wp-json\/wp\/v2\/product"}],"about":[{"href":"https:\/\/magoezequias.com.ar\/tienda\/wp-json\/wp\/v2\/types\/product"}],"replies":[{"embeddable":true,"href":"https:\/\/magoezequias.com.ar\/tienda\/wp-json\/wp\/v2\/comments?post=727"}],"version-history":[{"count":0,"href":"https:\/\/magoezequias.com.ar\/tienda\/wp-json\/wp\/v2\/product\/727\/revisions"}],"wp:featuredmedia":[{"embeddable":true,"href":"https:\/\/magoezequias.com.ar\/tienda\/wp-json\/wp\/v2\/media\/729"}],"wp:attachment":[{"href":"https:\/\/magoezequias.com.ar\/tienda\/wp-json\/wp\/v2\/media?parent=727"}],"wp:term":[{"taxonomy":"product_brand","embeddable":true,"href":"https:\/\/magoezequias.com.ar\/tienda\/wp-json\/wp\/v2\/product_brand?post=727"},{"taxonomy":"product_cat","embeddable":true,"href":"https:\/\/magoezequias.com.ar\/tienda\/wp-json\/wp\/v2\/product_cat?post=727"},{"taxonomy":"product_tag","embeddable":true,"href":"https:\/\/magoezequias.com.ar\/tienda\/wp-json\/wp\/v2\/product_tag?post=727"}],"curies":[{"name":"wp","href":"https:\/\/api.w.org\/{rel}","templated":true}]}}