{"id":73,"date":"2014-11-02T23:49:11","date_gmt":"2014-11-02T23:49:11","guid":{"rendered":"https:\/\/magoezequias.com.ar\/tienda\/?post_type=product&#038;p=73"},"modified":"2019-11-25T14:49:36","modified_gmt":"2019-11-25T14:49:36","slug":"pepe-y-pepa-pasa-pasa","status":"publish","type":"product","link":"https:\/\/magoezequias.com.ar\/tienda\/producto\/pepe-y-pepa-pasa-pasa","title":{"rendered":"Pepe Y Pepa pasa pasa"},"content":{"rendered":"<p><a href=\"https:\/\/magoezequias.com.ar\/tienda\/wp-content\/uploads\/2014\/10\/1Pepe-pasa-pasa.jpg\"><img fetchpriority=\"high\" decoding=\"async\" class=\"alignnone size-full wp-image-34\" src=\"https:\/\/magoezequias.com.ar\/tienda\/wp-content\/uploads\/2014\/10\/1Pepe-pasa-pasa.jpg\" alt=\"Pepe pasa pasa\" width=\"448\" height=\"269\" srcset=\"https:\/\/magoezequias.com.ar\/tienda\/wp-content\/uploads\/2014\/10\/1Pepe-pasa-pasa.jpg 448w, https:\/\/magoezequias.com.ar\/tienda\/wp-content\/uploads\/2014\/10\/1Pepe-pasa-pasa-300x180.jpg 300w\" sizes=\"(max-width: 448px) 100vw, 448px\" \/><\/a><\/p>\n<p>El mago muestra al Sapo Pepe y la Sapa Pepa coloc\u00e1ndolos separados y cada uno cubierto con un rect\u00e1ngulo decorado de modo diferente. Luego los sapos de forma muy traviesa y m\u00e1gicamente han cambiado de lugar, repitiendo el efecto varias veces, hasta que el p\u00fablico comienza a sospechar que el secreto est\u00e1 en que el mago est\u00e1 haciendo trampa y que solamente da vuelta cada panel.<\/p>\n<p>Luego de un buen rato de comedia el mago acepta dar vuelta los paneles y all\u00ed aparecen el dibujo de un gran sapo, el pap\u00e1 de Pepe y Pepa que los reta por estar haciendo travesuras y en el otro panel el dibujo de un mago que era en definitiva quien cambiaba m\u00e1gicamente de lugar a nuestros amigos.<\/p>\n<p>Un juego ideal para shows de magia infantil, con un tama\u00f1o muy visual tanto para sal\u00f3n como escena, 23 por 15 cm. El mecanismo es magn\u00e9tico para trabajar con absoluta comodidad y seguridad.<\/p>\n<p>Viene con dvd con actuaciones en vivo y explicaciones, m\u00e1s consejos.<\/p>\n<p>&nbsp;<\/p>\n<p>&nbsp;<\/p>\n<p><iframe src=\"\/\/www.youtube.com\/embed\/XaVxiHIpopE?list=UUPfFa6osMlHO4HA43bX-L8g\" width=\"560\" height=\"315\" frameborder=\"0\" allowfullscreen=\"allowfullscreen\"><\/iframe><\/p>\n","protected":false},"excerpt":{"rendered":"<p>El cl\u00e1sico juego de magia infantil en una nueva versi\u00f3n, con los personajes del Sapo Pepe y la Sapa Pepa.\u00a0Un juego con un tama\u00f1o muy visual tanto para sal\u00f3n como escena, 23 por 15 cm. El mecanismo es magn\u00e9tico para trabajar con absoluta comodidad y seguridad.<\/p>\n<p>&nbsp;<\/p>\n","protected":false},"featured_media":34,"comment_status":"open","ping_status":"closed","template":"","meta":[],"product_brand":[],"product_cat":[60,8,9],"product_tag":[17,15,14,38,36,35,29,37],"class_list":{"0":"post-73","1":"product","2":"type-product","3":"status-publish","4":"has-post-thumbnail","6":"product_cat-ezequias-2","7":"product_cat-infantil","8":"product_cat-salon","9":"product_tag-ezequias","10":"product_tag-infantil-2","11":"product_tag-magia","12":"product_tag-pasa","13":"product_tag-pepa","14":"product_tag-pepe","15":"product_tag-productos","16":"product_tag-sapo","18":"first","19":"outofstock","20":"shipping-taxable","21":"purchasable","22":"product-type-simple"},"aioseo_notices":[],"_links":{"self":[{"href":"https:\/\/magoezequias.com.ar\/tienda\/wp-json\/wp\/v2\/product\/73","targetHints":{"allow":["GET"]}}],"collection":[{"href":"https:\/\/magoezequias.com.ar\/tienda\/wp-json\/wp\/v2\/product"}],"about":[{"href":"https:\/\/magoezequias.com.ar\/tienda\/wp-json\/wp\/v2\/types\/product"}],"replies":[{"embeddable":true,"href":"https:\/\/magoezequias.com.ar\/tienda\/wp-json\/wp\/v2\/comments?post=73"}],"version-history":[{"count":0,"href":"https:\/\/magoezequias.com.ar\/tienda\/wp-json\/wp\/v2\/product\/73\/revisions"}],"wp:featuredmedia":[{"embeddable":true,"href":"https:\/\/magoezequias.com.ar\/tienda\/wp-json\/wp\/v2\/media\/34"}],"wp:attachment":[{"href":"https:\/\/magoezequias.com.ar\/tienda\/wp-json\/wp\/v2\/media?parent=73"}],"wp:term":[{"taxonomy":"product_brand","embeddable":true,"href":"https:\/\/magoezequias.com.ar\/tienda\/wp-json\/wp\/v2\/product_brand?post=73"},{"taxonomy":"product_cat","embeddable":true,"href":"https:\/\/magoezequias.com.ar\/tienda\/wp-json\/wp\/v2\/product_cat?post=73"},{"taxonomy":"product_tag","embeddable":true,"href":"https:\/\/magoezequias.com.ar\/tienda\/wp-json\/wp\/v2\/product_tag?post=73"}],"curies":[{"name":"wp","href":"https:\/\/api.w.org\/{rel}","templated":true}]}}