{"id":732,"date":"2016-10-07T02:38:11","date_gmt":"2016-10-07T02:38:11","guid":{"rendered":"https:\/\/magoezequias.com.ar\/tienda\/?post_type=product&#038;p=732"},"modified":"2023-05-18T01:51:20","modified_gmt":"2023-05-18T01:51:20","slug":"dlite-rojo","status":"publish","type":"product","link":"https:\/\/magoezequias.com.ar\/tienda\/producto\/dlite-rojo","title":{"rendered":"D\u00b4lite &#8211; Rojo"},"content":{"rendered":"<p style=\"text-align: justify;\"><a href=\"https:\/\/magoezequias.com.ar\/tienda\/wp-content\/uploads\/2016\/10\/delit.jpg\"><img fetchpriority=\"high\" decoding=\"async\" class=\"alignleft wp-image-733\" src=\"https:\/\/magoezequias.com.ar\/tienda\/wp-content\/uploads\/2016\/10\/delit.jpg\" alt=\"delit\" width=\"329\" height=\"207\" srcset=\"https:\/\/magoezequias.com.ar\/tienda\/wp-content\/uploads\/2016\/10\/delit.jpg 444w, https:\/\/magoezequias.com.ar\/tienda\/wp-content\/uploads\/2016\/10\/delit-300x189.jpg 300w\" sizes=\"(max-width: 329px) 100vw, 329px\" \/><\/a>KIT D&#8217;lite (par) de color rojo. Un accesorio que le permitir\u00e1 crear m\u00faltiples rutinas y diferentes efectos.<\/p>\n<p style=\"text-align: justify;\">Una luz roja y brillante aparece, desaparece y levita sobre las manos del mago. El artista muestra permanentemente las manos vac\u00edas, pero cuando el lo desea y siempre bajo su control, la luz puede ir y venir de un lado hac\u00eda otro.<\/p>\n<p style=\"text-align: justify;\">Ideal para llevar magia a todas partes. En la mano del mago se genera una luz brillante de color rojo, la tira al aire y m\u00e1gicamente la luz vuelve a la mano del mago. Muchos usos\u2026 solamente su imaginaci\u00f3n es el l\u00edmite. Un efecto que no debe faltar en su repertorio<\/p>\n<p style=\"text-align: justify;\">Con estos D\u00b4lite el mago podr\u00e1 producir una luz roja en la punta de sus manos que se vieron totalmente vac\u00edas, esto lo podr\u00e1 repetir las veces que quiera. Adem\u00e1s al recibir dos accesorios puede combinarlos y hacerlo viajar de mano a mano, guardar la luz en un bolsillo, etc.<\/p>\n<p>&nbsp;<\/p>\n<p>Uno de los efectos que m\u00e1s se vende a nivel mundial. Ideal para rutinas musicales.<\/p>\n<p>&nbsp;<\/p>\n<p>El sistema permite cambiar las pilas con suma facilidad.<\/p>\n<p><strong>Usted recibe dos accesorios.<\/strong><\/p>\n<p>&nbsp;<\/p>\n","protected":false},"excerpt":{"rendered":"<p>KIT D&#8217;lite (par) de color rojo. Un accesorio que le permitir\u00e1 crear m\u00faltiples rutinas y diferentes efectos. Una luz roja y brillante aparece, desaparece y levita sobre las manos del mago. El artista muestra permanentemente las manos vac\u00edas, pero cuando el lo desea y siempre bajo su control, la luz puede ir y venir de [&hellip;]<\/p>\n","protected":false},"featured_media":733,"comment_status":"open","ping_status":"closed","template":"","meta":[],"product_brand":[],"product_cat":[7,10,8,319,9],"product_tag":[328,462,327,460,329,461,326],"class_list":{"0":"post-732","1":"product","2":"type-product","3":"status-publish","4":"has-post-thumbnail","6":"product_cat-accesorios","7":"product_cat-escena","8":"product_cat-infantil","9":"product_cat-principiantes","10":"product_cat-salon","11":"product_tag-dlite","12":"product_tag-dedos","13":"product_tag-fp","14":"product_tag-luces","15":"product_tag-luz","16":"product_tag-manos","17":"product_tag-rojo","19":"first","20":"instock","21":"shipping-taxable","22":"purchasable","23":"product-type-simple"},"aioseo_notices":[],"_links":{"self":[{"href":"https:\/\/magoezequias.com.ar\/tienda\/wp-json\/wp\/v2\/product\/732","targetHints":{"allow":["GET"]}}],"collection":[{"href":"https:\/\/magoezequias.com.ar\/tienda\/wp-json\/wp\/v2\/product"}],"about":[{"href":"https:\/\/magoezequias.com.ar\/tienda\/wp-json\/wp\/v2\/types\/product"}],"replies":[{"embeddable":true,"href":"https:\/\/magoezequias.com.ar\/tienda\/wp-json\/wp\/v2\/comments?post=732"}],"version-history":[{"count":0,"href":"https:\/\/magoezequias.com.ar\/tienda\/wp-json\/wp\/v2\/product\/732\/revisions"}],"wp:featuredmedia":[{"embeddable":true,"href":"https:\/\/magoezequias.com.ar\/tienda\/wp-json\/wp\/v2\/media\/733"}],"wp:attachment":[{"href":"https:\/\/magoezequias.com.ar\/tienda\/wp-json\/wp\/v2\/media?parent=732"}],"wp:term":[{"taxonomy":"product_brand","embeddable":true,"href":"https:\/\/magoezequias.com.ar\/tienda\/wp-json\/wp\/v2\/product_brand?post=732"},{"taxonomy":"product_cat","embeddable":true,"href":"https:\/\/magoezequias.com.ar\/tienda\/wp-json\/wp\/v2\/product_cat?post=732"},{"taxonomy":"product_tag","embeddable":true,"href":"https:\/\/magoezequias.com.ar\/tienda\/wp-json\/wp\/v2\/product_tag?post=732"}],"curies":[{"name":"wp","href":"https:\/\/api.w.org\/{rel}","templated":true}]}}