{"id":735,"date":"2016-10-07T02:43:30","date_gmt":"2016-10-07T02:43:30","guid":{"rendered":"https:\/\/magoezequias.com.ar\/tienda\/?post_type=product&#038;p=735"},"modified":"2019-11-20T02:08:09","modified_gmt":"2019-11-20T02:08:09","slug":"vaso-con-luz","status":"publish","type":"product","link":"https:\/\/magoezequias.com.ar\/tienda\/producto\/vaso-con-luz","title":{"rendered":"Vaso con luz"},"content":{"rendered":"<p><a href=\"https:\/\/magoezequias.com.ar\/tienda\/wp-content\/uploads\/2016\/10\/vaso-luz2.jpg\"><img fetchpriority=\"high\" decoding=\"async\" class=\"alignleft wp-image-725\" src=\"https:\/\/magoezequias.com.ar\/tienda\/wp-content\/uploads\/2016\/10\/vaso-luz2.jpg\" alt=\"vaso-luz2\" width=\"355\" height=\"325\" srcset=\"https:\/\/magoezequias.com.ar\/tienda\/wp-content\/uploads\/2016\/10\/vaso-luz2.jpg 524w, https:\/\/magoezequias.com.ar\/tienda\/wp-content\/uploads\/2016\/10\/vaso-luz2-300x275.jpg 300w\" sizes=\"(max-width: 355px) 100vw, 355px\" \/><\/a><\/p>\n<p>&nbsp;<\/p>\n<p>El cl\u00e1sico efecto del d\u00b4 lite pero ahora para combinarlo con la luz dentro de un vaso pl\u00e1stico.<\/p>\n<p>&nbsp;<\/p>\n<p>Con este accesorio usted lograr\u00e1 una gran visibilidad de la luz atrapada en el vaso y podr\u00e1 sumarlo a\u00a0su rutina de d\u00b4lite.<\/p>\n","protected":false},"excerpt":{"rendered":"<p>&nbsp; El cl\u00e1sico efecto del d\u00b4 lite pero ahora para combinarlo con la luz dentro de un vaso pl\u00e1stico. &nbsp; Con este accesorio usted lograr\u00e1 una gran visibilidad de la luz atrapada en el vaso y podr\u00e1 sumarlo a\u00a0su rutina de d\u00b4lite.<\/p>\n","protected":false},"featured_media":725,"comment_status":"open","ping_status":"closed","template":"","meta":[],"product_brand":[],"product_cat":[10,319,9],"product_tag":[328,327,326,109],"class_list":{"0":"post-735","1":"product","2":"type-product","3":"status-publish","4":"has-post-thumbnail","6":"product_cat-escena","7":"product_cat-principiantes","8":"product_cat-salon","9":"product_tag-dlite","10":"product_tag-fp","11":"product_tag-rojo","12":"product_tag-vaso","14":"first","15":"outofstock","16":"shipping-taxable","17":"purchasable","18":"product-type-simple"},"aioseo_notices":[],"_links":{"self":[{"href":"https:\/\/magoezequias.com.ar\/tienda\/wp-json\/wp\/v2\/product\/735","targetHints":{"allow":["GET"]}}],"collection":[{"href":"https:\/\/magoezequias.com.ar\/tienda\/wp-json\/wp\/v2\/product"}],"about":[{"href":"https:\/\/magoezequias.com.ar\/tienda\/wp-json\/wp\/v2\/types\/product"}],"replies":[{"embeddable":true,"href":"https:\/\/magoezequias.com.ar\/tienda\/wp-json\/wp\/v2\/comments?post=735"}],"version-history":[{"count":0,"href":"https:\/\/magoezequias.com.ar\/tienda\/wp-json\/wp\/v2\/product\/735\/revisions"}],"wp:featuredmedia":[{"embeddable":true,"href":"https:\/\/magoezequias.com.ar\/tienda\/wp-json\/wp\/v2\/media\/725"}],"wp:attachment":[{"href":"https:\/\/magoezequias.com.ar\/tienda\/wp-json\/wp\/v2\/media?parent=735"}],"wp:term":[{"taxonomy":"product_brand","embeddable":true,"href":"https:\/\/magoezequias.com.ar\/tienda\/wp-json\/wp\/v2\/product_brand?post=735"},{"taxonomy":"product_cat","embeddable":true,"href":"https:\/\/magoezequias.com.ar\/tienda\/wp-json\/wp\/v2\/product_cat?post=735"},{"taxonomy":"product_tag","embeddable":true,"href":"https:\/\/magoezequias.com.ar\/tienda\/wp-json\/wp\/v2\/product_tag?post=735"}],"curies":[{"name":"wp","href":"https:\/\/api.w.org\/{rel}","templated":true}]}}