{"id":744,"date":"2016-11-16T21:45:53","date_gmt":"2016-11-16T21:45:53","guid":{"rendered":"https:\/\/magoezequias.com.ar\/tienda\/?post_type=product&#038;p=744"},"modified":"2019-11-20T02:07:04","modified_gmt":"2019-11-20T02:07:04","slug":"nido-de-cajas-aluminio","status":"publish","type":"product","link":"https:\/\/magoezequias.com.ar\/tienda\/producto\/nido-de-cajas-aluminio","title":{"rendered":"Nido de Cajas (Aluminio)"},"content":{"rendered":"<p><a href=\"https:\/\/magoezequias.com.ar\/tienda\/wp-content\/uploads\/2016\/11\/nido-de-cajas-aluminio-por-camil-magia.jpg\"><img fetchpriority=\"high\" decoding=\"async\" class=\"alignleft size-full wp-image-745\" src=\"https:\/\/magoezequias.com.ar\/tienda\/wp-content\/uploads\/2016\/11\/nido-de-cajas-aluminio-por-camil-magia.jpg\" alt=\"nido-de-cajas-aluminio-por-camil-magia\" width=\"382\" height=\"388\" srcset=\"https:\/\/magoezequias.com.ar\/tienda\/wp-content\/uploads\/2016\/11\/nido-de-cajas-aluminio-por-camil-magia.jpg 382w, https:\/\/magoezequias.com.ar\/tienda\/wp-content\/uploads\/2016\/11\/nido-de-cajas-aluminio-por-camil-magia-295x300.jpg 295w, https:\/\/magoezequias.com.ar\/tienda\/wp-content\/uploads\/2016\/11\/nido-de-cajas-aluminio-por-camil-magia-90x90.jpg 90w\" sizes=\"(max-width: 382px) 100vw, 382px\" \/><\/a><\/p>\n<p>&nbsp;<\/p>\n<p>Una moneda o el anillo del espectador desaparecen. El mago retira de su bolsillo una peque\u00f1a caja, se abre y en su interior se encuentra otra caja m\u00e1s peque\u00f1a.<\/p>\n<p>&nbsp;<br \/>\nEn total son abiertas 4 cajas y por \u00faltimo aparece el anillo desaparecido minutos antes.<\/p>\n<p>&nbsp;<br \/>\nMuy f\u00e1cil de realizar.<br \/>\nUn efecto ideal para llevar siempre encima.<br \/>\nSe resetea en pocos segundos.<\/p>\n","protected":false},"excerpt":{"rendered":"<p>&nbsp; Una moneda o el anillo del espectador desaparecen. El mago retira de su bolsillo una peque\u00f1a caja, se abre y en su interior se encuentra otra caja m\u00e1s peque\u00f1a. &nbsp; En total son abiertas 4 cajas y por \u00faltimo aparece el anillo desaparecido minutos antes. &nbsp; Muy f\u00e1cil de realizar. Un efecto ideal para [&hellip;]<\/p>\n","protected":false},"featured_media":745,"comment_status":"open","ping_status":"closed","template":"","meta":[],"product_brand":[],"product_cat":[11],"product_tag":[207,178],"class_list":{"0":"post-744","1":"product","2":"type-product","3":"status-publish","4":"has-post-thumbnail","6":"product_cat-close-up","7":"product_tag-caja","8":"product_tag-nido","10":"first","11":"outofstock","12":"shipping-taxable","13":"purchasable","14":"product-type-simple"},"aioseo_notices":[],"_links":{"self":[{"href":"https:\/\/magoezequias.com.ar\/tienda\/wp-json\/wp\/v2\/product\/744","targetHints":{"allow":["GET"]}}],"collection":[{"href":"https:\/\/magoezequias.com.ar\/tienda\/wp-json\/wp\/v2\/product"}],"about":[{"href":"https:\/\/magoezequias.com.ar\/tienda\/wp-json\/wp\/v2\/types\/product"}],"replies":[{"embeddable":true,"href":"https:\/\/magoezequias.com.ar\/tienda\/wp-json\/wp\/v2\/comments?post=744"}],"version-history":[{"count":0,"href":"https:\/\/magoezequias.com.ar\/tienda\/wp-json\/wp\/v2\/product\/744\/revisions"}],"wp:featuredmedia":[{"embeddable":true,"href":"https:\/\/magoezequias.com.ar\/tienda\/wp-json\/wp\/v2\/media\/745"}],"wp:attachment":[{"href":"https:\/\/magoezequias.com.ar\/tienda\/wp-json\/wp\/v2\/media?parent=744"}],"wp:term":[{"taxonomy":"product_brand","embeddable":true,"href":"https:\/\/magoezequias.com.ar\/tienda\/wp-json\/wp\/v2\/product_brand?post=744"},{"taxonomy":"product_cat","embeddable":true,"href":"https:\/\/magoezequias.com.ar\/tienda\/wp-json\/wp\/v2\/product_cat?post=744"},{"taxonomy":"product_tag","embeddable":true,"href":"https:\/\/magoezequias.com.ar\/tienda\/wp-json\/wp\/v2\/product_tag?post=744"}],"curies":[{"name":"wp","href":"https:\/\/api.w.org\/{rel}","templated":true}]}}