{"id":746,"date":"2016-11-16T21:52:27","date_gmt":"2016-11-16T21:52:27","guid":{"rendered":"https:\/\/magoezequias.com.ar\/tienda\/?post_type=product&#038;p=746"},"modified":"2021-05-31T10:52:57","modified_gmt":"2021-05-31T10:52:57","slug":"pro-pad-writer-boon-writer-magnetico-mano-derecha","status":"publish","type":"product","link":"https:\/\/magoezequias.com.ar\/tienda\/producto\/pro-pad-writer-boon-writer-magnetico-mano-derecha","title":{"rendered":"Pro Pad Writer (Boon Writer Magn\u00e9tico Mano Derecha)"},"content":{"rendered":"<p><a href=\"https:\/\/magoezequias.com.ar\/tienda\/wp-content\/uploads\/2016\/11\/propad-alt1_1_2_2.png\"><img fetchpriority=\"high\" decoding=\"async\" class=\"alignleft size-full wp-image-747\" src=\"https:\/\/magoezequias.com.ar\/tienda\/wp-content\/uploads\/2016\/11\/propad-alt1_1_2_2.png\" alt=\"propad-alt1_1_2_2\" width=\"400\" height=\"400\" srcset=\"https:\/\/magoezequias.com.ar\/tienda\/wp-content\/uploads\/2016\/11\/propad-alt1_1_2_2.png 400w, https:\/\/magoezequias.com.ar\/tienda\/wp-content\/uploads\/2016\/11\/propad-alt1_1_2_2-300x300.png 300w, https:\/\/magoezequias.com.ar\/tienda\/wp-content\/uploads\/2016\/11\/propad-alt1_1_2_2-90x90.png 90w, https:\/\/magoezequias.com.ar\/tienda\/wp-content\/uploads\/2016\/11\/propad-alt1_1_2_2-150x150.png 150w\" sizes=\"(max-width: 400px) 100vw, 400px\" \/><\/a><\/p>\n<p>&nbsp;<\/p>\n<p>&nbsp;<\/p>\n<p>\u00bfAlguna vez quisiste tener acceso instant\u00e1neo a el u\u00f1il (swami writer) en cualquier momento, lugar y en frente del p\u00fablico? \u00bfY alguna vez quisiste tenerlo escondido en un lugar seguro? \u00bfQuieres escribir f\u00e1cilmente con el u\u00f1il?<\/p>\n<p>&nbsp;<\/p>\n<p>Ahora puedes con el PRO PAD WRITER. Este aparentemente inocente anotador te permite de forma f\u00e1cil acceder al BOON o al BUG writer. PRO PAD WRITER te da una superficie ideal y un excelente agarre para escribir.<\/p>\n<p>&nbsp;<\/p>\n<p>Especialmente dise\u00f1ado para entrar en el bolsillo trasero del pantal\u00f3n o en el de la chaqueta. Si eres un aficionado o un mentalista profesional: \u00a1este es el perfecto accesorio para ti!<\/p>\n<p>* Magnetic writer incluido<br \/>\n* Acceso y descarga instant\u00e1nea del u\u00f1il<br \/>\n* Especialmente dise\u00f1ado para proteger el writer<br \/>\n* Excelente \u201cgrip\u201d del anotador<br \/>\n* Self-contained<\/p>\n","protected":false},"excerpt":{"rendered":"<p>&nbsp; &nbsp; \u00bfAlguna vez quisiste tener acceso instant\u00e1neo a el u\u00f1il (swami writer) en cualquier momento, lugar y en frente del p\u00fablico? \u00bfY alguna vez quisiste tenerlo escondido en un lugar seguro? \u00bfQuieres escribir f\u00e1cilmente con el u\u00f1il? &nbsp; Ahora puedes con el PRO PAD WRITER. Este aparentemente inocente anotador te permite de forma f\u00e1cil [&hellip;]<\/p>\n","protected":false},"featured_media":748,"comment_status":"open","ping_status":"closed","template":"","meta":[],"product_brand":[],"product_cat":[13],"product_tag":[334,333,332,104],"class_list":{"0":"post-746","1":"product","2":"type-product","3":"status-publish","4":"has-post-thumbnail","6":"product_cat-mentalismo","7":"product_tag-boom","8":"product_tag-pad","9":"product_tag-pro","10":"product_tag-writer","12":"first","13":"instock","14":"shipping-taxable","15":"purchasable","16":"product-type-simple"},"aioseo_notices":[],"_links":{"self":[{"href":"https:\/\/magoezequias.com.ar\/tienda\/wp-json\/wp\/v2\/product\/746","targetHints":{"allow":["GET"]}}],"collection":[{"href":"https:\/\/magoezequias.com.ar\/tienda\/wp-json\/wp\/v2\/product"}],"about":[{"href":"https:\/\/magoezequias.com.ar\/tienda\/wp-json\/wp\/v2\/types\/product"}],"replies":[{"embeddable":true,"href":"https:\/\/magoezequias.com.ar\/tienda\/wp-json\/wp\/v2\/comments?post=746"}],"version-history":[{"count":0,"href":"https:\/\/magoezequias.com.ar\/tienda\/wp-json\/wp\/v2\/product\/746\/revisions"}],"wp:featuredmedia":[{"embeddable":true,"href":"https:\/\/magoezequias.com.ar\/tienda\/wp-json\/wp\/v2\/media\/748"}],"wp:attachment":[{"href":"https:\/\/magoezequias.com.ar\/tienda\/wp-json\/wp\/v2\/media?parent=746"}],"wp:term":[{"taxonomy":"product_brand","embeddable":true,"href":"https:\/\/magoezequias.com.ar\/tienda\/wp-json\/wp\/v2\/product_brand?post=746"},{"taxonomy":"product_cat","embeddable":true,"href":"https:\/\/magoezequias.com.ar\/tienda\/wp-json\/wp\/v2\/product_cat?post=746"},{"taxonomy":"product_tag","embeddable":true,"href":"https:\/\/magoezequias.com.ar\/tienda\/wp-json\/wp\/v2\/product_tag?post=746"}],"curies":[{"name":"wp","href":"https:\/\/api.w.org\/{rel}","templated":true}]}}