{"id":774,"date":"2016-11-20T15:35:02","date_gmt":"2016-11-20T15:35:02","guid":{"rendered":"https:\/\/magoezequias.com.ar\/tienda\/?post_type=product&#038;p=774"},"modified":"2019-11-20T02:04:58","modified_gmt":"2019-11-20T02:04:58","slug":"prediccion-imposible","status":"publish","type":"product","link":"https:\/\/magoezequias.com.ar\/tienda\/producto\/prediccion-imposible","title":{"rendered":"Predicci\u00f3n Imposible"},"content":{"rendered":"<p><a href=\"https:\/\/magoezequias.com.ar\/tienda\/wp-content\/uploads\/2016\/11\/DSCN0827.jpg\"><img fetchpriority=\"high\" decoding=\"async\" class=\"alignleft  wp-image-768\" src=\"https:\/\/magoezequias.com.ar\/tienda\/wp-content\/uploads\/2016\/11\/DSCN0827.jpg\" alt=\"dscn0827\" width=\"274\" height=\"354\" srcset=\"https:\/\/magoezequias.com.ar\/tienda\/wp-content\/uploads\/2016\/11\/DSCN0827.jpg 480w, https:\/\/magoezequias.com.ar\/tienda\/wp-content\/uploads\/2016\/11\/DSCN0827-232x300.jpg 232w\" sizes=\"(max-width: 274px) 100vw, 274px\" \/><\/a><\/p>\n<p>&nbsp;<\/p>\n<p>Una rutina directa y pr\u00e1ctica. Usted coloca 5\u00a0bases de madera sobre la mesa, se sacan de un sobre 5\u00a0cartas semi-jumbo con distintas im\u00e1genes y se colocan de forma vertical.<\/p>\n<p>&nbsp;<\/p>\n<p>Un espectador es elegido totalmente al azar y se le solicita que seleccione una carta, esto es totalmente libre.<br \/>\nUna predicci\u00f3n, por ejemplo debajo de la base de las cartas, es mostrada de inmediato y coincide con la imagen elegida por el espectador.<\/p>\n<p><a href=\"https:\/\/magoezequias.com.ar\/tienda\/wp-content\/uploads\/2016\/11\/DSCN0826.jpg\"><img decoding=\"async\" class=\"alignleft  wp-image-767\" src=\"https:\/\/magoezequias.com.ar\/tienda\/wp-content\/uploads\/2016\/11\/DSCN0826.jpg\" alt=\"dscn0826\" width=\"496\" height=\"284\" srcset=\"https:\/\/magoezequias.com.ar\/tienda\/wp-content\/uploads\/2016\/11\/DSCN0826.jpg 640w, https:\/\/magoezequias.com.ar\/tienda\/wp-content\/uploads\/2016\/11\/DSCN0826-300x172.jpg 300w\" sizes=\"(max-width: 496px) 100vw, 496px\" \/><\/a><\/p>\n<p>Muy visual para sal\u00f3n, no ocupa lugar y solo deber\u00e1 abocarse a la presentaci\u00f3n.<\/p>\n<p>&nbsp;<\/p>\n<p>Usted recibe, las 5 cartas impresas especialmente para la rutina, las 5 bases en madera grabada, el sobre y detalladas instrucciones.<\/p>\n<p><a href=\"https:\/\/magoezequias.com.ar\/tienda\/wp-content\/uploads\/2016\/11\/DSCN0808.jpg\"><img decoding=\"async\" class=\"alignleft  wp-image-776\" src=\"https:\/\/magoezequias.com.ar\/tienda\/wp-content\/uploads\/2016\/11\/DSCN0808.jpg\" alt=\"dscn0808\" width=\"509\" height=\"278\" srcset=\"https:\/\/magoezequias.com.ar\/tienda\/wp-content\/uploads\/2016\/11\/DSCN0808.jpg 640w, https:\/\/magoezequias.com.ar\/tienda\/wp-content\/uploads\/2016\/11\/DSCN0808-300x164.jpg 300w\" sizes=\"(max-width: 509px) 100vw, 509px\" \/><\/a><\/p>\n","protected":false},"excerpt":{"rendered":"<p>5 opciones y siempre el mago predice correctamente!!! F\u00e1cil, pr\u00e1ctico y muy visual.<\/p>\n","protected":false},"featured_media":767,"comment_status":"open","ping_status":"closed","template":"","meta":[],"product_brand":[],"product_cat":[319,60,8,13,9],"product_tag":[17,340,335],"class_list":{"0":"post-774","1":"product","2":"type-product","3":"status-publish","4":"has-post-thumbnail","6":"product_cat-principiantes","7":"product_cat-ezequias-2","8":"product_cat-infantil","9":"product_cat-mentalismo","10":"product_cat-salon","11":"product_tag-ezequias","12":"product_tag-imposible","13":"product_tag-prediccion","15":"first","16":"instock","17":"shipping-taxable","18":"purchasable","19":"product-type-simple"},"aioseo_notices":[],"_links":{"self":[{"href":"https:\/\/magoezequias.com.ar\/tienda\/wp-json\/wp\/v2\/product\/774","targetHints":{"allow":["GET"]}}],"collection":[{"href":"https:\/\/magoezequias.com.ar\/tienda\/wp-json\/wp\/v2\/product"}],"about":[{"href":"https:\/\/magoezequias.com.ar\/tienda\/wp-json\/wp\/v2\/types\/product"}],"replies":[{"embeddable":true,"href":"https:\/\/magoezequias.com.ar\/tienda\/wp-json\/wp\/v2\/comments?post=774"}],"version-history":[{"count":0,"href":"https:\/\/magoezequias.com.ar\/tienda\/wp-json\/wp\/v2\/product\/774\/revisions"}],"wp:featuredmedia":[{"embeddable":true,"href":"https:\/\/magoezequias.com.ar\/tienda\/wp-json\/wp\/v2\/media\/767"}],"wp:attachment":[{"href":"https:\/\/magoezequias.com.ar\/tienda\/wp-json\/wp\/v2\/media?parent=774"}],"wp:term":[{"taxonomy":"product_brand","embeddable":true,"href":"https:\/\/magoezequias.com.ar\/tienda\/wp-json\/wp\/v2\/product_brand?post=774"},{"taxonomy":"product_cat","embeddable":true,"href":"https:\/\/magoezequias.com.ar\/tienda\/wp-json\/wp\/v2\/product_cat?post=774"},{"taxonomy":"product_tag","embeddable":true,"href":"https:\/\/magoezequias.com.ar\/tienda\/wp-json\/wp\/v2\/product_tag?post=774"}],"curies":[{"name":"wp","href":"https:\/\/api.w.org\/{rel}","templated":true}]}}