{"id":777,"date":"2016-12-10T19:07:43","date_gmt":"2016-12-10T19:07:43","guid":{"rendered":"https:\/\/magoezequias.com.ar\/tienda\/?post_type=product&#038;p=777"},"modified":"2025-03-10T17:07:28","modified_gmt":"2025-03-10T20:07:28","slug":"panuelo-camaleon","status":"publish","type":"product","link":"https:\/\/magoezequias.com.ar\/tienda\/producto\/panuelo-camaleon","title":{"rendered":"Pa\u00f1uelo Camale\u00f3n"},"content":{"rendered":"<p><a href=\"https:\/\/magoezequias.com.ar\/tienda\/wp-content\/uploads\/2016\/12\/pa\u00f1uelo-camaleon2.jpg\"><img fetchpriority=\"high\" decoding=\"async\" class=\"alignleft  wp-image-779\" src=\"https:\/\/magoezequias.com.ar\/tienda\/wp-content\/uploads\/2016\/12\/pa\u00f1uelo-camaleon2.jpg\" alt=\"panuelo-camaleon2\" width=\"410\" height=\"301\" srcset=\"https:\/\/magoezequias.com.ar\/tienda\/wp-content\/uploads\/2016\/12\/pa\u00f1uelo-camaleon2.jpg 640w, https:\/\/magoezequias.com.ar\/tienda\/wp-content\/uploads\/2016\/12\/pa\u00f1uelo-camaleon2-300x220.jpg 300w\" sizes=\"(max-width: 410px) 100vw, 410px\" \/><\/a><\/p>\n<p>&nbsp;<\/p>\n<p>El mago muestra dos pa\u00f1uelos unidos por sus puntas con colores diferentes, por ejemplo amarillo y verde. Luego los pasa a trav\u00e9s de su mano y de forma instant\u00e1nea y a la vista de todos los dos han cambiado de color, rojo y azul.<\/p>\n<p>&nbsp;<\/p>\n<p>Instant\u00e1neamente puede repetir el efecto de la forma inversa volviendo a los colores originales.<\/p>\n<p>Muchas utilidades, para rutinas musicales o habladas. Usted recibe los\u00a0pa\u00f1uelos trucados y ele efecto es pr\u00e1cticamente autom\u00e1tico, solo se necesita una peque\u00f1a manipulaci\u00f3n<\/p>\n<p>&nbsp;<\/p>\n","protected":false},"excerpt":{"rendered":"<p>Un juego s\u00f9per visual y sencillo de ejecutar.<\/p>\n","protected":false},"featured_media":778,"comment_status":"open","ping_status":"closed","template":"","meta":[],"product_brand":[],"product_cat":[8,319,9],"product_tag":[133,52],"class_list":{"0":"post-777","1":"product","2":"type-product","3":"status-publish","4":"has-post-thumbnail","6":"product_cat-infantil","7":"product_cat-principiantes","8":"product_cat-salon","9":"product_tag-camaleon","10":"product_tag-panuelo","12":"first","13":"outofstock","14":"shipping-taxable","15":"purchasable","16":"product-type-simple"},"aioseo_notices":[],"_links":{"self":[{"href":"https:\/\/magoezequias.com.ar\/tienda\/wp-json\/wp\/v2\/product\/777","targetHints":{"allow":["GET"]}}],"collection":[{"href":"https:\/\/magoezequias.com.ar\/tienda\/wp-json\/wp\/v2\/product"}],"about":[{"href":"https:\/\/magoezequias.com.ar\/tienda\/wp-json\/wp\/v2\/types\/product"}],"replies":[{"embeddable":true,"href":"https:\/\/magoezequias.com.ar\/tienda\/wp-json\/wp\/v2\/comments?post=777"}],"version-history":[{"count":0,"href":"https:\/\/magoezequias.com.ar\/tienda\/wp-json\/wp\/v2\/product\/777\/revisions"}],"wp:featuredmedia":[{"embeddable":true,"href":"https:\/\/magoezequias.com.ar\/tienda\/wp-json\/wp\/v2\/media\/778"}],"wp:attachment":[{"href":"https:\/\/magoezequias.com.ar\/tienda\/wp-json\/wp\/v2\/media?parent=777"}],"wp:term":[{"taxonomy":"product_brand","embeddable":true,"href":"https:\/\/magoezequias.com.ar\/tienda\/wp-json\/wp\/v2\/product_brand?post=777"},{"taxonomy":"product_cat","embeddable":true,"href":"https:\/\/magoezequias.com.ar\/tienda\/wp-json\/wp\/v2\/product_cat?post=777"},{"taxonomy":"product_tag","embeddable":true,"href":"https:\/\/magoezequias.com.ar\/tienda\/wp-json\/wp\/v2\/product_tag?post=777"}],"curies":[{"name":"wp","href":"https:\/\/api.w.org\/{rel}","templated":true}]}}