{"id":791,"date":"2017-02-16T02:21:37","date_gmt":"2017-02-16T02:21:37","guid":{"rendered":"https:\/\/magoezequias.com.ar\/tienda\/?post_type=product&#038;p=791"},"modified":"2024-05-10T14:55:35","modified_gmt":"2024-05-10T14:55:35","slug":"pizarra-que-habla-y-encuentra-cartas","status":"publish","type":"product","link":"https:\/\/magoezequias.com.ar\/tienda\/producto\/pizarra-que-habla-y-encuentra-cartas","title":{"rendered":"Pizarra que habla y encuentra cartas"},"content":{"rendered":"<p><a href=\"https:\/\/magoezequias.com.ar\/tienda\/wp-content\/uploads\/2017\/02\/IMG_20170215_231250.jpg\"><img fetchpriority=\"high\" decoding=\"async\" class=\"alignleft wp-image-792\" src=\"https:\/\/magoezequias.com.ar\/tienda\/wp-content\/uploads\/2017\/02\/IMG_20170215_231250.jpg\" alt=\"\" width=\"423\" height=\"520\" srcset=\"https:\/\/magoezequias.com.ar\/tienda\/wp-content\/uploads\/2017\/02\/IMG_20170215_231250.jpg 1442w, https:\/\/magoezequias.com.ar\/tienda\/wp-content\/uploads\/2017\/02\/IMG_20170215_231250-244x300.jpg 244w, https:\/\/magoezequias.com.ar\/tienda\/wp-content\/uploads\/2017\/02\/IMG_20170215_231250-768x944.jpg 768w, https:\/\/magoezequias.com.ar\/tienda\/wp-content\/uploads\/2017\/02\/IMG_20170215_231250-833x1024.jpg 833w\" sizes=\"(max-width: 423px) 100vw, 423px\" \/><\/a><\/p>\n<p style=\"text-align: justify;\">El mago muestra una pizarra blanca y hace varios dibujos; luego los borra y dibuja una cara, luego de unos segundos este comienza a mover los ojos. Pero eso no es todo posteriormente comienza a mover la boca y hablar. El mago dar\u00e1 vida a la cara de cualquier personaje que dibuje.<\/p>\n<p style=\"text-align: justify;\">La rutina puede terminar all\u00ed o con esta versi\u00f3n el mago da a elegir una carta de su baraja y el dibujo que est\u00e1 plasmado en la pizarra la sacar\u00e1 de su boca.<\/p>\n<p style=\"text-align: justify;\">\n<p style=\"text-align: justify;\">Construida en un material s\u00faper resistente, con bordes de aluminio y fondo de acr\u00edlico. Incluye funda para transportar.<\/p>\n<p style=\"text-align: justify;\">\n<p style=\"text-align: justify;\"><strong>Actualmente tenemos la versi\u00f3n que saca la lengua en lugar de la carta, ideal para crear situaciones de mucha comedia.<\/strong><\/p>\n<p>&nbsp;<\/p>\n<p style=\"text-align: justify;\">Medida: 32 cm de ancho x 39 cm de alto.<\/p>\n","protected":false},"excerpt":{"rendered":"<p>Una nueva versi\u00f3n de la pizarra que habla, sumando un efecto de cartomagia.<\/p>\n","protected":false},"featured_media":792,"comment_status":"open","ping_status":"closed","template":"","meta":[],"product_brand":[],"product_cat":[10,8,9],"product_tag":[100,79,189,158],"class_list":{"0":"post-791","1":"product","2":"type-product","3":"status-publish","4":"has-post-thumbnail","6":"product_cat-escena","7":"product_cat-infantil","8":"product_cat-salon","9":"product_tag-carta","10":"product_tag-cartas","11":"product_tag-habla","12":"product_tag-pizarra","14":"first","15":"outofstock","16":"shipping-taxable","17":"purchasable","18":"product-type-simple"},"aioseo_notices":[],"_links":{"self":[{"href":"https:\/\/magoezequias.com.ar\/tienda\/wp-json\/wp\/v2\/product\/791","targetHints":{"allow":["GET"]}}],"collection":[{"href":"https:\/\/magoezequias.com.ar\/tienda\/wp-json\/wp\/v2\/product"}],"about":[{"href":"https:\/\/magoezequias.com.ar\/tienda\/wp-json\/wp\/v2\/types\/product"}],"replies":[{"embeddable":true,"href":"https:\/\/magoezequias.com.ar\/tienda\/wp-json\/wp\/v2\/comments?post=791"}],"version-history":[{"count":0,"href":"https:\/\/magoezequias.com.ar\/tienda\/wp-json\/wp\/v2\/product\/791\/revisions"}],"wp:featuredmedia":[{"embeddable":true,"href":"https:\/\/magoezequias.com.ar\/tienda\/wp-json\/wp\/v2\/media\/792"}],"wp:attachment":[{"href":"https:\/\/magoezequias.com.ar\/tienda\/wp-json\/wp\/v2\/media?parent=791"}],"wp:term":[{"taxonomy":"product_brand","embeddable":true,"href":"https:\/\/magoezequias.com.ar\/tienda\/wp-json\/wp\/v2\/product_brand?post=791"},{"taxonomy":"product_cat","embeddable":true,"href":"https:\/\/magoezequias.com.ar\/tienda\/wp-json\/wp\/v2\/product_cat?post=791"},{"taxonomy":"product_tag","embeddable":true,"href":"https:\/\/magoezequias.com.ar\/tienda\/wp-json\/wp\/v2\/product_tag?post=791"}],"curies":[{"name":"wp","href":"https:\/\/api.w.org\/{rel}","templated":true}]}}