{"id":842,"date":"2017-05-15T20:37:27","date_gmt":"2017-05-15T20:37:27","guid":{"rendered":"https:\/\/magoezequias.com.ar\/tienda\/?post_type=product&#038;p=842"},"modified":"2022-07-13T00:07:15","modified_gmt":"2022-07-13T00:07:15","slug":"apueste-y-gane","status":"publish","type":"product","link":"https:\/\/magoezequias.com.ar\/tienda\/producto\/apueste-y-gane","title":{"rendered":"Apueste y gane"},"content":{"rendered":"<p><a href=\"https:\/\/magoezequias.com.ar\/tienda\/wp-content\/uploads\/2017\/05\/DSCN1454.jpg\"><img fetchpriority=\"high\" decoding=\"async\" class=\"size-medium wp-image-830 alignleft\" src=\"https:\/\/magoezequias.com.ar\/tienda\/wp-content\/uploads\/2017\/05\/DSCN1454-300x225.jpg\" alt=\"\" width=\"300\" height=\"225\" srcset=\"https:\/\/magoezequias.com.ar\/tienda\/wp-content\/uploads\/2017\/05\/DSCN1454-300x225.jpg 300w, https:\/\/magoezequias.com.ar\/tienda\/wp-content\/uploads\/2017\/05\/DSCN1454.jpg 640w\" sizes=\"(max-width: 300px) 100vw, 300px\" \/><\/a> <a href=\"https:\/\/magoezequias.com.ar\/tienda\/wp-content\/uploads\/2017\/05\/DSCN1453.jpg\"><img decoding=\"async\" class=\"size-medium wp-image-829 alignleft\" src=\"https:\/\/magoezequias.com.ar\/tienda\/wp-content\/uploads\/2017\/05\/DSCN1453-300x221.jpg\" alt=\"\" width=\"300\" height=\"221\" srcset=\"https:\/\/magoezequias.com.ar\/tienda\/wp-content\/uploads\/2017\/05\/DSCN1453-300x221.jpg 300w, https:\/\/magoezequias.com.ar\/tienda\/wp-content\/uploads\/2017\/05\/DSCN1453.jpg 640w\" sizes=\"(max-width: 300px) 100vw, 300px\" \/><\/a> <a href=\"https:\/\/magoezequias.com.ar\/tienda\/wp-content\/uploads\/2017\/05\/DSCN1452.jpg\"><img decoding=\"async\" class=\"size-medium wp-image-828 alignleft\" src=\"https:\/\/magoezequias.com.ar\/tienda\/wp-content\/uploads\/2017\/05\/DSCN1452-300x218.jpg\" alt=\"\" width=\"300\" height=\"218\" srcset=\"https:\/\/magoezequias.com.ar\/tienda\/wp-content\/uploads\/2017\/05\/DSCN1452-300x218.jpg 300w, https:\/\/magoezequias.com.ar\/tienda\/wp-content\/uploads\/2017\/05\/DSCN1452.jpg 640w\" sizes=\"(max-width: 300px) 100vw, 300px\" \/><\/a>Se muestran 4 cartas iguales del mismo palo, luego de un sobre se retira una carta distinta y se coloca girada entre las cartas iguales. Se le pide al espectador que se\u00f1ale donde est\u00e1 la carta distinta y se da cuenta ya que es muy facil, es la unica girada.<\/p>\n<p>&nbsp;<\/p>\n<p>Luego el mago gira otra carta y le vuelve a pedir al espectador que diga donde est\u00e1 la carta, y ya es un poco m\u00e1s dif\u00edcil, pero para ayudarlo retira dos cartas, quedando dos en las manos.<\/p>\n<p>&nbsp;<\/p>\n<p>El espectador elije y no es la carta diferente, y cuando gira la otra, tampoco es, desapareci\u00f3 y m\u00e1gicamente volvi\u00f3 a ingresar al sobre.<\/p>\n<p>&nbsp;<\/p>\n<p>Se retira otra vez la carta que viaj\u00f3 y se coloca entre medio de las dos cartas que le queda otra vez al mago, gira la carta y le pregunta de nuevo donde est\u00e1 la carta diferente, el espectador vuelve a se\u00f1alar la \u00a0\u00a0 que est\u00e1 girada, ah\u00ed el mago retira una carta y se queda con dos y otra vez vuelve a preguntar al espectador donde est\u00e1 la carta diferente y no acierta de nuevo.<\/p>\n<p>&nbsp;<\/p>\n<p>Otra vez gira la otra carta y m\u00e1gicamente viaj\u00f3 nuevamente al sobre.<\/p>\n","protected":false},"excerpt":{"rendered":"<p>Se muestran 4 cartas iguales del mismo palo, luego de un sobre se retira una carta distinta y se coloca girada entre las cartas iguales. Se le pide al espectador que se\u00f1ale donde est\u00e1 la carta distinta y se da cuenta ya que es muy facil, es la unica girada. &nbsp; Luego el mago gira [&hellip;]<\/p>\n","protected":false},"featured_media":828,"comment_status":"open","ping_status":"closed","template":"","meta":[],"product_brand":[],"product_cat":[12,319],"product_tag":[355,315],"class_list":{"0":"post-842","1":"product","2":"type-product","3":"status-publish","4":"has-post-thumbnail","6":"product_cat-cartomagia","7":"product_cat-principiantes","8":"product_tag-apueste","9":"product_tag-gane","11":"first","12":"outofstock","13":"shipping-taxable","14":"purchasable","15":"product-type-simple"},"aioseo_notices":[],"_links":{"self":[{"href":"https:\/\/magoezequias.com.ar\/tienda\/wp-json\/wp\/v2\/product\/842","targetHints":{"allow":["GET"]}}],"collection":[{"href":"https:\/\/magoezequias.com.ar\/tienda\/wp-json\/wp\/v2\/product"}],"about":[{"href":"https:\/\/magoezequias.com.ar\/tienda\/wp-json\/wp\/v2\/types\/product"}],"replies":[{"embeddable":true,"href":"https:\/\/magoezequias.com.ar\/tienda\/wp-json\/wp\/v2\/comments?post=842"}],"version-history":[{"count":0,"href":"https:\/\/magoezequias.com.ar\/tienda\/wp-json\/wp\/v2\/product\/842\/revisions"}],"wp:featuredmedia":[{"embeddable":true,"href":"https:\/\/magoezequias.com.ar\/tienda\/wp-json\/wp\/v2\/media\/828"}],"wp:attachment":[{"href":"https:\/\/magoezequias.com.ar\/tienda\/wp-json\/wp\/v2\/media?parent=842"}],"wp:term":[{"taxonomy":"product_brand","embeddable":true,"href":"https:\/\/magoezequias.com.ar\/tienda\/wp-json\/wp\/v2\/product_brand?post=842"},{"taxonomy":"product_cat","embeddable":true,"href":"https:\/\/magoezequias.com.ar\/tienda\/wp-json\/wp\/v2\/product_cat?post=842"},{"taxonomy":"product_tag","embeddable":true,"href":"https:\/\/magoezequias.com.ar\/tienda\/wp-json\/wp\/v2\/product_tag?post=842"}],"curies":[{"name":"wp","href":"https:\/\/api.w.org\/{rel}","templated":true}]}}