{"id":861,"date":"2017-05-16T00:47:59","date_gmt":"2017-05-16T00:47:59","guid":{"rendered":"https:\/\/magoezequias.com.ar\/tienda\/?post_type=product&#038;p=861"},"modified":"2019-11-20T01:58:55","modified_gmt":"2019-11-20T01:58:55","slug":"varita-taewando","status":"publish","type":"product","link":"https:\/\/magoezequias.com.ar\/tienda\/producto\/varita-taewando","title":{"rendered":"Varita Taewando"},"content":{"rendered":"<p><a href=\"https:\/\/magoezequias.com.ar\/tienda\/wp-content\/uploads\/2017\/05\/tae-wando.jpg\"><img fetchpriority=\"high\" decoding=\"async\" class=\"size-medium wp-image-862 alignleft\" src=\"https:\/\/magoezequias.com.ar\/tienda\/wp-content\/uploads\/2017\/05\/tae-wando-300x238.jpg\" alt=\"\" width=\"300\" height=\"238\" srcset=\"https:\/\/magoezequias.com.ar\/tienda\/wp-content\/uploads\/2017\/05\/tae-wando-300x238.jpg 300w, https:\/\/magoezequias.com.ar\/tienda\/wp-content\/uploads\/2017\/05\/tae-wando.jpg 606w\" sizes=\"(max-width: 300px) 100vw, 300px\" \/><\/a> <a href=\"https:\/\/magoezequias.com.ar\/tienda\/wp-content\/uploads\/2017\/05\/tae-wando-1.jpg\"><img decoding=\"async\" class=\"size-medium wp-image-863 alignleft\" src=\"https:\/\/magoezequias.com.ar\/tienda\/wp-content\/uploads\/2017\/05\/tae-wando-1-300x238.jpg\" alt=\"\" width=\"300\" height=\"238\" srcset=\"https:\/\/magoezequias.com.ar\/tienda\/wp-content\/uploads\/2017\/05\/tae-wando-1-300x238.jpg 300w, https:\/\/magoezequias.com.ar\/tienda\/wp-content\/uploads\/2017\/05\/tae-wando-1.jpg 605w\" sizes=\"(max-width: 300px) 100vw, 300px\" \/><\/a><\/p>\n<p>TaeWando es una varita m\u00e1gica que se transforma en unos nunchakus<\/p>\n<p>&nbsp;<\/p>\n<p>&nbsp;<\/p>\n<p>&nbsp;<\/p>\n<p>Los ni\u00f1os piensan que eres un Ninja secreto, \u00bf de que otra manera podr\u00edas hacer esas magias? Ahora puedes confirmarlo. Con TaeWando tu puedes tener una varita en la mano y de repente para hacer un truco transformarla en unos nunchakus.<\/p>\n<p>&nbsp;<\/p>\n<p>Con los movimientos recibes varios golpes, y los ni\u00f1os caer\u00e1n al suelo de la risa que les provoca.<br \/>\nEst\u00e1n construidos con espuma lo que permite que por muy fuerte que te golpees, no sufras ning\u00fan da\u00f1o. Solo imagina lo c\u00f3mico que resulta esta situaci\u00f3n<\/p>\n<p>Rutina especial incluida: 3 minutos de rutina m\u00e1gica c\u00f3mica, en la que tu podr\u00e1s demostrar tus habilidades de Ninja cortando una banana sin tocarla. Un imposible efecto m\u00e1gico que no requiere habilidad para que te puedas centrar en la presentaci\u00f3n.<\/p>\n<p>&nbsp;<\/p>\n<p>&nbsp;<\/p>\n<p>&nbsp;<\/p>\n<p><iframe src=\"https:\/\/www.youtube.com\/embed\/RTxzJM8OvFw\" width=\"560\" height=\"315\" frameborder=\"0\" allowfullscreen=\"allowfullscreen\"><\/iframe><\/p>\n","protected":false},"excerpt":{"rendered":"<p>TaeWando es una varita m\u00e1gica que se transforma en unos nunchakus &nbsp; &nbsp; &nbsp; Los ni\u00f1os piensan que eres un Ninja secreto, \u00bf de que otra manera podr\u00edas hacer esas magias? Ahora puedes confirmarlo. Con TaeWando tu puedes tener una varita en la mano y de repente para hacer un truco transformarla en unos nunchakus. [&hellip;]<\/p>\n","protected":false},"featured_media":863,"comment_status":"open","ping_status":"closed","template":"","meta":[],"product_brand":[],"product_cat":[7,8],"product_tag":[360,359],"class_list":{"0":"post-861","1":"product","2":"type-product","3":"status-publish","4":"has-post-thumbnail","6":"product_cat-accesorios","7":"product_cat-infantil","8":"product_tag-ninja","9":"product_tag-vaita","11":"first","12":"outofstock","13":"shipping-taxable","14":"purchasable","15":"product-type-simple"},"aioseo_notices":[],"_links":{"self":[{"href":"https:\/\/magoezequias.com.ar\/tienda\/wp-json\/wp\/v2\/product\/861","targetHints":{"allow":["GET"]}}],"collection":[{"href":"https:\/\/magoezequias.com.ar\/tienda\/wp-json\/wp\/v2\/product"}],"about":[{"href":"https:\/\/magoezequias.com.ar\/tienda\/wp-json\/wp\/v2\/types\/product"}],"replies":[{"embeddable":true,"href":"https:\/\/magoezequias.com.ar\/tienda\/wp-json\/wp\/v2\/comments?post=861"}],"version-history":[{"count":0,"href":"https:\/\/magoezequias.com.ar\/tienda\/wp-json\/wp\/v2\/product\/861\/revisions"}],"wp:featuredmedia":[{"embeddable":true,"href":"https:\/\/magoezequias.com.ar\/tienda\/wp-json\/wp\/v2\/media\/863"}],"wp:attachment":[{"href":"https:\/\/magoezequias.com.ar\/tienda\/wp-json\/wp\/v2\/media?parent=861"}],"wp:term":[{"taxonomy":"product_brand","embeddable":true,"href":"https:\/\/magoezequias.com.ar\/tienda\/wp-json\/wp\/v2\/product_brand?post=861"},{"taxonomy":"product_cat","embeddable":true,"href":"https:\/\/magoezequias.com.ar\/tienda\/wp-json\/wp\/v2\/product_cat?post=861"},{"taxonomy":"product_tag","embeddable":true,"href":"https:\/\/magoezequias.com.ar\/tienda\/wp-json\/wp\/v2\/product_tag?post=861"}],"curies":[{"name":"wp","href":"https:\/\/api.w.org\/{rel}","templated":true}]}}