{"id":864,"date":"2017-05-22T21:19:16","date_gmt":"2017-05-22T21:19:16","guid":{"rendered":"https:\/\/magoezequias.com.ar\/tienda\/?post_type=product&#038;p=864"},"modified":"2020-11-23T14:44:34","modified_gmt":"2020-11-23T14:44:34","slug":"lo-importante-el-semaforo","status":"publish","type":"product","link":"https:\/\/magoezequias.com.ar\/tienda\/producto\/lo-importante-el-semaforo","title":{"rendered":"Lo Importante \u2013 El sem\u00e1foro"},"content":{"rendered":"<p><a href=\"https:\/\/magoezequias.com.ar\/tienda\/wp-content\/uploads\/2017\/05\/Lo-importante-la-Seguridad-vial.jpg\"><img fetchpriority=\"high\" decoding=\"async\" class=\"alignleft size-medium wp-image-865\" src=\"https:\/\/magoezequias.com.ar\/tienda\/wp-content\/uploads\/2017\/05\/Lo-importante-la-Seguridad-vial-300x217.jpg\" alt=\"\" width=\"300\" height=\"217\" srcset=\"https:\/\/magoezequias.com.ar\/tienda\/wp-content\/uploads\/2017\/05\/Lo-importante-la-Seguridad-vial-300x217.jpg 300w, https:\/\/magoezequias.com.ar\/tienda\/wp-content\/uploads\/2017\/05\/Lo-importante-la-Seguridad-vial.jpg 640w\" sizes=\"(max-width: 300px) 100vw, 300px\" \/><\/a><\/p>\n<p>Otro juego educativo desarrollado por Ezequ\u00edas Magic en este caso para hablar de la importancia de la seguridad Vial!!!<\/p>\n<p>Ideal apara actuaciones en colegios e instituciones.<\/p>\n<p>El mago muestra un cartel en sus manos con la palabra IMPORTANTE y comienza a preguntar que puede ser eso que est\u00e1 del otro lado del tablero. Luego lo gira y muestra se\u00f1ales de tr\u00e1nsito, hablando del significado de ellas interactuando con los chicos.<\/p>\n<p>&nbsp;<\/p>\n<p><a href=\"https:\/\/magoezequias.com.ar\/tienda\/wp-content\/uploads\/2017\/05\/Lo-importante-la-Seguridad-vial2.jpg\"><img decoding=\"async\" class=\"alignleft size-medium wp-image-866\" src=\"https:\/\/magoezequias.com.ar\/tienda\/wp-content\/uploads\/2017\/05\/Lo-importante-la-Seguridad-vial2-227x300.jpg\" alt=\"\" width=\"227\" height=\"300\" srcset=\"https:\/\/magoezequias.com.ar\/tienda\/wp-content\/uploads\/2017\/05\/Lo-importante-la-Seguridad-vial2-227x300.jpg 227w, https:\/\/magoezequias.com.ar\/tienda\/wp-content\/uploads\/2017\/05\/Lo-importante-la-Seguridad-vial2.jpg 393w\" sizes=\"(max-width: 227px) 100vw, 227px\" \/><\/a>Luego pregunta cu\u00e1l es la se\u00f1al de tr\u00e1nsito m\u00e1s importante y destapa del tablero un sem\u00e1foro. Este tiene letras, n\u00fameros y dibujos. Los chicos dicen que no es as\u00ed y tiene colores\u2026.<\/p>\n<p>&nbsp;<\/p>\n<p>Aqu\u00ed los chicos arrojan colores y el mago al taparlo con su mano aparecen\u2026 aqu\u00ed se da una sucesi\u00f3n de 3 cambios de colores del sem\u00e1foro generando muchas situaciones de comedia.<\/p>\n<p>&nbsp;<\/p>\n<p>Finalmente el sem\u00e1foro est\u00e1 de modo correcto y el mago explica que hay que hacer en cada caso de acuerdo a la luz que est\u00e1 encendida.<\/p>\n<p>&nbsp;<\/p>\n<p>Como final relata lo sucedido a un amigo\u2026 y al girar el cartel no est\u00e1 m\u00e1s la palabra IMPORTANTE sino un polic\u00eda que realiz\u00f3 la multa por no respetar las se\u00f1ales de tr\u00e1nsito.<\/p>\n<p>&nbsp;<\/p>\n<p>Construido en un tama\u00f1o ideal para escena y sal\u00f3n. Es muy liviano y s\u00faper resistente.<\/p>\n","protected":false},"excerpt":{"rendered":"<p>La combinaci\u00f3n justa entre magia y educaci\u00f3n.<\/p>\n","protected":false},"featured_media":865,"comment_status":"open","ping_status":"closed","template":"","meta":[],"product_brand":[],"product_cat":[60,8,9],"product_tag":[17,361,363,362],"class_list":{"0":"post-864","1":"product","2":"type-product","3":"status-publish","4":"has-post-thumbnail","6":"product_cat-ezequias-2","7":"product_cat-infantil","8":"product_cat-salon","9":"product_tag-ezequias","10":"product_tag-seguridad","11":"product_tag-semaforo","12":"product_tag-vial","14":"first","15":"instock","16":"shipping-taxable","17":"purchasable","18":"product-type-simple"},"aioseo_notices":[],"_links":{"self":[{"href":"https:\/\/magoezequias.com.ar\/tienda\/wp-json\/wp\/v2\/product\/864","targetHints":{"allow":["GET"]}}],"collection":[{"href":"https:\/\/magoezequias.com.ar\/tienda\/wp-json\/wp\/v2\/product"}],"about":[{"href":"https:\/\/magoezequias.com.ar\/tienda\/wp-json\/wp\/v2\/types\/product"}],"replies":[{"embeddable":true,"href":"https:\/\/magoezequias.com.ar\/tienda\/wp-json\/wp\/v2\/comments?post=864"}],"version-history":[{"count":0,"href":"https:\/\/magoezequias.com.ar\/tienda\/wp-json\/wp\/v2\/product\/864\/revisions"}],"wp:featuredmedia":[{"embeddable":true,"href":"https:\/\/magoezequias.com.ar\/tienda\/wp-json\/wp\/v2\/media\/865"}],"wp:attachment":[{"href":"https:\/\/magoezequias.com.ar\/tienda\/wp-json\/wp\/v2\/media?parent=864"}],"wp:term":[{"taxonomy":"product_brand","embeddable":true,"href":"https:\/\/magoezequias.com.ar\/tienda\/wp-json\/wp\/v2\/product_brand?post=864"},{"taxonomy":"product_cat","embeddable":true,"href":"https:\/\/magoezequias.com.ar\/tienda\/wp-json\/wp\/v2\/product_cat?post=864"},{"taxonomy":"product_tag","embeddable":true,"href":"https:\/\/magoezequias.com.ar\/tienda\/wp-json\/wp\/v2\/product_tag?post=864"}],"curies":[{"name":"wp","href":"https:\/\/api.w.org\/{rel}","templated":true}]}}