{"id":868,"date":"2017-05-26T00:52:36","date_gmt":"2017-05-26T00:52:36","guid":{"rendered":"https:\/\/magoezequias.com.ar\/tienda\/?post_type=product&#038;p=868"},"modified":"2024-10-24T11:55:25","modified_gmt":"2024-10-24T11:55:25","slug":"bolsa-de-aparicion-de-paloma","status":"publish","type":"product","link":"https:\/\/magoezequias.com.ar\/tienda\/producto\/bolsa-de-aparicion-de-paloma","title":{"rendered":"Bolsa de aparici\u00f3n de paloma"},"content":{"rendered":"<p><a href=\"https:\/\/magoezequias.com.ar\/tienda\/wp-content\/uploads\/2017\/05\/IMG_20170525_203517.jpg\"><img fetchpriority=\"high\" decoding=\"async\" class=\"size-full wp-image-871 aligncenter\" src=\"https:\/\/magoezequias.com.ar\/tienda\/wp-content\/uploads\/2017\/05\/IMG_20170525_203517.jpg\" alt=\"\" width=\"448\" height=\"336\" srcset=\"https:\/\/magoezequias.com.ar\/tienda\/wp-content\/uploads\/2017\/05\/IMG_20170525_203517.jpg 448w, https:\/\/magoezequias.com.ar\/tienda\/wp-content\/uploads\/2017\/05\/IMG_20170525_203517-300x225.jpg 300w\" sizes=\"(max-width: 448px) 100vw, 448px\" \/><\/a><\/p>\n<p>&nbsp;<\/p>\n<p>&nbsp;<\/p>\n<p>&nbsp;<\/p>\n<p>El mago muestra una bolsa completamente vac\u00eda, para ello abre un cierre en la parte de abajo de la bolsa y muestra su interior claramente colocando sus manos dentro de la misma moviendolas de un lado al otro, asegurando que realmente est\u00e1 vac\u00eda.<\/p>\n<p>Luego cierra la bolsa con el cierre por la parte de abajo y por la parte de arriba coloca un pa\u00f1uelo, y tras unos pases m\u00e1gicos hace aparecer de su interior una paloma.<\/p>\n<p>&nbsp;<\/p>\n<p>Muy f\u00e1cil de realizar, m\u00faltiples usos ya que puede hacer aparecer cualquier elemento de su interior.<\/p>\n<p>&nbsp;<\/p>\n<p>&nbsp;<\/p>\n<p>&nbsp;<\/p>\n<p>&nbsp;<\/p>\n","protected":false},"excerpt":{"rendered":"<p>Una bolsa s\u00faper \u00fatil para m\u00faltiples producciones.<\/p>\n","protected":false},"featured_media":871,"comment_status":"open","ping_status":"closed","template":"","meta":[],"product_brand":[],"product_cat":[7,8,9],"product_tag":[192,323],"class_list":{"0":"post-868","1":"product","2":"type-product","3":"status-publish","4":"has-post-thumbnail","6":"product_cat-accesorios","7":"product_cat-infantil","8":"product_cat-salon","9":"product_tag-bolsa","10":"product_tag-paloma","12":"first","13":"outofstock","14":"shipping-taxable","15":"purchasable","16":"product-type-simple"},"aioseo_notices":[],"_links":{"self":[{"href":"https:\/\/magoezequias.com.ar\/tienda\/wp-json\/wp\/v2\/product\/868","targetHints":{"allow":["GET"]}}],"collection":[{"href":"https:\/\/magoezequias.com.ar\/tienda\/wp-json\/wp\/v2\/product"}],"about":[{"href":"https:\/\/magoezequias.com.ar\/tienda\/wp-json\/wp\/v2\/types\/product"}],"replies":[{"embeddable":true,"href":"https:\/\/magoezequias.com.ar\/tienda\/wp-json\/wp\/v2\/comments?post=868"}],"version-history":[{"count":0,"href":"https:\/\/magoezequias.com.ar\/tienda\/wp-json\/wp\/v2\/product\/868\/revisions"}],"wp:featuredmedia":[{"embeddable":true,"href":"https:\/\/magoezequias.com.ar\/tienda\/wp-json\/wp\/v2\/media\/871"}],"wp:attachment":[{"href":"https:\/\/magoezequias.com.ar\/tienda\/wp-json\/wp\/v2\/media?parent=868"}],"wp:term":[{"taxonomy":"product_brand","embeddable":true,"href":"https:\/\/magoezequias.com.ar\/tienda\/wp-json\/wp\/v2\/product_brand?post=868"},{"taxonomy":"product_cat","embeddable":true,"href":"https:\/\/magoezequias.com.ar\/tienda\/wp-json\/wp\/v2\/product_cat?post=868"},{"taxonomy":"product_tag","embeddable":true,"href":"https:\/\/magoezequias.com.ar\/tienda\/wp-json\/wp\/v2\/product_tag?post=868"}],"curies":[{"name":"wp","href":"https:\/\/api.w.org\/{rel}","templated":true}]}}