{"id":876,"date":"2017-05-28T21:50:20","date_gmt":"2017-05-28T21:50:20","guid":{"rendered":"https:\/\/magoezequias.com.ar\/tienda\/?post_type=product&#038;p=876"},"modified":"2019-11-20T01:57:34","modified_gmt":"2019-11-20T01:57:34","slug":"bolsa-de-cambio-doble-con-cierre","status":"publish","type":"product","link":"https:\/\/magoezequias.com.ar\/tienda\/producto\/bolsa-de-cambio-doble-con-cierre","title":{"rendered":"Bolsa de cambio doble con cierre"},"content":{"rendered":"<p style=\"text-align: center;\"><a href=\"https:\/\/magoezequias.com.ar\/tienda\/wp-content\/uploads\/2017\/05\/bolsa-cambio-cierre-doble2.jpg\"><img fetchpriority=\"high\" decoding=\"async\" class=\"size-full wp-image-877 aligncenter\" src=\"https:\/\/magoezequias.com.ar\/tienda\/wp-content\/uploads\/2017\/05\/bolsa-cambio-cierre-doble2.jpg\" alt=\"\" width=\"640\" height=\"458\" srcset=\"https:\/\/magoezequias.com.ar\/tienda\/wp-content\/uploads\/2017\/05\/bolsa-cambio-cierre-doble2.jpg 640w, https:\/\/magoezequias.com.ar\/tienda\/wp-content\/uploads\/2017\/05\/bolsa-cambio-cierre-doble2-300x215.jpg 300w\" sizes=\"(max-width: 640px) 100vw, 640px\" \/><\/a><\/p>\n<p>&nbsp;<\/p>\n<p style=\"line-height: 15.75pt; background: white; vertical-align: baseline; margin: 12.0pt 0cm 12.0pt 0cm;\"><span style=\"font-size: 10.5pt; font-family: Arial; color: #333333;\">Una bolsa de cambios doble de tama\u00f1o mediano, construida en una tela similpana. Uno de los compartimentos tiene un cierre en la parte de abajo para mostrarla totalmente vac\u00eda. <\/span><\/p>\n<p style=\"line-height: 15.75pt; background: white; vertical-align: baseline; margin: 12.0pt 0cm 12.0pt 0cm;\"><span style=\"font-size: 10.5pt; font-family: Arial; color: #333333;\">\u00a0<\/span><\/p>\n<p style=\"line-height: 15.75pt; background: white; vertical-align: baseline; margin: 12.0pt 0cm 12.0pt 0cm;\"><span style=\"font-size: 10.5pt; font-family: Arial; color: #333333;\">El mango es de pl\u00e1stico lo que la hace muy liviana y resistente. Ideal para quienes necesitan cambiar elementos peque\u00f1os como papeletas, billetes o pa\u00f1uelos.<\/span><\/p>\n<p style=\"line-height: 15.75pt; background: white; vertical-align: baseline; outline: 0px; orphans: auto; text-align: start; widows: 1; -webkit-text-stroke-width: 0px; word-spacing: 0px; margin: 12.0pt 0cm 12.0pt 0cm;\"><span style=\"font-size: 10.5pt; font-family: Arial; color: #333333;\">\u00a0<\/span><\/p>\n<p style=\"line-height: 15.75pt; background: white; vertical-align: baseline; margin: 12.0pt 0cm 12.0pt 0cm;\"><span style=\"font-size: 10.5pt; font-family: Arial; color: #333333;\">Un elemento indispensable dentro del arsenal de un mago. Con esta bolsa usted podr\u00e1 hacer apariciones y desapariciones de cualquier objeto, tambi\u00e9n podr\u00e1 realizar transformaciones, introducir pa\u00f1uelos y al sacarlos tendr\u00e1n otro color.<\/span><\/p>\n<p style=\"line-height: 15.75pt; background: white; vertical-align: baseline; margin: 12.0pt 0cm 12.0pt 0cm;\"><span style=\"font-size: 10.5pt; font-family: Arial; color: #333333;\">\u00a0<\/span><\/p>\n<p style=\"line-height: 15.75pt; background: white; vertical-align: baseline; outline: 0px; orphans: auto; text-align: start; widows: 1; -webkit-text-stroke-width: 0px; word-spacing: 0px; margin: 12.0pt 0cm 12.0pt 0cm;\"><span style=\"font-size: 10.5pt; font-family: Arial; color: #333333;\">Tambi\u00e9n podr\u00e1 convertir un pa\u00f1uelo en caramelos, mostrar la bolsa vac\u00eda y que aparezca llena de billetes, colocar dos pa\u00f1uelos separados y que aparezcan anudados, cambiar de color cintas, apariciones, desapariciones, etc.<\/span><\/p>\n<p style=\"line-height: 15.75pt; background: white; vertical-align: baseline; margin: 12.0pt 0cm 12.0pt 0cm;\"><span style=\"font-size: 10.5pt; font-family: Arial; color: #333333;\"><br \/>\nEstas son algunas ideas de las que usted podr\u00e1 realizar con esta maravillosa bolsa, pero su verdadera utilidad solamente est\u00e1 limitada por su imaginaci\u00f3n\u2026<\/span><\/p>\n<p>&nbsp;<\/p>\n<p>La bolsa de cambio es 28cm de largo y 22 cm de ancho. Disponible en color bord\u00f3 y azul.<\/p>\n","protected":false},"excerpt":{"rendered":"<p>Infinidades de efectos podr\u00e1s realizar con \u00e9sta bolsa. Con nuevo dise\u00f1o colores muy llamativos y brillantes.<\/p>\n","protected":false},"featured_media":878,"comment_status":"open","ping_status":"closed","template":"","meta":[],"product_brand":[],"product_cat":[319,7,8,9],"product_tag":[192,193,366,112],"class_list":{"0":"post-876","1":"product","2":"type-product","3":"status-publish","4":"has-post-thumbnail","6":"product_cat-principiantes","7":"product_cat-accesorios","8":"product_cat-infantil","9":"product_cat-salon","10":"product_tag-bolsa","11":"product_tag-cambio","12":"product_tag-cierre","13":"product_tag-doble","15":"first","16":"instock","17":"shipping-taxable","18":"purchasable","19":"product-type-simple"},"aioseo_notices":[],"_links":{"self":[{"href":"https:\/\/magoezequias.com.ar\/tienda\/wp-json\/wp\/v2\/product\/876","targetHints":{"allow":["GET"]}}],"collection":[{"href":"https:\/\/magoezequias.com.ar\/tienda\/wp-json\/wp\/v2\/product"}],"about":[{"href":"https:\/\/magoezequias.com.ar\/tienda\/wp-json\/wp\/v2\/types\/product"}],"replies":[{"embeddable":true,"href":"https:\/\/magoezequias.com.ar\/tienda\/wp-json\/wp\/v2\/comments?post=876"}],"version-history":[{"count":0,"href":"https:\/\/magoezequias.com.ar\/tienda\/wp-json\/wp\/v2\/product\/876\/revisions"}],"wp:featuredmedia":[{"embeddable":true,"href":"https:\/\/magoezequias.com.ar\/tienda\/wp-json\/wp\/v2\/media\/878"}],"wp:attachment":[{"href":"https:\/\/magoezequias.com.ar\/tienda\/wp-json\/wp\/v2\/media?parent=876"}],"wp:term":[{"taxonomy":"product_brand","embeddable":true,"href":"https:\/\/magoezequias.com.ar\/tienda\/wp-json\/wp\/v2\/product_brand?post=876"},{"taxonomy":"product_cat","embeddable":true,"href":"https:\/\/magoezequias.com.ar\/tienda\/wp-json\/wp\/v2\/product_cat?post=876"},{"taxonomy":"product_tag","embeddable":true,"href":"https:\/\/magoezequias.com.ar\/tienda\/wp-json\/wp\/v2\/product_tag?post=876"}],"curies":[{"name":"wp","href":"https:\/\/api.w.org\/{rel}","templated":true}]}}