{"id":916,"date":"2017-06-29T21:22:51","date_gmt":"2017-06-29T21:22:51","guid":{"rendered":"https:\/\/magoezequias.com.ar\/tienda\/?post_type=product&#038;p=916"},"modified":"2019-11-20T01:55:23","modified_gmt":"2019-11-20T01:55:23","slug":"mini-galera-y-blendo","status":"publish","type":"product","link":"https:\/\/magoezequias.com.ar\/tienda\/producto\/mini-galera-y-blendo","title":{"rendered":"Mini galera y blendo"},"content":{"rendered":"<p><a href=\"https:\/\/magoezequias.com.ar\/tienda\/wp-content\/uploads\/2017\/06\/galera-blendo.jpg\"><img fetchpriority=\"high\" decoding=\"async\" class=\"aligncenter size-full wp-image-914\" src=\"https:\/\/magoezequias.com.ar\/tienda\/wp-content\/uploads\/2017\/06\/galera-blendo.jpg\" alt=\"\" width=\"433\" height=\"336\" srcset=\"https:\/\/magoezequias.com.ar\/tienda\/wp-content\/uploads\/2017\/06\/galera-blendo.jpg 433w, https:\/\/magoezequias.com.ar\/tienda\/wp-content\/uploads\/2017\/06\/galera-blendo-300x233.jpg 300w\" sizes=\"(max-width: 433px) 100vw, 433px\" \/><\/a><\/p>\n<p>Una de las presentaciones posibles ser\u00eda, el mago muestra cuatro pa\u00f1uelitos de colores diferentes por separado y los mete dentro de una peque\u00f1a galera.<\/p>\n<p>&nbsp;<\/p>\n<p>Luego da un pase m\u00e1gico y se sacan lo pa\u00f1uelos de la mini galera y se han fusionado m\u00e1gicamente formando un solo pa\u00f1uelo de 4 colores.<\/p>\n<p>Una rutina casi autom\u00e1tica, ideal para llevar siempre encima y realizar en cualquier lugar y situaci\u00f3n.<\/p>\n<p>Tambi\u00e9n puedes utilizar el material recibido en otros efectos<\/p>\n<p>Se entrega todo el material necesario. Pa\u00f1uelos peque\u00f1os de 11 x 11 cm, un blendo de 22 x 22 cm, un accesorio y la mini galera de tela.<\/p>\n","protected":false},"excerpt":{"rendered":"<p>Efecto muy visual y pr\u00e1ctico.<\/p>\n","protected":false},"featured_media":914,"comment_status":"open","ping_status":"closed","template":"","meta":[],"product_brand":[],"product_cat":[8,319],"product_tag":[191,188,375,376],"class_list":{"0":"post-916","1":"product","2":"type-product","3":"status-publish","4":"has-post-thumbnail","6":"product_cat-infantil","7":"product_cat-principiantes","8":"product_tag-blendo","9":"product_tag-galera","10":"product_tag-mini","11":"product_tag-panuelos","13":"first","14":"outofstock","15":"shipping-taxable","16":"purchasable","17":"product-type-simple"},"aioseo_notices":[],"_links":{"self":[{"href":"https:\/\/magoezequias.com.ar\/tienda\/wp-json\/wp\/v2\/product\/916","targetHints":{"allow":["GET"]}}],"collection":[{"href":"https:\/\/magoezequias.com.ar\/tienda\/wp-json\/wp\/v2\/product"}],"about":[{"href":"https:\/\/magoezequias.com.ar\/tienda\/wp-json\/wp\/v2\/types\/product"}],"replies":[{"embeddable":true,"href":"https:\/\/magoezequias.com.ar\/tienda\/wp-json\/wp\/v2\/comments?post=916"}],"version-history":[{"count":0,"href":"https:\/\/magoezequias.com.ar\/tienda\/wp-json\/wp\/v2\/product\/916\/revisions"}],"wp:featuredmedia":[{"embeddable":true,"href":"https:\/\/magoezequias.com.ar\/tienda\/wp-json\/wp\/v2\/media\/914"}],"wp:attachment":[{"href":"https:\/\/magoezequias.com.ar\/tienda\/wp-json\/wp\/v2\/media?parent=916"}],"wp:term":[{"taxonomy":"product_brand","embeddable":true,"href":"https:\/\/magoezequias.com.ar\/tienda\/wp-json\/wp\/v2\/product_brand?post=916"},{"taxonomy":"product_cat","embeddable":true,"href":"https:\/\/magoezequias.com.ar\/tienda\/wp-json\/wp\/v2\/product_cat?post=916"},{"taxonomy":"product_tag","embeddable":true,"href":"https:\/\/magoezequias.com.ar\/tienda\/wp-json\/wp\/v2\/product_tag?post=916"}],"curies":[{"name":"wp","href":"https:\/\/api.w.org\/{rel}","templated":true}]}}