{"id":919,"date":"2017-07-16T15:54:58","date_gmt":"2017-07-16T15:54:58","guid":{"rendered":"https:\/\/magoezequias.com.ar\/tienda\/?post_type=product&#038;p=919"},"modified":"2020-01-21T02:28:34","modified_gmt":"2020-01-21T02:28:34","slug":"cual-es-tu-deporte-preferido","status":"publish","type":"product","link":"https:\/\/magoezequias.com.ar\/tienda\/producto\/cual-es-tu-deporte-preferido","title":{"rendered":"\u00bfCual es t\u00fa deporte preferido?"},"content":{"rendered":"<p><a href=\"https:\/\/magoezequias.com.ar\/tienda\/wp-content\/uploads\/2017\/07\/IMG_20170716_121124.jpg\"><img fetchpriority=\"high\" decoding=\"async\" class=\"wp-image-923 alignleft\" src=\"https:\/\/magoezequias.com.ar\/tienda\/wp-content\/uploads\/2017\/07\/IMG_20170716_121124.jpg\" alt=\"\" width=\"314\" height=\"437\" srcset=\"https:\/\/magoezequias.com.ar\/tienda\/wp-content\/uploads\/2017\/07\/IMG_20170716_121124.jpg 460w, https:\/\/magoezequias.com.ar\/tienda\/wp-content\/uploads\/2017\/07\/IMG_20170716_121124-216x300.jpg 216w\" sizes=\"(max-width: 314px) 100vw, 314px\" \/><\/a><\/p>\n<p>Una rutina, pr\u00e1ctica, muy m\u00e1gica y divertida que se adapta a p\u00fablico infantil o familiar. Ocupa poco lugar en nuestra maleta pero rinde mucho en escena.<\/p>\n<p>El mago le consulta a los ni\u00f1os que deporte les gustar\u00eda practicar cuando sean grandes&#8230; f\u00fatbol, tenis, ciclismo, b\u00e1squet, pat\u00edn, etc.<\/p>\n<p>&nbsp;<\/p>\n<p>&nbsp;<\/p>\n<p>Explica que tiene un libro en el que en cada hoja hay un deportista diferente y muestra las im\u00e1genes.<\/p>\n<p>El mago dice que ya sabe que deporte van a elegir y muestra un sobre con una predicci\u00f3n el cual deja a la vista de todos o entrega a un espectador.<\/p>\n<p>El deporte es elegido completamente al azar y para ello un espectador abre el libro por donde quiera, o el mago pasa p\u00e1ginas hasta que lo detengan. Ese ser\u00e1 el deporte seleccionado.<\/p>\n<p>&nbsp;<\/p>\n<p>El mago toma el sobre y muestra que dentro hab\u00eda una foto que coincide con la del libro.<\/p>\n<p>&nbsp;<\/p>\n<p>Una rutina muy divertida y colorida. Podr\u00e1 usar el libro para otras rutinas. El libro esta impreso en tama\u00f1o A4 con dibujos a todo color y de gran tama\u00f1o para ser visto hasta en escenario.<\/p>\n<p>&nbsp;<\/p>\n<p>Usted recibe el libro trucado, fotos laminadas para la predicci\u00f3n final y explicaciones con la presentaci\u00f3n de la rutina y el manejo de los materiales.<\/p>\n","protected":false},"excerpt":{"rendered":"<p>Una predicci\u00f3n colorida y divertida. Muy f\u00e1cil de hacer y de gran impacto.<\/p>\n","protected":false},"featured_media":923,"comment_status":"open","ping_status":"closed","template":"","meta":[],"product_brand":[],"product_cat":[319,8],"product_tag":[377,335],"class_list":{"0":"post-919","1":"product","2":"type-product","3":"status-publish","4":"has-post-thumbnail","6":"product_cat-principiantes","7":"product_cat-infantil","8":"product_tag-deportes","9":"product_tag-prediccion","11":"first","12":"instock","13":"shipping-taxable","14":"purchasable","15":"product-type-simple"},"aioseo_notices":[],"_links":{"self":[{"href":"https:\/\/magoezequias.com.ar\/tienda\/wp-json\/wp\/v2\/product\/919","targetHints":{"allow":["GET"]}}],"collection":[{"href":"https:\/\/magoezequias.com.ar\/tienda\/wp-json\/wp\/v2\/product"}],"about":[{"href":"https:\/\/magoezequias.com.ar\/tienda\/wp-json\/wp\/v2\/types\/product"}],"replies":[{"embeddable":true,"href":"https:\/\/magoezequias.com.ar\/tienda\/wp-json\/wp\/v2\/comments?post=919"}],"version-history":[{"count":0,"href":"https:\/\/magoezequias.com.ar\/tienda\/wp-json\/wp\/v2\/product\/919\/revisions"}],"wp:featuredmedia":[{"embeddable":true,"href":"https:\/\/magoezequias.com.ar\/tienda\/wp-json\/wp\/v2\/media\/923"}],"wp:attachment":[{"href":"https:\/\/magoezequias.com.ar\/tienda\/wp-json\/wp\/v2\/media?parent=919"}],"wp:term":[{"taxonomy":"product_brand","embeddable":true,"href":"https:\/\/magoezequias.com.ar\/tienda\/wp-json\/wp\/v2\/product_brand?post=919"},{"taxonomy":"product_cat","embeddable":true,"href":"https:\/\/magoezequias.com.ar\/tienda\/wp-json\/wp\/v2\/product_cat?post=919"},{"taxonomy":"product_tag","embeddable":true,"href":"https:\/\/magoezequias.com.ar\/tienda\/wp-json\/wp\/v2\/product_tag?post=919"}],"curies":[{"name":"wp","href":"https:\/\/api.w.org\/{rel}","templated":true}]}}