{"id":925,"date":"2017-07-16T18:03:53","date_gmt":"2017-07-16T18:03:53","guid":{"rendered":"https:\/\/magoezequias.com.ar\/tienda\/?post_type=product&#038;p=925"},"modified":"2022-11-11T02:58:16","modified_gmt":"2022-11-11T02:58:16","slug":"payasos-coloridos","status":"publish","type":"product","link":"https:\/\/magoezequias.com.ar\/tienda\/producto\/payasos-coloridos","title":{"rendered":"Payasos coloridos"},"content":{"rendered":"<p><a href=\"https:\/\/magoezequias.com.ar\/tienda\/wp-content\/uploads\/2017\/07\/IMG_20170716_121230.jpg\"><img fetchpriority=\"high\" decoding=\"async\" class=\"wp-image-922 alignleft\" src=\"https:\/\/magoezequias.com.ar\/tienda\/wp-content\/uploads\/2017\/07\/IMG_20170716_121230.jpg\" alt=\"\" width=\"446\" height=\"290\" srcset=\"https:\/\/magoezequias.com.ar\/tienda\/wp-content\/uploads\/2017\/07\/IMG_20170716_121230.jpg 640w, https:\/\/magoezequias.com.ar\/tienda\/wp-content\/uploads\/2017\/07\/IMG_20170716_121230-300x195.jpg 300w\" sizes=\"(max-width: 446px) 100vw, 446px\" \/><\/a>El mago muestra un dibujo de un payaso en blanco y negro, el cual deja a la vista de todos.<\/p>\n<p>&nbsp;<\/p>\n<p>Luego muestra un bloc con un muchos dibujos del rostro del payaso pero que est\u00e1n divididos en tres partes. Puede formarse una imagen con un color diferente de sombrero, pelo o mo\u00f1o.<\/p>\n<p>&nbsp;<\/p>\n<p>Ahora el mago dice que los espectadores van a crear su propio payaso a partir del bloc de dibujo pasando cada uno de los segmentos de ilustraciones y deteni\u00e9ndose cuando el espectador lo indica o \u00e9l mismo puede tomar cada parte.<\/p>\n<p>&nbsp;<\/p>\n<p>Una imagen al azar de payaso con un color determinado de sombrero, pelo y mo\u00f1o a quedado formada.<\/p>\n<p>&nbsp;<\/p>\n<p>En ese momento el mago gira la foto en blanco y negro, que estuvo siempre a la vista, y hay un payaso combinado exactamente como el seleccionado en el bloc.<\/p>\n<p>&nbsp;<\/p>\n<p>Muy f\u00e1cil de ejecutar, no se requiere ninguna preparaci\u00f3n, cconstruidoen tama\u00f1o A4, muy visual y muy m\u00e1gico<\/p>\n<p>&nbsp;<\/p>\n","protected":false},"excerpt":{"rendered":"<p>Muy f\u00e1cil de ejecutar, no se requiere ninguna preparaci\u00f3n, cconstruidoen tama\u00f1o A4, muy visual y muy m\u00e1gico<\/p>\n","protected":false},"featured_media":924,"comment_status":"open","ping_status":"closed","template":"","meta":[],"product_brand":[],"product_cat":[60,8,319],"product_tag":[379,378],"class_list":{"0":"post-925","1":"product","2":"type-product","3":"status-publish","4":"has-post-thumbnail","6":"product_cat-ezequias-2","7":"product_cat-infantil","8":"product_cat-principiantes","9":"product_tag-coloridos","10":"product_tag-payasos","12":"first","13":"outofstock","14":"shipping-taxable","15":"purchasable","16":"product-type-simple"},"aioseo_notices":[],"_links":{"self":[{"href":"https:\/\/magoezequias.com.ar\/tienda\/wp-json\/wp\/v2\/product\/925","targetHints":{"allow":["GET"]}}],"collection":[{"href":"https:\/\/magoezequias.com.ar\/tienda\/wp-json\/wp\/v2\/product"}],"about":[{"href":"https:\/\/magoezequias.com.ar\/tienda\/wp-json\/wp\/v2\/types\/product"}],"replies":[{"embeddable":true,"href":"https:\/\/magoezequias.com.ar\/tienda\/wp-json\/wp\/v2\/comments?post=925"}],"version-history":[{"count":0,"href":"https:\/\/magoezequias.com.ar\/tienda\/wp-json\/wp\/v2\/product\/925\/revisions"}],"wp:featuredmedia":[{"embeddable":true,"href":"https:\/\/magoezequias.com.ar\/tienda\/wp-json\/wp\/v2\/media\/924"}],"wp:attachment":[{"href":"https:\/\/magoezequias.com.ar\/tienda\/wp-json\/wp\/v2\/media?parent=925"}],"wp:term":[{"taxonomy":"product_brand","embeddable":true,"href":"https:\/\/magoezequias.com.ar\/tienda\/wp-json\/wp\/v2\/product_brand?post=925"},{"taxonomy":"product_cat","embeddable":true,"href":"https:\/\/magoezequias.com.ar\/tienda\/wp-json\/wp\/v2\/product_cat?post=925"},{"taxonomy":"product_tag","embeddable":true,"href":"https:\/\/magoezequias.com.ar\/tienda\/wp-json\/wp\/v2\/product_tag?post=925"}],"curies":[{"name":"wp","href":"https:\/\/api.w.org\/{rel}","templated":true}]}}