{"id":929,"date":"2017-09-14T21:52:48","date_gmt":"2017-09-14T21:52:48","guid":{"rendered":"https:\/\/magoezequias.com.ar\/tienda\/?post_type=product&#038;p=929"},"modified":"2025-03-27T15:24:56","modified_gmt":"2025-03-27T18:24:56","slug":"varita-ezequias","status":"publish","type":"product","link":"https:\/\/magoezequias.com.ar\/tienda\/producto\/varita-ezequias","title":{"rendered":"Varita Ezequ\u00edas"},"content":{"rendered":"<p><a href=\"https:\/\/magoezequias.com.ar\/tienda\/wp-content\/uploads\/2017\/09\/varita-ezequias6.bmp\"><img fetchpriority=\"high\" decoding=\"async\" class=\"aligncenter size-full wp-image-933\" src=\"https:\/\/magoezequias.com.ar\/tienda\/wp-content\/uploads\/2017\/09\/varita-ezequias6.bmp\" alt=\"\" width=\"448\" height=\"167\" \/><\/a><\/p>\n<p>Toda una rutina creada por Ezequ\u00edas Magic en base a un elemento esencial para todo mago su varita m\u00e1gica. Cinco minutos de rutina con humor, sorpresas, interacci\u00f3n y mucha magia.<\/p>\n<p>&nbsp;<\/p>\n<p>&nbsp;<\/p>\n<p>Tres varitas en una!!!! Mire el video y compruebe todo la puesta en escena que puede lograr con ella.<\/p>\n<p>&nbsp;<\/p>\n<p>&nbsp;<\/p>\n<p>Varita Pop \u2013 out: La punta blanca de la varita se caer\u00e1 una y otra vez.<\/p>\n<p>&nbsp;<\/p>\n<p>Varita rebelde: Toda la rutina de la flor rebelde pero ahora ejecutada con una varita m\u00e1gica.<\/p>\n<p>&nbsp;<\/p>\n<p>Varita que crece: Inesperadamente la punta de la varita m\u00e1gica comenzar\u00e1 a crecer doblando el doble del tama\u00f1o original de la varita.<\/p>\n<p>&nbsp;<\/p>\n<p>&nbsp;<\/p>\n","protected":false},"excerpt":{"rendered":"<p>Una varita que es toda una rutina de magia y humor!!!!<\/p>\n","protected":false},"featured_media":934,"comment_status":"open","ping_status":"closed","template":"","meta":[],"product_brand":[],"product_cat":[60,8,319],"product_tag":[17,86],"class_list":{"0":"post-929","1":"product","2":"type-product","3":"status-publish","4":"has-post-thumbnail","6":"product_cat-ezequias-2","7":"product_cat-infantil","8":"product_cat-principiantes","9":"product_tag-ezequias","10":"product_tag-varita","12":"first","13":"instock","14":"shipping-taxable","15":"purchasable","16":"product-type-simple"},"aioseo_notices":[],"_links":{"self":[{"href":"https:\/\/magoezequias.com.ar\/tienda\/wp-json\/wp\/v2\/product\/929","targetHints":{"allow":["GET"]}}],"collection":[{"href":"https:\/\/magoezequias.com.ar\/tienda\/wp-json\/wp\/v2\/product"}],"about":[{"href":"https:\/\/magoezequias.com.ar\/tienda\/wp-json\/wp\/v2\/types\/product"}],"replies":[{"embeddable":true,"href":"https:\/\/magoezequias.com.ar\/tienda\/wp-json\/wp\/v2\/comments?post=929"}],"version-history":[{"count":0,"href":"https:\/\/magoezequias.com.ar\/tienda\/wp-json\/wp\/v2\/product\/929\/revisions"}],"wp:featuredmedia":[{"embeddable":true,"href":"https:\/\/magoezequias.com.ar\/tienda\/wp-json\/wp\/v2\/media\/934"}],"wp:attachment":[{"href":"https:\/\/magoezequias.com.ar\/tienda\/wp-json\/wp\/v2\/media?parent=929"}],"wp:term":[{"taxonomy":"product_brand","embeddable":true,"href":"https:\/\/magoezequias.com.ar\/tienda\/wp-json\/wp\/v2\/product_brand?post=929"},{"taxonomy":"product_cat","embeddable":true,"href":"https:\/\/magoezequias.com.ar\/tienda\/wp-json\/wp\/v2\/product_cat?post=929"},{"taxonomy":"product_tag","embeddable":true,"href":"https:\/\/magoezequias.com.ar\/tienda\/wp-json\/wp\/v2\/product_tag?post=929"}],"curies":[{"name":"wp","href":"https:\/\/api.w.org\/{rel}","templated":true}]}}